{"id":749670,"date":"2025-08-28T04:01:31","date_gmt":"2025-08-28T01:01:31","guid":{"rendered":"https:\/\/roveyayinevi.com.tr\/index.php\/urun\/afrikada-politika-ve-uluslararasi-iliskiler\/"},"modified":"2026-04-16T03:03:08","modified_gmt":"2026-04-16T00:03:08","slug":"afrikada-politika-ve-uluslararasi-iliskiler","status":"publish","type":"product","link":"https:\/\/roveyayinevi.com.tr\/index.php\/urun\/afrikada-politika-ve-uluslararasi-iliskiler\/","title":{"rendered":"Afrika\u2019da Politika ve Uluslararas\u0131 \u0130li\u015fkiler"},"content":{"rendered":"<p>Afrika\u2019da Politika ve Uluslararas\u0131 \u0130li\u015fkiler, Afrika\u2019ya dair \u00f6nemli tart\u0131\u015fmalar\u0131 \u00e7ok disiplinli bir yakla\u015f\u0131mla ele alan derleme bir kitapt\u0131r. Bu kitapla ula\u015fmak istedi\u011fimiz ana hedef gerek akademisyenler, uluslararas\u0131 otoriteler, gerekse medya taraf\u0131ndan tekrarlanan Afrika\u2019ya y\u00f6nelik \u00f6nyarg\u0131lar\u0131n ve basmakal\u0131p yakla\u015f\u0131mlar\u0131n \u00f6tesine ge\u00e7erek Afrika\u2019y\u0131 daha zengin ve yeni bir perspektiften ele almaya \u00e7al\u0131\u015fmakt\u0131r. Ne yaz\u0131k ki, Afrika\u2019ya dair mevcut literat\u00fcr\u00fcn b\u00fcy\u00fck bir b\u00f6l\u00fcm\u00fc, K\u00fcresel Kuzey akademisinin hakimiyetindedir ve bu literat\u00fcrde, s\u00f6m\u00fcrgeci d\u00f6nemden kalma bir\u00e7ok anlay\u0131\u015f yeniden \u00fcretilmektedir.Bu kitapta, k\u0131tadaki farkl\u0131l\u0131klar, zenginlikler ve medeniyetler \u00fczerinden hareket edilerek okuyuculara Afrika\u2019ya farkl\u0131 bir bak\u0131\u015f a\u00e7\u0131s\u0131ndan yakla\u015fman\u0131n m\u00fcmk\u00fcn oldu\u011fu g\u00f6sterilmeye \u00e7al\u0131\u015f\u0131lmaktad\u0131r. Buradan hareketle, ba\u015fta Afrikal\u0131 akademisyenler olmak \u00fczere Afrika konusunda uzman olan uluslararas\u0131 yazarlar\u0131n katk\u0131lar\u0131yla haz\u0131rlanan bu kitap teorik, kurumsal ve g\u00fcncel sorunlar\u0131n ele al\u0131nd\u0131\u011f\u0131 \u00fc\u00e7 tematik b\u00f6l\u00fcmden olu\u015fmaktad\u0131r. Kitab\u0131n, ba\u015fta Uluslararas\u0131 \u0130li\u015fkiler, Afrika \u00c7al\u0131\u015fmalar\u0131 ve B\u00f6lgesel \u00c7al\u0131\u015fmalar alanlar\u0131yla ilgilenen akademisyenler, ara\u015ft\u0131rmac\u0131lar ve \u00f6\u011frenciler olmak \u00fczere, uluslararas\u0131 kurulu\u015flarda, h\u00fck\u00fcmet d\u0131\u015f\u0131 \u00f6rg\u00fctlerde ve devlet kurumlar\u0131ndabu alanlarda \u00e7al\u0131\u015fan ki\u015filer i\u00e7in temel bir kaynak olmas\u0131 ama\u00e7lanm\u0131\u015ft\u0131r. <\/p>\n","protected":false},"excerpt":{"rendered":"<p>Afrika\u2019da Politika ve Uluslararas\u0131 \u0130li\u015fkiler, Afrika\u2019ya dair \u00f6nemli tart\u0131\u015fmalar\u0131 \u00e7ok disiplinli bir yakla\u015f\u0131mla ele alan derleme bir kitapt\u0131r. Bu kitapla ula\u015fmak istedi\u011fimiz ana hedef gerek akademisyenler,<span class=\"excerpt-hellip\"> [\u2026]<\/span><\/p>\n","protected":false},"featured_media":0,"template":"","meta":{"_monsterinsights_skip_tracking":false,"_monsterinsights_sitenote_active":false,"_monsterinsights_sitenote_note":"","_monsterinsights_sitenote_category":0},"product_brand":[],"product_cat":[12337,17225],"product_tag":[],"class_list":{"0":"post-749670","1":"product","2":"type-product","3":"status-publish","5":"product_cat-politika-siyaset","6":"product_cat-uluslararasi-iliskiler","7":"pa_cilt-ciltsiz","8":"pa_tur-kitap","9":"pa_yayinevi-nika-yayinevi","10":"pa_yazar-kolektif","12":"first","13":"instock","14":"sale","15":"shipping-taxable","16":"purchasable","17":"product-type-simple"},"_links":{"self":[{"href":"https:\/\/roveyayinevi.com.tr\/index.php\/wp-json\/wp\/v2\/product\/749670","targetHints":{"allow":["GET"]}}],"collection":[{"href":"https:\/\/roveyayinevi.com.tr\/index.php\/wp-json\/wp\/v2\/product"}],"about":[{"href":"https:\/\/roveyayinevi.com.tr\/index.php\/wp-json\/wp\/v2\/types\/product"}],"wp:attachment":[{"href":"https:\/\/roveyayinevi.com.tr\/index.php\/wp-json\/wp\/v2\/media?parent=749670"}],"wp:term":[{"taxonomy":"product_brand","embeddable":true,"href":"https:\/\/roveyayinevi.com.tr\/index.php\/wp-json\/wp\/v2\/product_brand?post=749670"},{"taxonomy":"product_cat","embeddable":true,"href":"https:\/\/roveyayinevi.com.tr\/index.php\/wp-json\/wp\/v2\/product_cat?post=749670"},{"taxonomy":"product_tag","embeddable":true,"href":"https:\/\/roveyayinevi.com.tr\/index.php\/wp-json\/wp\/v2\/product_tag?post=749670"}],"curies":[{"name":"wp","href":"https:\/\/api.w.org\/{rel}","templated":true}]}}