{"id":749669,"date":"2025-08-28T04:01:29","date_gmt":"2025-08-28T01:01:29","guid":{"rendered":"https:\/\/roveyayinevi.com.tr\/index.php\/urun\/beni-kandiramazsin\/"},"modified":"2025-11-21T09:04:15","modified_gmt":"2025-11-21T06:04:15","slug":"beni-kandiramazsin","status":"publish","type":"product","link":"https:\/\/roveyayinevi.com.tr\/index.php\/urun\/beni-kandiramazsin\/","title":{"rendered":"Beni Kand\u0131ramazs\u0131n"},"content":{"rendered":"<p>Uyan! Ge\u00e7mi\u015f kap\u0131na dayand\u0131&#8230;   Buram buram tutku kokan karanl\u0131k salonlar\u0131 geride b\u0131rakm\u0131\u015f; \u015fimdi iki \u00e7ocu\u011fu, harika bir kocas\u0131 ve konforlu bir hayat\u0131 olmas\u0131na ra\u011fmen yine de eskiye \u00f6zlem duyan bir kad\u0131n\u2026    \u00c7ok yetenekli bir belgesel foto\u011fraf\u00e7\u0131s\u0131yken, k\u0131rkl\u0131 ya\u015flar\u0131n sonunda sahte paparazzilik yapmak zorunda kalan bir adam\u2026   Y\u0131llard\u0131r \u00e7\u00f6zemedi\u011fi tozlu bir dosyan\u0131n izini \u0131srarla s\u00fcren bir dedektif\u2026   Seri cinayetlerin bir araya getirdi\u011fi Megan, Ray ve Broome\u2019un \u00f6n\u00fcnde zor g\u00fcnler vard\u0131r art\u0131k. Hak etti\u011fine inand\u0131\u011f\u0131 adamlar\u0131 \u00f6ld\u00fcren, b\u00f6ylece bu adamlar\u0131n hayatlar\u0131n\u0131 mahvetti\u011fi k\u0131zlara ikinci bir \u015fans tan\u0131d\u0131\u011f\u0131na inanan, kendince do\u011fru sebeplere sahip bu katil, acaba bu \u00fc\u00e7 insan\u0131 alt edip kanl\u0131 maceras\u0131na devam edebilecek midir?<\/p>\n","protected":false},"excerpt":{"rendered":"<p>Uyan! Ge\u00e7mi\u015f kap\u0131na dayand\u0131&#8230; Buram buram tutku kokan karanl\u0131k salonlar\u0131 geride b\u0131rakm\u0131\u015f; \u015fimdi iki \u00e7ocu\u011fu, harika bir kocas\u0131 ve konforlu bir hayat\u0131 olmas\u0131na ra\u011fmen yine de<span class=\"excerpt-hellip\"> [\u2026]<\/span><\/p>\n","protected":false},"featured_media":0,"template":"","meta":{"_monsterinsights_skip_tracking":false,"_monsterinsights_sitenote_active":false,"_monsterinsights_sitenote_note":"","_monsterinsights_sitenote_category":0},"product_brand":[],"product_cat":[12291,15445],"product_tag":[],"class_list":{"0":"post-749669","1":"product","2":"type-product","3":"status-publish","5":"product_cat-edebiyat","6":"product_cat-polisiye","7":"pa_cilt-ciltsiz","8":"pa_tur-kitap","9":"pa_yayinevi-marti-yayinlari","10":"pa_yazar-harlan-coben","12":"first","13":"instock","14":"sale","15":"shipping-taxable","16":"purchasable","17":"product-type-simple"},"_links":{"self":[{"href":"https:\/\/roveyayinevi.com.tr\/index.php\/wp-json\/wp\/v2\/product\/749669","targetHints":{"allow":["GET"]}}],"collection":[{"href":"https:\/\/roveyayinevi.com.tr\/index.php\/wp-json\/wp\/v2\/product"}],"about":[{"href":"https:\/\/roveyayinevi.com.tr\/index.php\/wp-json\/wp\/v2\/types\/product"}],"wp:attachment":[{"href":"https:\/\/roveyayinevi.com.tr\/index.php\/wp-json\/wp\/v2\/media?parent=749669"}],"wp:term":[{"taxonomy":"product_brand","embeddable":true,"href":"https:\/\/roveyayinevi.com.tr\/index.php\/wp-json\/wp\/v2\/product_brand?post=749669"},{"taxonomy":"product_cat","embeddable":true,"href":"https:\/\/roveyayinevi.com.tr\/index.php\/wp-json\/wp\/v2\/product_cat?post=749669"},{"taxonomy":"product_tag","embeddable":true,"href":"https:\/\/roveyayinevi.com.tr\/index.php\/wp-json\/wp\/v2\/product_tag?post=749669"}],"curies":[{"name":"wp","href":"https:\/\/api.w.org\/{rel}","templated":true}]}}