{"id":749667,"date":"2025-08-28T04:01:26","date_gmt":"2025-08-28T01:01:26","guid":{"rendered":"https:\/\/roveyayinevi.com.tr\/index.php\/urun\/comez\/"},"modified":"2026-04-03T03:04:56","modified_gmt":"2026-04-03T00:04:56","slug":"comez","status":"publish","type":"product","link":"https:\/\/roveyayinevi.com.tr\/index.php\/urun\/comez\/","title":{"rendered":"\u00c7\u00f6mez"},"content":{"rendered":"<p>\u201cMucizevi bir edebi hazine, bir zafer.\u201d\u2013 Washington Post\u201cS\u0131rad\u0131\u015f\u0131\u2026 Birka\u00e7 sayfa okuyunca g\u00fcld\u00fcren, bir b\u00f6l\u00fcm okuyunca etkileyen ve bitirdi\u011finiz zaman sizi mahveden bir kitap.\u201d\u2013 Guardian\u201cMahk\u00fbmiyetin ve ba\u015f d\u00f6nd\u00fcr\u00fcc\u00fcl\u00fc\u011f\u00fcn unutulmaz kar\u0131\u015f\u0131m\u0131\u2026 Ender rastlanan ve merak uyand\u0131ran t\u00fcrden.\u201d\u2013 New Yorker Y\u0131l 2003. Ohio\u2019nun Cleveland \u015fehrinde, \u00fcniversitenin birinci s\u0131n\u0131f\u0131nda okuyan kahraman\u0131m\u0131z, Emily ile tan\u0131\u015f\u0131r ve birbirlerine \u00e2\u015f\u0131k olurlar. Ancak se\u00e7ene\u011fi azalan \u00e7o\u011fu gen\u00e7 gibi Irak Sava\u015f\u0131 onu da \u00e7a\u011f\u0131rmaktad\u0131r.Orduya s\u0131hhiyeci olarak kat\u0131lan gen\u00e7 adam, onu bekleyen deh\u015fet verici ger\u00e7ekli\u011fe haz\u0131r de\u011fildir. Sava\u015f\u0131n ortas\u0131nda s\u0131k\u0131lan askerler sigara i\u00e7iyor, bilgisayar temizleme spreyi \u00e7ekiyor, porno izliyordur. Ve bir\u00e7o\u011fu da \u00f6lmektedir. Irak\u2019tan d\u00f6n\u00fcnce, derin bir travma sonras\u0131 stres bozuklu\u011fu ya\u015far, ayr\u0131ca sokaklardaki uyu\u015fturucular da de\u011fi\u015fmi\u015ftir. K\u0131sa s\u00fcrede Emily ile ikisinin eroin m\u00fcptelal\u0131\u011f\u0131 ba\u015flar. Paralar suyunu \u00e7ekince, \u00e7ok iyi oldu\u011funu d\u00fc\u015f\u00fcnd\u00fc\u011f\u00fc bir alana y\u00f6nelir: banka soymak.Nico Walker bu ilk romanda; ya\u015fad\u0131klar\u0131ndan yola \u00e7\u0131karak Amerika gen\u00e7li\u011finin, sava\u015f\u0131n ve ba\u011f\u0131ml\u0131l\u0131\u011f\u0131n t\u00fcm ger\u00e7ekli\u011fini ironi dolu bir dille aktar\u0131yor.<\/p>\n","protected":false},"excerpt":{"rendered":"<p>\u201cMucizevi bir edebi hazine, bir zafer.\u201d\u2013 Washington Post\u201cS\u0131rad\u0131\u015f\u0131\u2026 Birka\u00e7 sayfa okuyunca g\u00fcld\u00fcren, bir b\u00f6l\u00fcm okuyunca etkileyen ve bitirdi\u011finiz zaman sizi mahveden bir kitap.\u201d\u2013 Guardian\u201cMahk\u00fbmiyetin ve ba\u015f<span class=\"excerpt-hellip\"> [\u2026]<\/span><\/p>\n","protected":false},"featured_media":0,"template":"","meta":{"_monsterinsights_skip_tracking":false,"_monsterinsights_sitenote_active":false,"_monsterinsights_sitenote_note":"","_monsterinsights_sitenote_category":0},"product_brand":[],"product_cat":[12291,12711],"product_tag":[],"class_list":{"0":"post-749667","1":"product","2":"type-product","3":"status-publish","5":"product_cat-edebiyat","6":"product_cat-roman-oyku","7":"pa_cilt-ciltsiz","8":"pa_tur-kitap","9":"pa_yayinevi-nemesis-kitap","10":"pa_yazar-nico-walker","12":"first","13":"instock","14":"sale","15":"shipping-taxable","16":"purchasable","17":"product-type-simple"},"_links":{"self":[{"href":"https:\/\/roveyayinevi.com.tr\/index.php\/wp-json\/wp\/v2\/product\/749667","targetHints":{"allow":["GET"]}}],"collection":[{"href":"https:\/\/roveyayinevi.com.tr\/index.php\/wp-json\/wp\/v2\/product"}],"about":[{"href":"https:\/\/roveyayinevi.com.tr\/index.php\/wp-json\/wp\/v2\/types\/product"}],"wp:attachment":[{"href":"https:\/\/roveyayinevi.com.tr\/index.php\/wp-json\/wp\/v2\/media?parent=749667"}],"wp:term":[{"taxonomy":"product_brand","embeddable":true,"href":"https:\/\/roveyayinevi.com.tr\/index.php\/wp-json\/wp\/v2\/product_brand?post=749667"},{"taxonomy":"product_cat","embeddable":true,"href":"https:\/\/roveyayinevi.com.tr\/index.php\/wp-json\/wp\/v2\/product_cat?post=749667"},{"taxonomy":"product_tag","embeddable":true,"href":"https:\/\/roveyayinevi.com.tr\/index.php\/wp-json\/wp\/v2\/product_tag?post=749667"}],"curies":[{"name":"wp","href":"https:\/\/api.w.org\/{rel}","templated":true}]}}