{"id":749665,"date":"2025-08-28T04:01:23","date_gmt":"2025-08-28T01:01:23","guid":{"rendered":"https:\/\/roveyayinevi.com.tr\/index.php\/urun\/icimdeki-firtinam\/"},"modified":"2026-04-16T03:03:08","modified_gmt":"2026-04-16T00:03:08","slug":"icimdeki-firtinam","status":"publish","type":"product","link":"https:\/\/roveyayinevi.com.tr\/index.php\/urun\/icimdeki-firtinam\/","title":{"rendered":"\u0130\u00e7imdeki F\u0131rt\u0131nam"},"content":{"rendered":"<p>Uyumu korumak ve \u00e7at\u0131\u015fmadan ka\u00e7mak ad\u0131na her \u015feyi alttan alan, ne yaparsa yaps\u0131n kabul eden konumdayd\u0131m. Bir s\u00fcre sonra kendi kendime dedim ki: \u201cBen yap\u0131c\u0131y\u0131m, iyimserim ama neden hi\u00e7bir \u015fey d\u00fczelmiyor?\u201d Bedenim ve ruhum bunu hak etmedi, biliyorum. \u00c7ok seven benli\u011fim, sevgisinin hi\u00e7bir kar\u015f\u0131l\u0131\u011f\u0131n\u0131 alamam\u0131\u015f, \u00fczerine bir de ihanette u\u011fram\u0131\u015ft\u0131. Bunu kabullenmek, sindirmek, kelimelere d\u00f6kmek kadar kolay de\u011fildi.  \u201cAh, ke\u015fke!\u201d dedi\u011fim o kadar an\u0131m oldu ki\u2026 \u015eimdi hangisine \u00fcz\u00fclsem, hangi birine \u201cAman bo\u015f ver.\u201d desem, bilmiyorum.<\/p>\n","protected":false},"excerpt":{"rendered":"<p>Uyumu korumak ve \u00e7at\u0131\u015fmadan ka\u00e7mak ad\u0131na her \u015feyi alttan alan, ne yaparsa yaps\u0131n kabul eden konumdayd\u0131m. Bir s\u00fcre sonra kendi kendime dedim ki: \u201cBen yap\u0131c\u0131y\u0131m, iyimserim<span class=\"excerpt-hellip\"> [\u2026]<\/span><\/p>\n","protected":false},"featured_media":0,"template":"","meta":{"_monsterinsights_skip_tracking":false,"_monsterinsights_sitenote_active":false,"_monsterinsights_sitenote_note":"","_monsterinsights_sitenote_category":0},"product_brand":[],"product_cat":[12291,12711],"product_tag":[],"class_list":{"0":"post-749665","1":"product","2":"type-product","3":"status-publish","5":"product_cat-edebiyat","6":"product_cat-roman-oyku","7":"pa_cilt-ciltsiz","8":"pa_tur-kitap","9":"pa_yayinevi-kitap-muptelasi-yayinlari","10":"pa_yazar-kavin-inci-geckil","12":"first","13":"instock","14":"sale","15":"shipping-taxable","16":"purchasable","17":"product-type-simple"},"_links":{"self":[{"href":"https:\/\/roveyayinevi.com.tr\/index.php\/wp-json\/wp\/v2\/product\/749665","targetHints":{"allow":["GET"]}}],"collection":[{"href":"https:\/\/roveyayinevi.com.tr\/index.php\/wp-json\/wp\/v2\/product"}],"about":[{"href":"https:\/\/roveyayinevi.com.tr\/index.php\/wp-json\/wp\/v2\/types\/product"}],"wp:attachment":[{"href":"https:\/\/roveyayinevi.com.tr\/index.php\/wp-json\/wp\/v2\/media?parent=749665"}],"wp:term":[{"taxonomy":"product_brand","embeddable":true,"href":"https:\/\/roveyayinevi.com.tr\/index.php\/wp-json\/wp\/v2\/product_brand?post=749665"},{"taxonomy":"product_cat","embeddable":true,"href":"https:\/\/roveyayinevi.com.tr\/index.php\/wp-json\/wp\/v2\/product_cat?post=749665"},{"taxonomy":"product_tag","embeddable":true,"href":"https:\/\/roveyayinevi.com.tr\/index.php\/wp-json\/wp\/v2\/product_tag?post=749665"}],"curies":[{"name":"wp","href":"https:\/\/api.w.org\/{rel}","templated":true}]}}