{"id":749664,"date":"2025-08-28T04:01:21","date_gmt":"2025-08-28T01:01:21","guid":{"rendered":"https:\/\/roveyayinevi.com.tr\/index.php\/urun\/korkma-istiklal-marsinin-gercek-hikayesi\/"},"modified":"2026-04-16T03:03:08","modified_gmt":"2026-04-16T00:03:08","slug":"korkma-istiklal-marsinin-gercek-hikayesi","status":"publish","type":"product","link":"https:\/\/roveyayinevi.com.tr\/index.php\/urun\/korkma-istiklal-marsinin-gercek-hikayesi\/","title":{"rendered":"Korkma &#8211; \u0130stiklal Mar\u015f\u0131&#8217;n\u0131n Ger\u00e7ek Hikayesi"},"content":{"rendered":"<p>Milli \u015eairimiz, \u015eair-i Muazzama Mehmet Akif\u2019in 1920 y\u0131l\u0131n\u0131n Nisan ay\u0131n\u0131n ilk haftas\u0131ndan 12 Mart 1921 tarihine kadar ge\u00e7en s\u00fcre\u00e7teki Milli M\u00fccadele \u00e7al\u0131\u015fmalar\u0131 ve hayat\u0131 tamamen belgelere dayal\u0131 bir \u015fekilde okuruyla bulu\u015fuyor. Tamam\u0131 ger\u00e7ek karakterler ve tamam\u0131 ger\u00e7ek olaylardan olu\u015fan, Mehmet Akif\u2019in \u0130stiklal m\u00fccadelesini ve \u0130stiklal Mar\u015f\u0131\u2019n\u0131n yaz\u0131l\u0131\u015f s\u00fcrecini anlatan bir tarihi roman. Milli \u015eair\u2019 in Anadolu\u2019daki Milli M\u00fccadele \u00e7al\u0131\u015fmalar\u0131n\u0131, \u0130stiklal Mar\u015f\u0131 yar\u0131\u015fmas\u0131na neden kat\u0131lmad\u0131\u011f\u0131n\u0131, nas\u0131l ikna oldu\u011funu, hangi k\u0131tas\u0131n\u0131 r\u00fcyas\u0131nda yazd\u0131\u011f\u0131n\u0131, hangi k\u0131tas\u0131na \u015fifre koydu\u011funu ve bir\u00e7ok ilki bu romanda okuyacaks\u0131n\u0131z. \u015eair-i Muazzama Mehmet Akif\u2019e minnet, hasret ve \u00f6zlemle&#8230;<\/p>\n","protected":false},"excerpt":{"rendered":"<p>Milli \u015eairimiz, \u015eair-i Muazzama Mehmet Akif\u2019in 1920 y\u0131l\u0131n\u0131n Nisan ay\u0131n\u0131n ilk haftas\u0131ndan 12 Mart 1921 tarihine kadar ge\u00e7en s\u00fcre\u00e7teki Milli M\u00fccadele \u00e7al\u0131\u015fmalar\u0131 ve hayat\u0131 tamamen belgelere<span class=\"excerpt-hellip\"> [\u2026]<\/span><\/p>\n","protected":false},"featured_media":0,"template":"","meta":{"_monsterinsights_skip_tracking":false,"_monsterinsights_sitenote_active":false,"_monsterinsights_sitenote_note":"","_monsterinsights_sitenote_category":0},"product_brand":[],"product_cat":[12291,12745],"product_tag":[],"class_list":{"0":"post-749664","1":"product","2":"type-product","3":"status-publish","5":"product_cat-edebiyat","6":"product_cat-tarihi-roman","7":"pa_cilt-ciltsiz","8":"pa_tur-kitap","9":"pa_yayinevi-kitap-muptelasi-yayinlari","10":"pa_yazar-erdal-arslan","12":"first","13":"instock","14":"sale","15":"shipping-taxable","16":"purchasable","17":"product-type-simple"},"_links":{"self":[{"href":"https:\/\/roveyayinevi.com.tr\/index.php\/wp-json\/wp\/v2\/product\/749664","targetHints":{"allow":["GET"]}}],"collection":[{"href":"https:\/\/roveyayinevi.com.tr\/index.php\/wp-json\/wp\/v2\/product"}],"about":[{"href":"https:\/\/roveyayinevi.com.tr\/index.php\/wp-json\/wp\/v2\/types\/product"}],"wp:attachment":[{"href":"https:\/\/roveyayinevi.com.tr\/index.php\/wp-json\/wp\/v2\/media?parent=749664"}],"wp:term":[{"taxonomy":"product_brand","embeddable":true,"href":"https:\/\/roveyayinevi.com.tr\/index.php\/wp-json\/wp\/v2\/product_brand?post=749664"},{"taxonomy":"product_cat","embeddable":true,"href":"https:\/\/roveyayinevi.com.tr\/index.php\/wp-json\/wp\/v2\/product_cat?post=749664"},{"taxonomy":"product_tag","embeddable":true,"href":"https:\/\/roveyayinevi.com.tr\/index.php\/wp-json\/wp\/v2\/product_tag?post=749664"}],"curies":[{"name":"wp","href":"https:\/\/api.w.org\/{rel}","templated":true}]}}