{"id":749661,"date":"2025-08-28T04:01:16","date_gmt":"2025-08-28T01:01:16","guid":{"rendered":"https:\/\/roveyayinevi.com.tr\/index.php\/urun\/gulsum-ayisigi-cocuk-kitaplari-4-kitap\/"},"modified":"2026-04-16T03:03:08","modified_gmt":"2026-04-16T00:03:08","slug":"gulsum-ayisigi-cocuk-kitaplari-4-kitap","status":"publish","type":"product","link":"https:\/\/roveyayinevi.com.tr\/index.php\/urun\/gulsum-ayisigi-cocuk-kitaplari-4-kitap\/","title":{"rendered":"G\u00fcls\u00fcm Ay\u0131\u015f\u0131\u011f\u0131 \u00c7ocuk Kitaplar\u0131 (4 Kitap)"},"content":{"rendered":"<p>ARKADA\u015eIM B\u0130R HAYALET Nilay normal hayat s\u00fcren bir \u00e7ocuktu. Ta ki bir g\u00fcn hayalet arkada\u015f bulana kadar. Hi\u00e7 beklemedi\u011fi anda hayat\u0131 de\u011fi\u015fen Nilay\u0131n art\u0131k bir g\u00f6revi vard\u0131. Hayalet arkada\u015f\u0131yla cinayetleri \u00e7\u00f6zme g\u00f6reviydi bu. Nilay gibi korkusuzlara bu roman.  1 KED\u0130 1 \u00c7OCUK Hayvanlarda t\u0131pk\u0131 insanlar gibi ya\u015fam hakk\u0131na sahiptirler. K\u00dc\u00c7\u00dcK SU DAMLASI Evren anan\u0131n koynunda g\u00f6ky\u00fcz\u00fc ve yery\u00fcz\u00fc karde\u015ftir.      K\u00dc\u00c7\u00dcK KIZ M\u0130RA VE DEV ADAM \u00c7ocuklar; merak ve heyecan dolu bu kitapta, Mira sizi hayvanlar \u00e2leminde ki maceras\u0131nda birlikte olmaya davet ediyor.  KED\u0130LER\u0130N D\u00dcNYASI &#8211; MAV\u0130\u015e VE A\u0130LES\u0130 Mavi\u015f \u00e7ok atik, \u00e7ok hareketli bir kedi iken okul hayat\u0131 onu tamamen de\u011fi\u015ftirir. Oysa o hiperaktif davran\u0131\u015flar\u0131yla macera dolu bir kediciktir. Mavi\u015f\u2019in macera dolu kitab\u0131n\u0131 okurken \u00e7ok keyif alacaks\u0131n\u0131z \u00e7ocuklar! Mavi\u015f bir g\u00fcn okul bah\u00e7esinde yaln\u0131z g\u00f6rd\u00fc\u011f\u00fc minik siyah beyaz kedinin \u00f6ks\u00fcz oldu\u011funu \u00f6\u011frenince onu ailesine anlat\u0131r ve onu evlat edinmek i\u00e7in ailece karar verirler. Ne g\u00fczel bir \u015feydir yar\u0131m kalan mutluluklar\u0131 tamamlamak.  Bu mutlulu\u011fu okumaya var m\u0131s\u0131n\u0131z?<\/p>\n","protected":false},"excerpt":{"rendered":"<p>ARKADA\u015eIM B\u0130R HAYALET Nilay normal hayat s\u00fcren bir \u00e7ocuktu. Ta ki bir g\u00fcn hayalet arkada\u015f bulana kadar. Hi\u00e7 beklemedi\u011fi anda hayat\u0131 de\u011fi\u015fen Nilay\u0131n art\u0131k bir g\u00f6revi<span class=\"excerpt-hellip\"> [\u2026]<\/span><\/p>\n","protected":false},"featured_media":0,"template":"","meta":{"_monsterinsights_skip_tracking":false,"_monsterinsights_sitenote_active":false,"_monsterinsights_sitenote_note":"","_monsterinsights_sitenote_category":0},"product_brand":[],"product_cat":[12274,12284],"product_tag":[],"class_list":{"0":"post-749661","1":"product","2":"type-product","3":"status-publish","5":"product_cat-cocuk-ve-genclik-kitaplari","6":"product_cat-hikayeler","7":"pa_cilt-ciltsiz","8":"pa_tur-kitap","9":"pa_yayinevi-kitap-muptelasi-yayinlari","10":"pa_yazar-gulsum-ayisigi","12":"first","13":"instock","14":"sale","15":"shipping-taxable","16":"purchasable","17":"product-type-simple"},"_links":{"self":[{"href":"https:\/\/roveyayinevi.com.tr\/index.php\/wp-json\/wp\/v2\/product\/749661","targetHints":{"allow":["GET"]}}],"collection":[{"href":"https:\/\/roveyayinevi.com.tr\/index.php\/wp-json\/wp\/v2\/product"}],"about":[{"href":"https:\/\/roveyayinevi.com.tr\/index.php\/wp-json\/wp\/v2\/types\/product"}],"wp:attachment":[{"href":"https:\/\/roveyayinevi.com.tr\/index.php\/wp-json\/wp\/v2\/media?parent=749661"}],"wp:term":[{"taxonomy":"product_brand","embeddable":true,"href":"https:\/\/roveyayinevi.com.tr\/index.php\/wp-json\/wp\/v2\/product_brand?post=749661"},{"taxonomy":"product_cat","embeddable":true,"href":"https:\/\/roveyayinevi.com.tr\/index.php\/wp-json\/wp\/v2\/product_cat?post=749661"},{"taxonomy":"product_tag","embeddable":true,"href":"https:\/\/roveyayinevi.com.tr\/index.php\/wp-json\/wp\/v2\/product_tag?post=749661"}],"curies":[{"name":"wp","href":"https:\/\/api.w.org\/{rel}","templated":true}]}}