{"id":749659,"date":"2025-08-28T04:01:15","date_gmt":"2025-08-28T01:01:15","guid":{"rendered":"https:\/\/roveyayinevi.com.tr\/index.php\/urun\/mutlulugu-sende-bulan-senindir-otesi-misafir\/"},"modified":"2026-04-13T03:08:42","modified_gmt":"2026-04-13T00:08:42","slug":"mutlulugu-sende-bulan-senindir-otesi-misafir","status":"publish","type":"product","link":"https:\/\/roveyayinevi.com.tr\/index.php\/urun\/mutlulugu-sende-bulan-senindir-otesi-misafir\/","title":{"rendered":"Mutlulu\u011fu Sende Bulan Senindir \u00d6tesi Misafir"},"content":{"rendered":"<p>Kaybetti\u011fin her \u015fey, bir g\u00fcn ba\u015fka bir surette sana geri d\u00f6ner.   Hepimiz eksiliriz zaman zaman, ama kaybetmeyiz asl\u0131nda hi\u00e7bir \u015feyi. Kaybetti\u011fimizi sand\u0131\u011f\u0131m\u0131z her \u015fey, ba\u015fka suretlerdeki kazan\u00e7lar\u0131m\u0131z olarak geri d\u00f6nerler eninde sonunda. Hayat, \u00e7ok daha adil ve \u00e7ok da inceliklidir yapt\u0131\u011f\u0131 hesaplarda. Saniyeler sonra ne olaca\u011f\u0131n\u0131 bilmeden, y\u0131llar sonras\u0131n\u0131n planlar\u0131n\u0131 yap\u0131yoruz. Oysa hayat her zaman s\u00fcrprizlerle doludur yol arkada\u015f\u0131m. Hi\u00e7bir kar\u015f\u0131la\u015fman\u0131n tesad\u00fcf olmad\u0131\u011f\u0131 gibi senin de \u015fu an bu kitab\u0131 eline alman tesad\u00fcf de\u011fil&#8230; Bu sayfalar, kar\u015f\u0131la\u015ft\u0131\u011f\u0131n zorluklarda sana manevi bir \u015fifa say\u0131labilecek, derin ve samimi hik\u00e2yeler i\u00e7eriyor. Umudunu asla kaybetme! Unutma, kalbinde iyilik biriktirenlerin yolu daima a\u00e7\u0131kt\u0131r. *** D\u00fcnya \u00e7ap\u0131nda tan\u0131nan yazar Hakan Meng\u00fc\u00e7\u2019\u00fcn T\u00fcrk\u00e7ede sekiz kitab\u0131 bulunmaktad\u0131r. Besteci ve m\u00fczisyen de olan Meng\u00fc\u00e7\u2019\u00fcn kitaplar\u0131 11 dile \u00e7evrilmi\u015ftir. <\/p>\n","protected":false},"excerpt":{"rendered":"<p>Kaybetti\u011fin her \u015fey, bir g\u00fcn ba\u015fka bir surette sana geri d\u00f6ner. Hepimiz eksiliriz zaman zaman, ama kaybetmeyiz asl\u0131nda hi\u00e7bir \u015feyi. Kaybetti\u011fimizi sand\u0131\u011f\u0131m\u0131z her \u015fey, ba\u015fka suretlerdeki<span class=\"excerpt-hellip\"> [\u2026]<\/span><\/p>\n","protected":false},"featured_media":0,"template":"","meta":{"_monsterinsights_skip_tracking":false,"_monsterinsights_sitenote_active":false,"_monsterinsights_sitenote_note":"","_monsterinsights_sitenote_category":0},"product_brand":[],"product_cat":[12364,12376],"product_tag":[],"class_list":{"0":"post-749659","1":"product","2":"type-product","3":"status-publish","5":"product_cat-genel-konular","6":"product_cat-kisisel-gelisim","7":"pa_cilt-ciltsiz","8":"pa_tur-kitap","9":"pa_yayinevi-destek-yayinlari","10":"pa_yazar-hakan-menguc","12":"first","13":"instock","14":"sale","15":"shipping-taxable","16":"purchasable","17":"product-type-simple"},"_links":{"self":[{"href":"https:\/\/roveyayinevi.com.tr\/index.php\/wp-json\/wp\/v2\/product\/749659","targetHints":{"allow":["GET"]}}],"collection":[{"href":"https:\/\/roveyayinevi.com.tr\/index.php\/wp-json\/wp\/v2\/product"}],"about":[{"href":"https:\/\/roveyayinevi.com.tr\/index.php\/wp-json\/wp\/v2\/types\/product"}],"wp:attachment":[{"href":"https:\/\/roveyayinevi.com.tr\/index.php\/wp-json\/wp\/v2\/media?parent=749659"}],"wp:term":[{"taxonomy":"product_brand","embeddable":true,"href":"https:\/\/roveyayinevi.com.tr\/index.php\/wp-json\/wp\/v2\/product_brand?post=749659"},{"taxonomy":"product_cat","embeddable":true,"href":"https:\/\/roveyayinevi.com.tr\/index.php\/wp-json\/wp\/v2\/product_cat?post=749659"},{"taxonomy":"product_tag","embeddable":true,"href":"https:\/\/roveyayinevi.com.tr\/index.php\/wp-json\/wp\/v2\/product_tag?post=749659"}],"curies":[{"name":"wp","href":"https:\/\/api.w.org\/{rel}","templated":true}]}}