{"id":749656,"date":"2025-08-28T04:01:10","date_gmt":"2025-08-28T01:01:10","guid":{"rendered":"https:\/\/roveyayinevi.com.tr\/index.php\/urun\/hayatina-deger-kat\/"},"modified":"2026-04-08T03:09:16","modified_gmt":"2026-04-08T00:09:16","slug":"hayatina-deger-kat","status":"publish","type":"product","link":"https:\/\/roveyayinevi.com.tr\/index.php\/urun\/hayatina-deger-kat\/","title":{"rendered":"Hayat\u0131na De\u011fer Kat"},"content":{"rendered":"<p>\u201cSadece bir kere ya\u015fars\u0131n, ama do\u011fru \u015fekilde ya\u015farsan, bir kere ya\u015famak yeterlidir\u2026\u201d \u2013 Mae West   Hayat bir yolculuk. Zaman\u0131 durdurmak da m\u00fcmk\u00fcn de\u011fil. Sonsuzluktan sonsuzlu\u011fa uzanan zaman say\u0131lmayacak kadar \u00e7ok an ile dolu. Kimisi iyi kimisi k\u00f6t\u00fc. Sanmay\u0131n ki k\u00f6t\u00fc anlar hep sizden al\u0131yor. Aksine, \u00e7ok ciddi tecr\u00fcbeler veriyor. Hata insana mahsus. Yapt\u0131\u011f\u0131n\u0131z i\u015flerin sonucunda sadece kendinizi de\u011fil ba\u015fkalar\u0131n\u0131 \u00fczd\u00fc\u011f\u00fcn\u00fcz de oluyor. Niyetiniz k\u00f6t\u00fc olmasa bile g\u00f6n\u00fcller k\u0131r\u0131labiliyor.  Ba\u015fkas\u0131n\u0131n yapt\u0131\u011f\u0131ndan bizler de \u00fcz\u00fclebiliriz elbette. Bir kalbe sahip olanlar\u0131n \u00fcz\u00fclmeye kar\u015f\u0131 ba\u011f\u0131\u015f\u0131kl\u0131\u011f\u0131 yok. Ancak \u015funu unutmayal\u0131m: Bu evrende nasibimiz olan tecr\u00fcbe arzu etti\u011fimiz \u015fekilde gelmiyor. \u0130yi anlar\u0131 ya\u015farken \u201cNeden ben?\u201d demiyorsak k\u00f6t\u00fc anlarda da ayn\u0131s\u0131n\u0131 yapal\u0131m. Bakal\u0131m bize neler getirecek? Unutmadan s\u00f6yleyeyim. Bu kitap asla kimseye \u00f6\u011f\u00fct vermiyor. Sadece kendi yapt\u0131\u011f\u0131 hatalardan ders alan, ba\u015fkalar\u0131n\u0131n hatalar\u0131ndan da feyiz alan bir dostunuzum. O kadar. \u0130steyen keyifle okur, isteyen alt\u0131n\u0131 \u00e7izer, k\u0131zan olursa \u00fcst\u00fcn\u00fc \u00e7izsin. \u00d6zg\u00fcr iradeye sayg\u0131m\u0131z sonsuz. Bizden sonraki nesle de bir mesaj\u0131m var: \u201cBizim yapt\u0131\u011f\u0131m\u0131z hatalar\u0131 sak\u0131n tekrarlamay\u0131n, kendi hatalar\u0131n\u0131z\u0131 elbette yapacaks\u0131n\u0131z.\u201d Sizlere g\u00fczel anlar\u0131n hep akl\u0131n\u0131zda kald\u0131\u011f\u0131 bir hayat diliyorum. B\u00f6yle bir hayat, k\u00f6t\u00fc anlar\u0131n da hikmetine varm\u0131\u015f bir hayatt\u0131r mutlaka. Hayat\u0131n\u0131za de\u011fer kat\u0131n Dostlar&#8230; <\/p>\n","protected":false},"excerpt":{"rendered":"<p>\u201cSadece bir kere ya\u015fars\u0131n, ama do\u011fru \u015fekilde ya\u015farsan, bir kere ya\u015famak yeterlidir\u2026\u201d \u2013 Mae West Hayat bir yolculuk. Zaman\u0131 durdurmak da m\u00fcmk\u00fcn de\u011fil. Sonsuzluktan sonsuzlu\u011fa uzanan<span class=\"excerpt-hellip\"> [\u2026]<\/span><\/p>\n","protected":false},"featured_media":0,"template":"","meta":{"_monsterinsights_skip_tracking":false,"_monsterinsights_sitenote_active":false,"_monsterinsights_sitenote_note":"","_monsterinsights_sitenote_category":0},"product_brand":[],"product_cat":[12364,12376],"product_tag":[],"class_list":{"0":"post-749656","1":"product","2":"type-product","3":"status-publish","5":"product_cat-genel-konular","6":"product_cat-kisisel-gelisim","7":"pa_cilt-ciltsiz","8":"pa_tur-kitap","9":"pa_yayinevi-destek-yayinlari","10":"pa_yazar-emre-alkin","12":"first","13":"instock","14":"sale","15":"shipping-taxable","16":"purchasable","17":"product-type-simple"},"_links":{"self":[{"href":"https:\/\/roveyayinevi.com.tr\/index.php\/wp-json\/wp\/v2\/product\/749656","targetHints":{"allow":["GET"]}}],"collection":[{"href":"https:\/\/roveyayinevi.com.tr\/index.php\/wp-json\/wp\/v2\/product"}],"about":[{"href":"https:\/\/roveyayinevi.com.tr\/index.php\/wp-json\/wp\/v2\/types\/product"}],"wp:attachment":[{"href":"https:\/\/roveyayinevi.com.tr\/index.php\/wp-json\/wp\/v2\/media?parent=749656"}],"wp:term":[{"taxonomy":"product_brand","embeddable":true,"href":"https:\/\/roveyayinevi.com.tr\/index.php\/wp-json\/wp\/v2\/product_brand?post=749656"},{"taxonomy":"product_cat","embeddable":true,"href":"https:\/\/roveyayinevi.com.tr\/index.php\/wp-json\/wp\/v2\/product_cat?post=749656"},{"taxonomy":"product_tag","embeddable":true,"href":"https:\/\/roveyayinevi.com.tr\/index.php\/wp-json\/wp\/v2\/product_tag?post=749656"}],"curies":[{"name":"wp","href":"https:\/\/api.w.org\/{rel}","templated":true}]}}