{"id":749655,"date":"2025-08-28T04:01:09","date_gmt":"2025-08-28T01:01:09","guid":{"rendered":"https:\/\/roveyayinevi.com.tr\/index.php\/urun\/agatha-christie-hayatin-ortasinda-olumun-icindeyiz\/"},"modified":"2026-04-16T03:03:08","modified_gmt":"2026-04-16T00:03:08","slug":"agatha-christie-hayatin-ortasinda-olumun-icindeyiz","status":"publish","type":"product","link":"https:\/\/roveyayinevi.com.tr\/index.php\/urun\/agatha-christie-hayatin-ortasinda-olumun-icindeyiz\/","title":{"rendered":"Agatha Christie &#8211; Hayat\u0131n Ortas\u0131nda \u00d6l\u00fcm\u00fcn \u0130\u00e7indeyiz"},"content":{"rendered":"<p>Tek bir tesad\u00fcf sadece tesad\u00fcft\u00fcr, iki tanesi ipucu, \u00fc\u00e7 tanesi ise kan\u0131tt\u0131r.   D\u00fcnyada \u0130ncil\u2019den ve Shakespeare\u2019in eserlerinden sonra kitaplar\u0131 en \u00e7ok satan yazar unvan\u0131n\u0131 elinde bulunduran polisiye yazar\u0131 Agatha Christie, sadece yazd\u0131klar\u0131yla de\u011fil, yazmad\u0131klar\u0131yla ve gizemleriyle h\u00e2l\u00e2 pek \u00e7ok ara\u015ft\u0131rmac\u0131n\u0131n ilgi oda\u011f\u0131nda yer al\u0131yor. Bu kitapta \u00fcnl\u00fc yazar\u0131n bilinenlerinden ziyade, gizemlerinin i\u00e7inde seyahat ediyor olacaks\u0131n\u0131z. \u00dcstelik b\u00fcy\u00fcl\u00fc bir sokakta bulunan Ak\u00e7aa\u011fa\u00e7 K\u00f6\u015fk\u00fc\u2019nde, y\u0131lba\u015f\u0131 gecesi ger\u00e7ekle\u015fen bir cinayetin izlerini de s\u00fcreceksiniz. Agatha Christie\u2019nin ba\u015frolde oldu\u011fu yerli bir biyografik polisiye okumu\u015f muydunuz daha \u00f6nce? O halde bu hem ilk hem de unutulmaz bir deneyim olacak sizin i\u00e7in&#8230; <\/p>\n","protected":false},"excerpt":{"rendered":"<p>Tek bir tesad\u00fcf sadece tesad\u00fcft\u00fcr, iki tanesi ipucu, \u00fc\u00e7 tanesi ise kan\u0131tt\u0131r. D\u00fcnyada \u0130ncil\u2019den ve Shakespeare\u2019in eserlerinden sonra kitaplar\u0131 en \u00e7ok satan yazar unvan\u0131n\u0131 elinde bulunduran<span class=\"excerpt-hellip\"> [\u2026]<\/span><\/p>\n","protected":false},"featured_media":0,"template":"","meta":{"_monsterinsights_skip_tracking":false,"_monsterinsights_sitenote_active":false,"_monsterinsights_sitenote_note":"","_monsterinsights_sitenote_category":0},"product_brand":[],"product_cat":[14009,12291],"product_tag":[],"class_list":{"0":"post-749655","1":"product","2":"type-product","3":"status-publish","5":"product_cat-biyografi-otobiyografi-edebiyat","6":"product_cat-edebiyat","7":"pa_cilt-ciltsiz","8":"pa_tur-kitap","9":"pa_yayinevi-destek-yayinlari","10":"pa_yazar-ayse-ayhan-demir","12":"first","13":"instock","14":"sale","15":"shipping-taxable","16":"purchasable","17":"product-type-simple"},"_links":{"self":[{"href":"https:\/\/roveyayinevi.com.tr\/index.php\/wp-json\/wp\/v2\/product\/749655","targetHints":{"allow":["GET"]}}],"collection":[{"href":"https:\/\/roveyayinevi.com.tr\/index.php\/wp-json\/wp\/v2\/product"}],"about":[{"href":"https:\/\/roveyayinevi.com.tr\/index.php\/wp-json\/wp\/v2\/types\/product"}],"wp:attachment":[{"href":"https:\/\/roveyayinevi.com.tr\/index.php\/wp-json\/wp\/v2\/media?parent=749655"}],"wp:term":[{"taxonomy":"product_brand","embeddable":true,"href":"https:\/\/roveyayinevi.com.tr\/index.php\/wp-json\/wp\/v2\/product_brand?post=749655"},{"taxonomy":"product_cat","embeddable":true,"href":"https:\/\/roveyayinevi.com.tr\/index.php\/wp-json\/wp\/v2\/product_cat?post=749655"},{"taxonomy":"product_tag","embeddable":true,"href":"https:\/\/roveyayinevi.com.tr\/index.php\/wp-json\/wp\/v2\/product_tag?post=749655"}],"curies":[{"name":"wp","href":"https:\/\/api.w.org\/{rel}","templated":true}]}}