{"id":749651,"date":"2025-08-28T04:01:02","date_gmt":"2025-08-28T01:01:02","guid":{"rendered":"https:\/\/roveyayinevi.com.tr\/index.php\/urun\/dort-bin-hafta-olumluler-icin-zaman-yonetimi\/"},"modified":"2026-04-03T03:04:55","modified_gmt":"2026-04-03T00:04:55","slug":"dort-bin-hafta-olumluler-icin-zaman-yonetimi","status":"publish","type":"product","link":"https:\/\/roveyayinevi.com.tr\/index.php\/urun\/dort-bin-hafta-olumluler-icin-zaman-yonetimi\/","title":{"rendered":"D\u00f6rt Bin Hafta \u00d6l\u00fcml\u00fcler \u0130\u00e7in Zaman Y\u00f6netimi"},"content":{"rendered":"<p>Ortalama insan \u00f6mr\u00fc hem sa\u00e7ma bir \u015fekilde hem de a\u015f\u0131r\u0131 derecede k\u0131sad\u0131r: 80 ya\u015f\u0131na kadar ya\u015farsan\u0131z, d\u00fcnyada yakla\u015f\u0131k d\u00f6rt bin haftan\u0131z vard\u0131r. D\u00f6rt bin haftay\u0131 en iyi nas\u0131l kullanmal\u0131y\u0131z? Elbette kimsenin zaman\u0131n yeterli olmad\u0131\u011f\u0131n\u0131 s\u00f6ylemesine gerek yok. Uzayan yap\u0131lacaklar listelerimiz, a\u015f\u0131r\u0131 dolu mail kutular\u0131m\u0131z, dikkatimizin da\u011f\u0131lmas\u0131na kar\u015f\u0131 m\u00fccadelemiz ve dikkat s\u00fcremizin k\u0131sald\u0131\u011f\u0131 hissine tak\u0131nt\u0131l\u0131y\u0131zd\u0131r; yine de bu sorunlar\u0131n asl\u0131nda s\u0131n\u0131rl\u0131 hayat\u0131m\u0131z\u0131 nas\u0131l y\u00f6netece\u011fimize dair bir zaman y\u00f6netimi probleminden kaynakland\u0131\u011f\u0131n\u0131 nadiren d\u00fc\u015f\u00fcn\u00fcr\u00fcz. D\u00f6rt Bin Hafta, zamanla olan m\u00fccadelemizin ge\u00e7mi\u015fini, bug\u00fcn\u00fcn\u00fc ve gelece\u011fini kapsayacak bir \u015fekilde felsefe, edebiyat ve psikolojiden yararlanarak harmanlayan, heyecan uyand\u0131r\u0131c\u0131, s\u00fcr\u00fckleyici ve son derece ger\u00e7ek\u00e7i bir ara\u015ft\u0131rma. Pratik ipu\u00e7lar\u0131n\u0131n \u00e7ok daha \u00f6tesinde, zaman alg\u0131m\u0131z\u0131 d\u00f6n\u00fc\u015ft\u00fcrecek e\u015fsiz bir perspektif sunmaktad\u0131r. Antik filozoflar\u0131n, rahiplerin, sanat\u00e7\u0131lar\u0131n ve yazarlar\u0131n, \u0130skandinav sosyal reformcular\u0131n, Budist teknoloji uzmanlar\u0131n\u0131n bak\u0131\u015f a\u00e7\u0131s\u0131ndan yararlanan Oliver Burkeman, zamanla ili\u015fkimizi yeniden d\u00fczenlemeyi ve bizi alelade zaman anlay\u0131\u015f\u0131n\u0131n pen\u00e7esinden kurtarmay\u0131 hedefliyor.<\/p>\n","protected":false},"excerpt":{"rendered":"<p>Ortalama insan \u00f6mr\u00fc hem sa\u00e7ma bir \u015fekilde hem de a\u015f\u0131r\u0131 derecede k\u0131sad\u0131r: 80 ya\u015f\u0131na kadar ya\u015farsan\u0131z, d\u00fcnyada yakla\u015f\u0131k d\u00f6rt bin haftan\u0131z vard\u0131r. D\u00f6rt bin haftay\u0131 en<span class=\"excerpt-hellip\"> [\u2026]<\/span><\/p>\n","protected":false},"featured_media":0,"template":"","meta":{"_monsterinsights_skip_tracking":false,"_monsterinsights_sitenote_active":false,"_monsterinsights_sitenote_note":"","_monsterinsights_sitenote_category":0},"product_brand":[],"product_cat":[12364,12376],"product_tag":[],"class_list":{"0":"post-749651","1":"product","2":"type-product","3":"status-publish","5":"product_cat-genel-konular","6":"product_cat-kisisel-gelisim","7":"pa_cilt-ciltsiz","8":"pa_tur-kitap","9":"pa_yayinevi-epsilon-yayinlari","10":"pa_yazar-oliver-burkeman","12":"first","13":"instock","14":"sale","15":"shipping-taxable","16":"purchasable","17":"product-type-simple"},"_links":{"self":[{"href":"https:\/\/roveyayinevi.com.tr\/index.php\/wp-json\/wp\/v2\/product\/749651","targetHints":{"allow":["GET"]}}],"collection":[{"href":"https:\/\/roveyayinevi.com.tr\/index.php\/wp-json\/wp\/v2\/product"}],"about":[{"href":"https:\/\/roveyayinevi.com.tr\/index.php\/wp-json\/wp\/v2\/types\/product"}],"wp:attachment":[{"href":"https:\/\/roveyayinevi.com.tr\/index.php\/wp-json\/wp\/v2\/media?parent=749651"}],"wp:term":[{"taxonomy":"product_brand","embeddable":true,"href":"https:\/\/roveyayinevi.com.tr\/index.php\/wp-json\/wp\/v2\/product_brand?post=749651"},{"taxonomy":"product_cat","embeddable":true,"href":"https:\/\/roveyayinevi.com.tr\/index.php\/wp-json\/wp\/v2\/product_cat?post=749651"},{"taxonomy":"product_tag","embeddable":true,"href":"https:\/\/roveyayinevi.com.tr\/index.php\/wp-json\/wp\/v2\/product_tag?post=749651"}],"curies":[{"name":"wp","href":"https:\/\/api.w.org\/{rel}","templated":true}]}}