{"id":749648,"date":"2025-08-28T04:00:58","date_gmt":"2025-08-28T01:00:58","guid":{"rendered":"https:\/\/roveyayinevi.com.tr\/index.php\/urun\/uluslararasi-iliskilerin-ustalari-siyasete-yon-verenlerin-gozunden-dunya-meseleleri\/"},"modified":"2026-04-16T03:03:08","modified_gmt":"2026-04-16T00:03:08","slug":"uluslararasi-iliskilerin-ustalari-siyasete-yon-verenlerin-gozunden-dunya-meseleleri","status":"publish","type":"product","link":"https:\/\/roveyayinevi.com.tr\/index.php\/urun\/uluslararasi-iliskilerin-ustalari-siyasete-yon-verenlerin-gozunden-dunya-meseleleri\/","title":{"rendered":"Uluslararas\u0131 \u0130li\u015fkilerin Ustalar\u0131 \u2013 Siyasete Y\u00f6n Verenlerin G\u00f6z\u00fcnden D\u00fcnya Meseleleri"},"content":{"rendered":"<p>Liberal demokrasilerin ve uluslararas\u0131 d\u00fczenin gelece\u011fi mali krizlerden, otoriter tehditlerden ve ka\u00e7\u0131n\u0131lmaz teknolojik geli\u015fmelerden nas\u0131l etkilendi?   Sol bu gelece\u011fe dair \u00f6zg\u00fcn bir kar\u015f\u0131 anlat\u0131 geli\u015ftirmekte neden zay\u0131f kal\u0131yor?   ABD bir gerileme ve \u00e7\u00fcr\u00fcme s\u00fcrecinde mi?   \u0130ran\u2019\u0131n n\u00fckleer silah edinmesi k\u00fcresel bar\u0131\u015f\u0131 tehlikeye mi d\u00fc\u015f\u00fcr\u00fcr, yoksa Ortado\u011fu\u2019ya istikrar m\u0131 getirir?   ABD bu s\u00fcreci tehditler ve vaatler dengesine dayanan bir stratejiyle kontrol edebilir mi?   So\u011fuk Sava\u015f\u2019\u0131n tarihinden al\u0131nmas\u0131 gereken dersler bu stratejilerin belirlenmesinde yol g\u00f6sterici olur mu?   \u0130nsani yard\u0131m g\u00f6n\u00fcl i\u015fi mi, g\u00f6rev mi, yoksa her ikisi birden mi?   Din ve parti siyasetinin i\u00e7 i\u00e7e ge\u00e7mesi insanlar\u0131 dinden uzakla\u015ft\u0131r\u0131yor mu?    Uluslararas\u0131 ili\u015fkiler alan\u0131na y\u00f6n veren Fukuyama, Walzer, Zakaria, Waltz, Jervis gibi b\u00fcy\u00fck isimler bu  kitapta k\u00fcreselle\u015fme, tarihin sonu, n\u00fckleer silahlanma, \u0130ran sorunu, Amerikan m\u00fcdahalecili\u011fi, b\u00fcy\u00fcyen \u00c7in tehdidi ve hepimizi ilgilendiren daha nice g\u00fcncel meseleyi ele al\u0131yorlar. \u00c7a\u011fda\u015f uluslararas\u0131 siyasetin kafa kar\u0131\u015ft\u0131r\u0131c\u0131 labirentlerinde yolunu kaybetmemek isteyen herkese kolay anla\u015f\u0131l\u0131r bir yol haritas\u0131 sunuyorlar.<\/p>\n","protected":false},"excerpt":{"rendered":"<p>Liberal demokrasilerin ve uluslararas\u0131 d\u00fczenin gelece\u011fi mali krizlerden, otoriter tehditlerden ve ka\u00e7\u0131n\u0131lmaz teknolojik geli\u015fmelerden nas\u0131l etkilendi? Sol bu gelece\u011fe dair \u00f6zg\u00fcn bir kar\u015f\u0131 anlat\u0131 geli\u015ftirmekte neden<span class=\"excerpt-hellip\"> [\u2026]<\/span><\/p>\n","protected":false},"featured_media":0,"template":"","meta":{"_monsterinsights_skip_tracking":false,"_monsterinsights_sitenote_active":false,"_monsterinsights_sitenote_note":"","_monsterinsights_sitenote_category":0},"product_brand":[],"product_cat":[12337],"product_tag":[],"class_list":{"0":"post-749648","1":"product","2":"type-product","3":"status-publish","5":"product_cat-politika-siyaset","6":"pa_cilt-ciltsiz","7":"pa_tur-kitap","8":"pa_yayinevi-fol-kitap","9":"pa_yazar-kolektif","11":"first","12":"instock","13":"sale","14":"shipping-taxable","15":"purchasable","16":"product-type-simple"},"_links":{"self":[{"href":"https:\/\/roveyayinevi.com.tr\/index.php\/wp-json\/wp\/v2\/product\/749648","targetHints":{"allow":["GET"]}}],"collection":[{"href":"https:\/\/roveyayinevi.com.tr\/index.php\/wp-json\/wp\/v2\/product"}],"about":[{"href":"https:\/\/roveyayinevi.com.tr\/index.php\/wp-json\/wp\/v2\/types\/product"}],"wp:attachment":[{"href":"https:\/\/roveyayinevi.com.tr\/index.php\/wp-json\/wp\/v2\/media?parent=749648"}],"wp:term":[{"taxonomy":"product_brand","embeddable":true,"href":"https:\/\/roveyayinevi.com.tr\/index.php\/wp-json\/wp\/v2\/product_brand?post=749648"},{"taxonomy":"product_cat","embeddable":true,"href":"https:\/\/roveyayinevi.com.tr\/index.php\/wp-json\/wp\/v2\/product_cat?post=749648"},{"taxonomy":"product_tag","embeddable":true,"href":"https:\/\/roveyayinevi.com.tr\/index.php\/wp-json\/wp\/v2\/product_tag?post=749648"}],"curies":[{"name":"wp","href":"https:\/\/api.w.org\/{rel}","templated":true}]}}