{"id":749642,"date":"2025-08-28T04:00:53","date_gmt":"2025-08-28T01:00:53","guid":{"rendered":"https:\/\/roveyayinevi.com.tr\/index.php\/urun\/che-intihar-etti\/"},"modified":"2026-04-16T03:03:07","modified_gmt":"2026-04-16T00:03:07","slug":"che-intihar-etti","status":"publish","type":"product","link":"https:\/\/roveyayinevi.com.tr\/index.php\/urun\/che-intihar-etti\/","title":{"rendered":"Che \u0130ntihar Etti"},"content":{"rendered":"<p>Komiser Kostas Haritos son davas\u0131n\u0131n ard\u0131ndan zar zor hayata tutunmu\u015ftur. Hastanede ge\u00e7irdi\u011fi \u00fc\u00e7 haftan\u0131n ard\u0131ndan kar\u0131s\u0131 Adriani t\u00fcm kontrol\u00fc elinde tutmaktad\u0131r fakat evde oturmaktan s\u0131k\u0131lm\u0131\u015f ve huysuzlanmaya ba\u015flam\u0131\u015ft\u0131r. Hayat\u0131 ne yiyip ne i\u00e7ece\u011fi ya da bilgi yar\u0131\u015fmas\u0131 m\u0131 yoksa televizyon dizisi mi izleyece\u011fi se\u00e7eneklerine indirgenmi\u015ftir. Bir de elbette ak\u015fam haberleri\u2026 Ama sonra herkes i\u00e7in korkun\u00e7, onun i\u00e7inse heyecan verici bir \u015fey olur; Bir canl\u0131 yay\u0131n\u0131n ortas\u0131nda \u00fclke \u00e7ap\u0131nda tan\u0131nan bir m\u00fcteahhit tabancas\u0131n\u0131 \u00e7\u0131kar\u0131r ve kameralar\u0131n \u00f6n\u00fcnde intihar eder.  Cunta d\u00f6neminde i\u015fkence g\u00f6r\u00fcp hapis yatm\u0131\u015f ve sonradan i\u015f hayat\u0131na at\u0131lm\u0131\u015f eski solculardan baz\u0131lar\u0131 teker teker intihar etmeye ba\u015flar. Bu olaylar Komiser Haritos i\u00e7in ila\u00e7 gibidir \u00e7\u00fcnk\u00fc art\u0131k iyile\u015fti\u011fine inanc\u0131 tamd\u0131r ve i\u015fine d\u00f6nmek i\u00e7in \u00e7ok iyi bir zamanlamad\u0131r. Yoklu\u011funda yerine getirdikleri dedektifi alt etmeli ve t\u00fcm Yunanistan\u2019a ya\u015fl\u0131 Haritos\u2019un bu kadar kolay g\u00f6zden \u00e7\u0131kar\u0131lamayaca\u011f\u0131n\u0131 g\u00f6stermelidir. \u201cOlimpiyat standartlar\u0131nda bir gerilim.\u201d \u2013Boyd Tonkin, The Independent \u201cPetros Markaris Akdeniz polisiyesi denince Avrupa\u2019da ilk akla gelen isimlerden. Yaratt\u0131\u011f\u0131 komiser Kostas Haritos karakteri basit bir hafiyelikten \u00f6te siyasi mesajlar da veriyor ve romanlar\u0131nda toplumdaki yozla\u015fma \u00fczerinde s\u0131k\u00e7a duruyor.\u201d \u2013K\u00fcr\u015fad O\u011fuz<\/p>\n","protected":false},"excerpt":{"rendered":"<p>Komiser Kostas Haritos son davas\u0131n\u0131n ard\u0131ndan zar zor hayata tutunmu\u015ftur. Hastanede ge\u00e7irdi\u011fi \u00fc\u00e7 haftan\u0131n ard\u0131ndan kar\u0131s\u0131 Adriani t\u00fcm kontrol\u00fc elinde tutmaktad\u0131r fakat evde oturmaktan s\u0131k\u0131lm\u0131\u015f ve<span class=\"excerpt-hellip\"> [\u2026]<\/span><\/p>\n","protected":false},"featured_media":0,"template":"","meta":{"_monsterinsights_skip_tracking":false,"_monsterinsights_sitenote_active":false,"_monsterinsights_sitenote_note":"","_monsterinsights_sitenote_category":0},"product_brand":[],"product_cat":[12291,15445],"product_tag":[],"class_list":{"0":"post-749642","1":"product","2":"type-product","3":"status-publish","5":"product_cat-edebiyat","6":"product_cat-polisiye","7":"pa_cilt-ciltsiz","8":"pa_tur-kitap","9":"pa_yayinevi-alfa-yayinlari","10":"pa_yazar-petros-markaris","12":"first","13":"instock","14":"sale","15":"shipping-taxable","16":"purchasable","17":"product-type-simple"},"_links":{"self":[{"href":"https:\/\/roveyayinevi.com.tr\/index.php\/wp-json\/wp\/v2\/product\/749642","targetHints":{"allow":["GET"]}}],"collection":[{"href":"https:\/\/roveyayinevi.com.tr\/index.php\/wp-json\/wp\/v2\/product"}],"about":[{"href":"https:\/\/roveyayinevi.com.tr\/index.php\/wp-json\/wp\/v2\/types\/product"}],"wp:attachment":[{"href":"https:\/\/roveyayinevi.com.tr\/index.php\/wp-json\/wp\/v2\/media?parent=749642"}],"wp:term":[{"taxonomy":"product_brand","embeddable":true,"href":"https:\/\/roveyayinevi.com.tr\/index.php\/wp-json\/wp\/v2\/product_brand?post=749642"},{"taxonomy":"product_cat","embeddable":true,"href":"https:\/\/roveyayinevi.com.tr\/index.php\/wp-json\/wp\/v2\/product_cat?post=749642"},{"taxonomy":"product_tag","embeddable":true,"href":"https:\/\/roveyayinevi.com.tr\/index.php\/wp-json\/wp\/v2\/product_tag?post=749642"}],"curies":[{"name":"wp","href":"https:\/\/api.w.org\/{rel}","templated":true}]}}