{"id":749641,"date":"2025-08-28T04:00:52","date_gmt":"2025-08-28T01:00:52","guid":{"rendered":"https:\/\/roveyayinevi.com.tr\/index.php\/urun\/ilkcag-felsefe-tarihi-serisi-5-kitap-takim\/"},"modified":"2026-04-16T03:03:07","modified_gmt":"2026-04-16T00:03:07","slug":"ilkcag-felsefe-tarihi-serisi-5-kitap-takim","status":"publish","type":"product","link":"https:\/\/roveyayinevi.com.tr\/index.php\/urun\/ilkcag-felsefe-tarihi-serisi-5-kitap-takim\/","title":{"rendered":"\u0130lk\u00e7a\u011f Felsefe Tarihi Serisi &#8211; 5 Kitap Tak\u0131m"},"content":{"rendered":"<p>Set i\u00e7eri\u011fi:\u0130lk\u00e7a\u011f Felsefe Tarihi 1\u0130lk\u00e7a\u011f Felsefe Tarihi 2\u0130lk\u00e7a\u011f Felsefe Tarihi 3\u0130lk\u00e7a\u011f Felsefe Tarihi 4\u0130lk\u00e7a\u011f Felsefe Tarihi 5<\/p>\n","protected":false},"excerpt":{"rendered":"<p>Set i\u00e7eri\u011fi:\u0130lk\u00e7a\u011f Felsefe Tarihi 1\u0130lk\u00e7a\u011f Felsefe Tarihi 2\u0130lk\u00e7a\u011f Felsefe Tarihi 3\u0130lk\u00e7a\u011f Felsefe Tarihi 4\u0130lk\u00e7a\u011f Felsefe Tarihi 5<\/p>\n","protected":false},"featured_media":0,"template":"","meta":{"_monsterinsights_skip_tracking":false,"_monsterinsights_sitenote_active":false,"_monsterinsights_sitenote_note":"","_monsterinsights_sitenote_category":0},"product_brand":[],"product_cat":[12388,14717],"product_tag":[],"class_list":{"0":"post-749641","1":"product","2":"type-product","3":"status-publish","5":"product_cat-felsefe","6":"product_cat-felsefe-tarihi","7":"pa_cilt-set","8":"pa_tur-kitap","9":"pa_yayinevi-alfa-yayinlari","10":"pa_yazar-ahmet-arslan","12":"first","13":"instock","14":"sale","15":"shipping-taxable","16":"purchasable","17":"product-type-simple"},"_links":{"self":[{"href":"https:\/\/roveyayinevi.com.tr\/index.php\/wp-json\/wp\/v2\/product\/749641","targetHints":{"allow":["GET"]}}],"collection":[{"href":"https:\/\/roveyayinevi.com.tr\/index.php\/wp-json\/wp\/v2\/product"}],"about":[{"href":"https:\/\/roveyayinevi.com.tr\/index.php\/wp-json\/wp\/v2\/types\/product"}],"wp:attachment":[{"href":"https:\/\/roveyayinevi.com.tr\/index.php\/wp-json\/wp\/v2\/media?parent=749641"}],"wp:term":[{"taxonomy":"product_brand","embeddable":true,"href":"https:\/\/roveyayinevi.com.tr\/index.php\/wp-json\/wp\/v2\/product_brand?post=749641"},{"taxonomy":"product_cat","embeddable":true,"href":"https:\/\/roveyayinevi.com.tr\/index.php\/wp-json\/wp\/v2\/product_cat?post=749641"},{"taxonomy":"product_tag","embeddable":true,"href":"https:\/\/roveyayinevi.com.tr\/index.php\/wp-json\/wp\/v2\/product_tag?post=749641"}],"curies":[{"name":"wp","href":"https:\/\/api.w.org\/{rel}","templated":true}]}}