{"id":749639,"date":"2025-08-28T04:00:49","date_gmt":"2025-08-28T01:00:49","guid":{"rendered":"https:\/\/roveyayinevi.com.tr\/index.php\/urun\/kendini-unutulmaz-kil\/"},"modified":"2026-04-16T03:03:07","modified_gmt":"2026-04-16T00:03:07","slug":"kendini-unutulmaz-kil","status":"publish","type":"product","link":"https:\/\/roveyayinevi.com.tr\/index.php\/urun\/kendini-unutulmaz-kil\/","title":{"rendered":"Kendini Unutulmaz K\u0131l"},"content":{"rendered":"<p>\u0130lk yay\u0131mland\u0131\u011f\u0131 tarihten itibaren milyonlarca satan en \u00fcnl\u00fc kitab\u0131 Dost Kazanma ve \u0130nsanlar\u0131 Etkileme Sanat\u0131\u2019n\u0131n yazar\u0131 Dale Carnegie\u2019nin kurdu\u011fu ABD&#8217;nin tamam\u0131nda ve seksenden fazla \u00fclkede yirmi be\u015ften fazla dilde e\u011fitim veren Dale Carnegie Akademi&#8217;nin kolektif \u00e7al\u0131\u015fmas\u0131 olan bu kitapla \u201cklas\u201d\u0131 \u2013insanlar\u0131 ger\u00e7ekten unutulmaz k\u0131lan o benzersiz enerjiyi\u2013 tan\u0131yacak ve ayr\u0131ca hayat\u0131n\u0131z\u0131n her alan\u0131nda \u201cklas sahibi\u201d biri olman\u0131n yollar\u0131n\u0131 ke\u015ffedeceksiniz. Burada \u201cklas\u201d nedir ve neden \u00f6nemlidir sorular\u0131na cevaben kendi \u201cklas\u201d tan\u0131m\u0131n\u0131z\u0131 olu\u015fturma \u015fans\u0131 bulman\u0131z\u0131n yan\u0131 s\u0131ra kendinizi tan\u0131\u015ft\u0131\u011f\u0131n\u0131z herkes i\u00e7in unutulmaz k\u0131lmak ad\u0131na pratik ve g\u00fc\u00e7l\u00fc ara\u00e7lar edineceksiniz. \u0130\u015f d\u00fcnyas\u0131nda veya hayat\u0131n ba\u015fka bir alan\u0131nda, bundan daha de\u011ferli bir \u015fey yoktur. \u201cKlas\u201d\u0131n \u00f6nemini \u015fu an tam olarak fark etmiyor olabilirsiniz ama bu kitab\u0131n son sayfas\u0131na geldi\u011finizde, b\u00fcy\u00fck olas\u0131l\u0131kla fark edeceksiniz. Bu kitapta insanlar \u00fczerinde uzun s\u00fcren pozitif bir etki b\u0131rakman\u0131n s\u0131rlar\u0131n\u0131 ve: \u2022 Alt\u0131 ad\u0131mda ileti\u015fim problemlerinin y\u00f6netimini, \u2022 Etik bir davran\u0131\u015f\u0131 engelleyen beklenmedik d\u00f6rt zorlu\u011fu ve    bunlardan ka\u00e7\u0131nma yollar\u0131n\u0131, \u2022 G\u00fcveni anlamak ve yaymak i\u00e7in yeni bir yolu, \u2022 Dayan\u0131kl\u0131l\u0131k ve korkuyu engelleyen teknikleri, \u2022 \u201cKlas\u201d sahibi biri olabilmek i\u00e7in be\u015f anahtar beceriyi,     \u00f6\u011freneceksiniz. Kendinizi nas\u0131l do\u011fal ve zahmetsizce g\u00f6r\u00fcn\u00fcr k\u0131labilece\u011finizi ke\u015ffetti\u011finizde hayat\u0131n her alan\u0131nda insanlar\u0131n size her zamankinden daha olumlu ve c\u00f6mert\u00e7e cevap verdi\u011fini g\u00f6receksiniz.<\/p>\n","protected":false},"excerpt":{"rendered":"<p>\u0130lk yay\u0131mland\u0131\u011f\u0131 tarihten itibaren milyonlarca satan en \u00fcnl\u00fc kitab\u0131 Dost Kazanma ve \u0130nsanlar\u0131 Etkileme Sanat\u0131\u2019n\u0131n yazar\u0131 Dale Carnegie\u2019nin kurdu\u011fu ABD&#8217;nin tamam\u0131nda ve seksenden fazla \u00fclkede yirmi<span class=\"excerpt-hellip\"> [\u2026]<\/span><\/p>\n","protected":false},"featured_media":0,"template":"","meta":{"_monsterinsights_skip_tracking":false,"_monsterinsights_sitenote_active":false,"_monsterinsights_sitenote_note":"","_monsterinsights_sitenote_category":0},"product_brand":[],"product_cat":[12291,12711],"product_tag":[],"class_list":{"0":"post-749639","1":"product","2":"type-product","3":"status-publish","5":"product_cat-edebiyat","6":"product_cat-roman-oyku","7":"pa_cilt-ciltsiz","8":"pa_tur-kitap","9":"pa_yayinevi-epsilon-yayinlari","10":"pa_yazar-dale-carnegie","12":"first","13":"instock","14":"sale","15":"shipping-taxable","16":"purchasable","17":"product-type-simple"},"_links":{"self":[{"href":"https:\/\/roveyayinevi.com.tr\/index.php\/wp-json\/wp\/v2\/product\/749639","targetHints":{"allow":["GET"]}}],"collection":[{"href":"https:\/\/roveyayinevi.com.tr\/index.php\/wp-json\/wp\/v2\/product"}],"about":[{"href":"https:\/\/roveyayinevi.com.tr\/index.php\/wp-json\/wp\/v2\/types\/product"}],"wp:attachment":[{"href":"https:\/\/roveyayinevi.com.tr\/index.php\/wp-json\/wp\/v2\/media?parent=749639"}],"wp:term":[{"taxonomy":"product_brand","embeddable":true,"href":"https:\/\/roveyayinevi.com.tr\/index.php\/wp-json\/wp\/v2\/product_brand?post=749639"},{"taxonomy":"product_cat","embeddable":true,"href":"https:\/\/roveyayinevi.com.tr\/index.php\/wp-json\/wp\/v2\/product_cat?post=749639"},{"taxonomy":"product_tag","embeddable":true,"href":"https:\/\/roveyayinevi.com.tr\/index.php\/wp-json\/wp\/v2\/product_tag?post=749639"}],"curies":[{"name":"wp","href":"https:\/\/api.w.org\/{rel}","templated":true}]}}