{"id":749638,"date":"2025-08-28T04:00:48","date_gmt":"2025-08-28T01:00:48","guid":{"rendered":"https:\/\/roveyayinevi.com.tr\/index.php\/urun\/merakli-cocuk-ile-dinimi-ogreniyorum-5-kitap\/"},"modified":"2026-04-16T03:03:07","modified_gmt":"2026-04-16T00:03:07","slug":"merakli-cocuk-ile-dinimi-ogreniyorum-5-kitap","status":"publish","type":"product","link":"https:\/\/roveyayinevi.com.tr\/index.php\/urun\/merakli-cocuk-ile-dinimi-ogreniyorum-5-kitap\/","title":{"rendered":"Merakl\u0131 \u00c7ocuk ile Dinimi \u00d6\u011freniyorum (5 Kitap)"},"content":{"rendered":"<p>Dini merak edip \u00f6\u011frenmek isteyen koca y\u00fcrekli \u00e7ocuklara&#8230; 5 D (Dikkat, Duygu, D\u00fc\u015f\u00fcnce, Davrani\u015f, De\u011fer) tekni\u011fine uygun haz\u0131rlanm\u0131\u015ft\u0131r.   Set \u0130\u00e7erisinde Bulunan Kitaplar 1) Namaz ve \u00c7ocuk 2) Kur\u2019an ve \u00c7ocuk 3) Peygamber ve \u00c7ocuk 4) Ramazan ve \u00c7ocuk 5) M\u00fcbarek G\u00fcnler ve \u00c7ocuk <\/p>\n","protected":false},"excerpt":{"rendered":"<p>Dini merak edip \u00f6\u011frenmek isteyen koca y\u00fcrekli \u00e7ocuklara&#8230; 5 D (Dikkat, Duygu, D\u00fc\u015f\u00fcnce, Davrani\u015f, De\u011fer) tekni\u011fine uygun haz\u0131rlanm\u0131\u015ft\u0131r. Set \u0130\u00e7erisinde Bulunan Kitaplar 1) Namaz ve \u00c7ocuk<span class=\"excerpt-hellip\"> [\u2026]<\/span><\/p>\n","protected":false},"featured_media":0,"template":"","meta":{"_monsterinsights_skip_tracking":false,"_monsterinsights_sitenote_active":false,"_monsterinsights_sitenote_note":"","_monsterinsights_sitenote_category":0},"product_brand":[],"product_cat":[12274,12518],"product_tag":[],"class_list":{"0":"post-749638","1":"product","2":"type-product","3":"status-publish","5":"product_cat-cocuk-ve-genclik-kitaplari","6":"product_cat-okul-oncesi-kitaplar","7":"pa_cilt-ciltsiz","8":"pa_tur-kitap","9":"pa_yayinevi-nesil-cocuk-yayinlari","10":"pa_yazar-esra-korkmaz","12":"first","13":"instock","14":"sale","15":"shipping-taxable","16":"purchasable","17":"product-type-simple"},"_links":{"self":[{"href":"https:\/\/roveyayinevi.com.tr\/index.php\/wp-json\/wp\/v2\/product\/749638","targetHints":{"allow":["GET"]}}],"collection":[{"href":"https:\/\/roveyayinevi.com.tr\/index.php\/wp-json\/wp\/v2\/product"}],"about":[{"href":"https:\/\/roveyayinevi.com.tr\/index.php\/wp-json\/wp\/v2\/types\/product"}],"wp:attachment":[{"href":"https:\/\/roveyayinevi.com.tr\/index.php\/wp-json\/wp\/v2\/media?parent=749638"}],"wp:term":[{"taxonomy":"product_brand","embeddable":true,"href":"https:\/\/roveyayinevi.com.tr\/index.php\/wp-json\/wp\/v2\/product_brand?post=749638"},{"taxonomy":"product_cat","embeddable":true,"href":"https:\/\/roveyayinevi.com.tr\/index.php\/wp-json\/wp\/v2\/product_cat?post=749638"},{"taxonomy":"product_tag","embeddable":true,"href":"https:\/\/roveyayinevi.com.tr\/index.php\/wp-json\/wp\/v2\/product_tag?post=749638"}],"curies":[{"name":"wp","href":"https:\/\/api.w.org\/{rel}","templated":true}]}}