{"id":749631,"date":"2025-08-28T04:00:37","date_gmt":"2025-08-28T01:00:37","guid":{"rendered":"https:\/\/roveyayinevi.com.tr\/index.php\/urun\/dominikli\/"},"modified":"2026-04-11T14:18:39","modified_gmt":"2026-04-11T11:18:39","slug":"dominikli","status":"publish","type":"product","link":"https:\/\/roveyayinevi.com.tr\/index.php\/urun\/dominikli\/","title":{"rendered":"Dominikli"},"content":{"rendered":"<p>\u201cBenim ad\u0131m Ana. G\u00fcnbat\u0131m\u0131n\u0131 seviyorum. On be\u015f ya\u015f\u0131mday\u0131m.\u201d   Ana, ailesinin iste\u011fiyle Juan Ruiz\u2019le evlenip New York\u2019a yerle\u015fir. Bu evlilik ayn\u0131 zamanda ailesinin Dominik Cumhuriyeti\u2019nden ka\u00e7\u0131\u015f biletidir. B\u00f6ylece 1965\u2019te, yeni y\u0131l\u0131n ilk g\u00fcn\u00fcnde Ana, bildi\u011fi her \u015feyi geride b\u0131rak\u0131p bir apartman dairesine s\u0131k\u0131\u015f\u0131p kalan Ana Ruiz\u2019e d\u00f6n\u00fc\u015f\u00fcr. Mutsuz evlili\u011fi ve New York\u2019ta bir g\u00f6\u00e7men olarak ya\u015faman\u0131n zorluklar\u0131 hayat\u0131n\u0131 bir kaosa \u00e7evirir. Ama Ana ya\u015fad\u0131\u011f\u0131 olumsuzluklara boyun e\u011fmez ve kurban olmaktan \u00e7\u0131k\u0131p kendi hayat\u0131n\u0131n sava\u015f\u00e7\u0131s\u0131 olur.   Angie Cruz, 2020 Women\u2019s Prize For Fiction k\u0131sa listesine kalan roman\u0131 Dominikli\u2019de bir kad\u0131n\u0131n yeniden do\u011fu\u015f hik\u00e2yesini anlat\u0131rken bizi hayat\u0131n her tonuyla y\u00fczle\u015ftiriyor.   \u201cD\u00fcnyay\u0131 ve i\u00e7inde ya\u015fad\u0131\u011f\u0131m\u0131z zaman\u0131 ayd\u0131nlatan \u00f6nemli bir roman. Cruz unutulmaz karakterler yaratan harika bir romanc\u0131.\u201d (Jennifer Clement, PEN International Ba\u015fkan\u0131)<\/p>\n","protected":false},"excerpt":{"rendered":"<p>\u201cBenim ad\u0131m Ana. G\u00fcnbat\u0131m\u0131n\u0131 seviyorum. On be\u015f ya\u015f\u0131mday\u0131m.\u201d Ana, ailesinin iste\u011fiyle Juan Ruiz\u2019le evlenip New York\u2019a yerle\u015fir. Bu evlilik ayn\u0131 zamanda ailesinin Dominik Cumhuriyeti\u2019nden ka\u00e7\u0131\u015f biletidir.<span class=\"excerpt-hellip\"> [\u2026]<\/span><\/p>\n","protected":false},"featured_media":0,"template":"","meta":{"_monsterinsights_skip_tracking":false,"_monsterinsights_sitenote_active":false,"_monsterinsights_sitenote_note":"","_monsterinsights_sitenote_category":0},"product_brand":[],"product_cat":[12291,12711],"product_tag":[],"class_list":{"0":"post-749631","1":"product","2":"type-product","3":"status-publish","5":"product_cat-edebiyat","6":"product_cat-roman-oyku","7":"pa_cilt-ciltsiz","8":"pa_tur-kitap","9":"pa_yayinevi-bilgi-yayinevi","10":"pa_yazar-angie-cruz","12":"first","13":"instock","14":"sale","15":"shipping-taxable","16":"purchasable","17":"product-type-simple"},"_links":{"self":[{"href":"https:\/\/roveyayinevi.com.tr\/index.php\/wp-json\/wp\/v2\/product\/749631","targetHints":{"allow":["GET"]}}],"collection":[{"href":"https:\/\/roveyayinevi.com.tr\/index.php\/wp-json\/wp\/v2\/product"}],"about":[{"href":"https:\/\/roveyayinevi.com.tr\/index.php\/wp-json\/wp\/v2\/types\/product"}],"wp:attachment":[{"href":"https:\/\/roveyayinevi.com.tr\/index.php\/wp-json\/wp\/v2\/media?parent=749631"}],"wp:term":[{"taxonomy":"product_brand","embeddable":true,"href":"https:\/\/roveyayinevi.com.tr\/index.php\/wp-json\/wp\/v2\/product_brand?post=749631"},{"taxonomy":"product_cat","embeddable":true,"href":"https:\/\/roveyayinevi.com.tr\/index.php\/wp-json\/wp\/v2\/product_cat?post=749631"},{"taxonomy":"product_tag","embeddable":true,"href":"https:\/\/roveyayinevi.com.tr\/index.php\/wp-json\/wp\/v2\/product_tag?post=749631"}],"curies":[{"name":"wp","href":"https:\/\/api.w.org\/{rel}","templated":true}]}}