{"id":749629,"date":"2025-08-28T04:00:27","date_gmt":"2025-08-28T01:00:27","guid":{"rendered":"https:\/\/roveyayinevi.com.tr\/index.php\/urun\/tarsus-arastirmalari-iii\/"},"modified":"2026-04-16T03:03:07","modified_gmt":"2026-04-16T00:03:07","slug":"tarsus-arastirmalari-iii","status":"publish","type":"product","link":"https:\/\/roveyayinevi.com.tr\/index.php\/urun\/tarsus-arastirmalari-iii\/","title":{"rendered":"Tarsus Ara\u015ft\u0131rmalar\u0131 III"},"content":{"rendered":"<p>61 s, s\/b resimler, T\u00fcrk\u00e7e makaleler, \u0130ngilizce \u00f6zetler Elif \u00dcNL\u00dc Tarsus-G\u00f6zl\u00fckule H\u00f6y\u00fc\u011f\u00fc Ge\u00e7 Tun\u00e7 \u0130lb Seramikleri Late Bronze \u0130lb Ceramics of the Tarsus-G\u00f6zliikule Mound Ulus TEPEBA\u015e Tarsus&#8217;ta Bulunan Bir Torso Uzerine Oneriler 5 Suggestions on a Torso fro\u0131\u0131\u0131 Tarsus Do\u011fukan Bekir ALPER Tarsus M\u00fczesi Kaz\u0131lar\u0131: \u015eehitkerim Mahallesi, 297 Ada, 7 Parsel 19 Tarsus Museum Excavations: \u015eehitkerim Neighborhood, 297 Island, 7 Parcels M\u00fcnteha D\u0130N\u00c7 &#8211; Deniz KAPLAN Tarsus M\u00fczesi&#8217;nden Aslan Protomu Fig\u00fcrl\u00fc Mermer Bir Masa Aya\u011f\u0131 25 A Marble Table Support with the figure ofa Lion Protome in the Tarsus Museum Song\u00fcl ULUTA\u015e Tarsus Liman\u0131 33 The Harbor of Tarsus Taner AKAR Tarsus Hinterland\u0131ndan Bir Orta\u00e7a\u011f Kalesi: Olukkoya\u011f\u0131 Kalesi 49 A Medieval Castle from the Tarsus Hinterland: Olukkoya\u011f\u0131 Castle <\/p>\n","protected":false},"excerpt":{"rendered":"<p>61 s, s\/b resimler, T\u00fcrk\u00e7e makaleler, \u0130ngilizce \u00f6zetler Elif \u00dcNL\u00dc Tarsus-G\u00f6zl\u00fckule H\u00f6y\u00fc\u011f\u00fc Ge\u00e7 Tun\u00e7 \u0130lb Seramikleri Late Bronze \u0130lb Ceramics of the Tarsus-G\u00f6zliikule Mound Ulus TEPEBA\u015e<span class=\"excerpt-hellip\"> [\u2026]<\/span><\/p>\n","protected":false},"featured_media":0,"template":"","meta":{"_monsterinsights_skip_tracking":false,"_monsterinsights_sitenote_active":false,"_monsterinsights_sitenote_note":"","_monsterinsights_sitenote_category":0},"product_brand":[],"product_cat":[44608,12408],"product_tag":[],"class_list":{"0":"post-749629","1":"product","2":"type-product","3":"status-publish","5":"product_cat-diger-sanat","6":"product_cat-sanat","7":"pa_cilt-ciltsiz","8":"pa_tur-kitap","9":"pa_yayinevi-bilgin-kultur-sanat","10":"pa_yazar-kolektif","12":"first","13":"instock","14":"sale","15":"shipping-taxable","16":"purchasable","17":"product-type-simple"},"_links":{"self":[{"href":"https:\/\/roveyayinevi.com.tr\/index.php\/wp-json\/wp\/v2\/product\/749629","targetHints":{"allow":["GET"]}}],"collection":[{"href":"https:\/\/roveyayinevi.com.tr\/index.php\/wp-json\/wp\/v2\/product"}],"about":[{"href":"https:\/\/roveyayinevi.com.tr\/index.php\/wp-json\/wp\/v2\/types\/product"}],"wp:attachment":[{"href":"https:\/\/roveyayinevi.com.tr\/index.php\/wp-json\/wp\/v2\/media?parent=749629"}],"wp:term":[{"taxonomy":"product_brand","embeddable":true,"href":"https:\/\/roveyayinevi.com.tr\/index.php\/wp-json\/wp\/v2\/product_brand?post=749629"},{"taxonomy":"product_cat","embeddable":true,"href":"https:\/\/roveyayinevi.com.tr\/index.php\/wp-json\/wp\/v2\/product_cat?post=749629"},{"taxonomy":"product_tag","embeddable":true,"href":"https:\/\/roveyayinevi.com.tr\/index.php\/wp-json\/wp\/v2\/product_tag?post=749629"}],"curies":[{"name":"wp","href":"https:\/\/api.w.org\/{rel}","templated":true}]}}