{"id":749627,"date":"2025-08-28T04:00:24","date_gmt":"2025-08-28T01:00:24","guid":{"rendered":"https:\/\/roveyayinevi.com.tr\/index.php\/urun\/zihin-modernlik-delilik\/"},"modified":"2026-04-16T03:03:07","modified_gmt":"2026-04-16T00:03:07","slug":"zihin-modernlik-delilik","status":"publish","type":"product","link":"https:\/\/roveyayinevi.com.tr\/index.php\/urun\/zihin-modernlik-delilik\/","title":{"rendered":"Zihin, Modernlik, Delilik"},"content":{"rendered":"<p>Greenfeld\u2019in milliyet\u00e7ilik \u00fc\u00e7lemesinin doruk noktas\u0131 olan Zihin, Modernite, Delilik; insan toplum ve b\u00fcy\u00fck d\u00f6n\u00fc\u015f\u00fcmler aras\u0131ndaki ba\u011flant\u0131y\u0131 yeni tart\u0131\u015fmalara a\u00e7\u0131yor. Modern insan\u0131n zihinsel hastal\u0131klar\u0131 ve modern ya\u015fam aras\u0131ndaki \u00e7ift y\u00f6nl\u00fc ili\u015fkiyi \u00e7ok disiplinli bir katmanda inceliyor.   &#8220;Greenfeld, delilik, zihin ile toplum aras\u0131ndaki ili\u015fkiye dair kapsaml\u0131, sosyolojik temelli bir teori sunuyor&#8230; Bu, ak\u0131l hastal\u0131\u011f\u0131 ve zihin, benlik ve toplum aras\u0131ndaki daha genel etkile\u015fimi anlamaya \u00f6nemli bir katk\u0131 sa\u011fl\u0131yor.&#8221;  \u2013S.C. Ward, Choise   &#8220;Greenfeld&#8217;in kitab\u0131n\u0131 bu kadar c\u00fcretk\u00e2r yapan \u015fey, delili\u011fi k\u00fclt\u00fcrel terimlerle a\u00e7\u0131klamak. Kitap, yarat\u0131c\u0131 d\u00fc\u015f\u00fcncenin zaferini temsil ediyor.\u201d  \u2013Peter Baehr   \u201cLiah Greenfeld, a\u011f\u0131rl\u0131k (mecazi ve ger\u00e7ek anlamda) ve g\u00fc\u00e7 \u00fczerine bir kitap yazd\u0131. Kitap, \u00e7\u0131\u011f misal\u0131 okuru kendisiyle birlikte yeni bir manzaraya \u00e7ekiyor.&#8221;  \u2013Charles Lindholm<\/p>\n","protected":false},"excerpt":{"rendered":"<p>Greenfeld\u2019in milliyet\u00e7ilik \u00fc\u00e7lemesinin doruk noktas\u0131 olan Zihin, Modernite, Delilik; insan toplum ve b\u00fcy\u00fck d\u00f6n\u00fc\u015f\u00fcmler aras\u0131ndaki ba\u011flant\u0131y\u0131 yeni tart\u0131\u015fmalara a\u00e7\u0131yor. Modern insan\u0131n zihinsel hastal\u0131klar\u0131 ve modern ya\u015fam<span class=\"excerpt-hellip\"> [\u2026]<\/span><\/p>\n","protected":false},"featured_media":0,"template":"","meta":{"_monsterinsights_skip_tracking":false,"_monsterinsights_sitenote_active":false,"_monsterinsights_sitenote_note":"","_monsterinsights_sitenote_category":0},"product_brand":[],"product_cat":[12324],"product_tag":[],"class_list":{"0":"post-749627","1":"product","2":"type-product","3":"status-publish","5":"product_cat-sosyoloji","6":"pa_cilt-ciltsiz","7":"pa_tur-kitap","8":"pa_yayinevi-alfa-yayinlari","9":"pa_yazar-liah-greenfeld","11":"first","12":"instock","13":"sale","14":"shipping-taxable","15":"purchasable","16":"product-type-simple"},"_links":{"self":[{"href":"https:\/\/roveyayinevi.com.tr\/index.php\/wp-json\/wp\/v2\/product\/749627","targetHints":{"allow":["GET"]}}],"collection":[{"href":"https:\/\/roveyayinevi.com.tr\/index.php\/wp-json\/wp\/v2\/product"}],"about":[{"href":"https:\/\/roveyayinevi.com.tr\/index.php\/wp-json\/wp\/v2\/types\/product"}],"wp:attachment":[{"href":"https:\/\/roveyayinevi.com.tr\/index.php\/wp-json\/wp\/v2\/media?parent=749627"}],"wp:term":[{"taxonomy":"product_brand","embeddable":true,"href":"https:\/\/roveyayinevi.com.tr\/index.php\/wp-json\/wp\/v2\/product_brand?post=749627"},{"taxonomy":"product_cat","embeddable":true,"href":"https:\/\/roveyayinevi.com.tr\/index.php\/wp-json\/wp\/v2\/product_cat?post=749627"},{"taxonomy":"product_tag","embeddable":true,"href":"https:\/\/roveyayinevi.com.tr\/index.php\/wp-json\/wp\/v2\/product_tag?post=749627"}],"curies":[{"name":"wp","href":"https:\/\/api.w.org\/{rel}","templated":true}]}}