{"id":749626,"date":"2025-08-28T04:00:23","date_gmt":"2025-08-28T01:00:23","guid":{"rendered":"https:\/\/roveyayinevi.com.tr\/index.php\/urun\/anilardan-kareler\/"},"modified":"2026-04-16T03:03:07","modified_gmt":"2026-04-16T00:03:07","slug":"anilardan-kareler","status":"publish","type":"product","link":"https:\/\/roveyayinevi.com.tr\/index.php\/urun\/anilardan-kareler\/","title":{"rendered":"An\u0131lardan Kareler"},"content":{"rendered":"<p>Nevzat Torun bir \u00f6\u011fretmen, an\u0131lar\u0131n\u0131 yazarken sadece \u00f6znel olarak ya\u015fad\u0131klar\u0131n\u0131 anlatm\u0131yor k\u0131ssadan hisse tarz\u0131nda bir ders veriyor. An\u0131lar\u0131n\u0131n i\u00e7inde neler yok ki, k\u00f6yde \u00f6\u011fretmen olman\u0131n zorluklar\u0131, k\u00f6ydeki insanlar\u0131n alg\u0131lar\u0131 ve yanl\u0131\u015flar\u0131, mahrumiyet b\u00f6lgesinde iklim \u015fartlar\u0131, do\u011fa hareketleri, siyasi anlay\u0131\u015f\u0131n toplum \u00fczerindeki etkileri, b\u00fcrokratik \u00e7arp\u0131kl\u0131klar\u2026   Torun, \u00e7ok iyi bir g\u00f6zlemci ve iyi bir hik\u00e2ye anlat\u0131c\u0131s\u0131d\u0131r ayn\u0131 zamanda. Sadece kendi ya\u015fad\u0131klar\u0131n\u0131 anlatm\u0131yor, \u015fahit olduklar\u0131n\u0131, duyduklar\u0131n\u0131 da aktar\u0131yor. Bunu yaparken bir gazete muhabiri gibi durum tespiti yapm\u0131yor, filozofik bak\u0131\u015f a\u00e7\u0131s\u0131yla de\u011ferlendiriyor. \u0130\u00e7inde mutlaka \u00fc\u00e7\u00fcnc\u00fc \u015fah\u0131slar\u0131 ilgilendiren ibret verici hayat hik\u00e2yelerini esas al\u0131yor.   Durdu G\u00fcne\u015f <\/p>\n","protected":false},"excerpt":{"rendered":"<p>Nevzat Torun bir \u00f6\u011fretmen, an\u0131lar\u0131n\u0131 yazarken sadece \u00f6znel olarak ya\u015fad\u0131klar\u0131n\u0131 anlatm\u0131yor k\u0131ssadan hisse tarz\u0131nda bir ders veriyor. An\u0131lar\u0131n\u0131n i\u00e7inde neler yok ki, k\u00f6yde \u00f6\u011fretmen olman\u0131n zorluklar\u0131,<span class=\"excerpt-hellip\"> [\u2026]<\/span><\/p>\n","protected":false},"featured_media":0,"template":"","meta":{"_monsterinsights_skip_tracking":false,"_monsterinsights_sitenote_active":false,"_monsterinsights_sitenote_note":"","_monsterinsights_sitenote_category":0},"product_brand":[],"product_cat":[13701,12291],"product_tag":[],"class_list":{"0":"post-749626","1":"product","2":"type-product","3":"status-publish","5":"product_cat-ani-mektup-gunluk","6":"product_cat-edebiyat","7":"pa_cilt-ciltsiz","8":"pa_tur-kitap","9":"pa_yayinevi-gulnar-yayinlari","10":"pa_yazar-nevzat-torun","12":"first","13":"instock","14":"sale","15":"shipping-taxable","16":"purchasable","17":"product-type-simple"},"_links":{"self":[{"href":"https:\/\/roveyayinevi.com.tr\/index.php\/wp-json\/wp\/v2\/product\/749626","targetHints":{"allow":["GET"]}}],"collection":[{"href":"https:\/\/roveyayinevi.com.tr\/index.php\/wp-json\/wp\/v2\/product"}],"about":[{"href":"https:\/\/roveyayinevi.com.tr\/index.php\/wp-json\/wp\/v2\/types\/product"}],"wp:attachment":[{"href":"https:\/\/roveyayinevi.com.tr\/index.php\/wp-json\/wp\/v2\/media?parent=749626"}],"wp:term":[{"taxonomy":"product_brand","embeddable":true,"href":"https:\/\/roveyayinevi.com.tr\/index.php\/wp-json\/wp\/v2\/product_brand?post=749626"},{"taxonomy":"product_cat","embeddable":true,"href":"https:\/\/roveyayinevi.com.tr\/index.php\/wp-json\/wp\/v2\/product_cat?post=749626"},{"taxonomy":"product_tag","embeddable":true,"href":"https:\/\/roveyayinevi.com.tr\/index.php\/wp-json\/wp\/v2\/product_tag?post=749626"}],"curies":[{"name":"wp","href":"https:\/\/api.w.org\/{rel}","templated":true}]}}