{"id":749625,"date":"2025-08-28T04:00:22","date_gmt":"2025-08-28T01:00:22","guid":{"rendered":"https:\/\/roveyayinevi.com.tr\/index.php\/urun\/turkiye-suriye-iliskilerinde-catisma-alanlari\/"},"modified":"2026-04-16T03:03:07","modified_gmt":"2026-04-16T00:03:07","slug":"turkiye-suriye-iliskilerinde-catisma-alanlari","status":"publish","type":"product","link":"https:\/\/roveyayinevi.com.tr\/index.php\/urun\/turkiye-suriye-iliskilerinde-catisma-alanlari\/","title":{"rendered":"T\u00fcrkiye-Suriye \u0130li\u015fkilerinde \u00c7at\u0131\u015fma Alanlar\u0131"},"content":{"rendered":"<p>T\u00fcrkiye ile Suriye aras\u0131ndaki ili\u015fkiler, \u00fclkelerin bulunduklar\u0131 co\u011frafya, sahip olduklar\u0131 stratejik konum, tarihsel s\u00fcre\u00e7te hem b\u00f6lgesel hem k\u00fcresel anlamda ya\u015fanan geli\u015fmelerin iki \u00fclke ili\u015fkilerine etkisi, Hatay ve su sorunlar\u0131 ile bu sorunlar\u0131n tetikledi\u011fi ter\u00f6r sorunu nedenleri ve sonu\u00e7lar\u0131yla birlikte ele al\u0131nm\u0131\u015ft\u0131r. \u00d6zellikle Suriye&#8217;nin T\u00fcrkiye&#8217;ye kar\u015f\u0131 ter\u00f6r \u00f6rg\u00fctlerine destek vermesi ve T\u00fcrkiye&#8217;nin bu husustaki tepkisi ayr\u0131nt\u0131l\u0131 olarak incelenmi\u015ftir. \u00c7al\u0131\u015fmay\u0131 yapmaktaki amac\u0131m\u0131z, On-dokuzuncu Y\u00fczy\u0131l\u0131n sonlar\u0131ndan itibaren Arap ulusal hareketinin ve siyasi d\u00fc\u015f\u00fcnce ak\u0131mlar\u0131n\u0131n odak noktas\u0131 haline gelmi\u015f olan Suriye&#8217;yi tan\u0131mak, Suriye ile T\u00fcrkiye aras\u0131ndaki ili\u015fkilerin seyri ile So\u011fuk Sava\u015f d\u00f6nemi ve sonras\u0131nda hem b\u00f6lgesel hem de k\u00fcresel anlamda ya\u015fanan geli\u015fmelerin iki \u00fclke ili\u015fkilerine etkisini incelemektir. \u00d6zellikle iki \u00fclke aras\u0131nda ya\u015fanan ter\u00f6r sorununu nedenleri ve sonu\u00e7lar\u0131yla birlikte ortaya koymak, T\u00fcrkiye&#8217;nin 1970&#8217;li y\u0131llardan itibaren kar\u015f\u0131 kar\u015f\u0131ya kald\u0131\u011f\u0131 ter\u00f6r sorununda Suriye&#8217;nin etkisini de\u011ferlendirmek, bu ba\u011flamda Suriye&#8217;nin T\u00fcrkiye&#8217;ye y\u00f6nelik d\u0131\u015f politikas\u0131n\u0131 incelemek ve Suriye&#8217;nin ter\u00f6r eksenli politikalar\u0131n\u0131n bu \u00fclke ile ili\u015fkilerimizi gelecekte nas\u0131l etkileyece\u011fi konusuna \u0131\u015f\u0131k tutmakt\u0131r <\/p>\n","protected":false},"excerpt":{"rendered":"<p>T\u00fcrkiye ile Suriye aras\u0131ndaki ili\u015fkiler, \u00fclkelerin bulunduklar\u0131 co\u011frafya, sahip olduklar\u0131 stratejik konum, tarihsel s\u00fcre\u00e7te hem b\u00f6lgesel hem k\u00fcresel anlamda ya\u015fanan geli\u015fmelerin iki \u00fclke ili\u015fkilerine etkisi, Hatay<span class=\"excerpt-hellip\"> [\u2026]<\/span><\/p>\n","protected":false},"featured_media":0,"template":"","meta":{"_monsterinsights_skip_tracking":false,"_monsterinsights_sitenote_active":false,"_monsterinsights_sitenote_note":"","_monsterinsights_sitenote_category":0},"product_brand":[],"product_cat":[13059,12337],"product_tag":[],"class_list":{"0":"post-749625","1":"product","2":"type-product","3":"status-publish","5":"product_cat-diger-politika-siyaset","6":"product_cat-politika-siyaset","7":"pa_cilt-ciltsiz","8":"pa_tur-kitap","9":"pa_yayinevi-berikan-yayinlari","10":"pa_yazar-kahraman-gurbuz","12":"first","13":"instock","14":"sale","15":"shipping-taxable","16":"purchasable","17":"product-type-simple"},"_links":{"self":[{"href":"https:\/\/roveyayinevi.com.tr\/index.php\/wp-json\/wp\/v2\/product\/749625","targetHints":{"allow":["GET"]}}],"collection":[{"href":"https:\/\/roveyayinevi.com.tr\/index.php\/wp-json\/wp\/v2\/product"}],"about":[{"href":"https:\/\/roveyayinevi.com.tr\/index.php\/wp-json\/wp\/v2\/types\/product"}],"wp:attachment":[{"href":"https:\/\/roveyayinevi.com.tr\/index.php\/wp-json\/wp\/v2\/media?parent=749625"}],"wp:term":[{"taxonomy":"product_brand","embeddable":true,"href":"https:\/\/roveyayinevi.com.tr\/index.php\/wp-json\/wp\/v2\/product_brand?post=749625"},{"taxonomy":"product_cat","embeddable":true,"href":"https:\/\/roveyayinevi.com.tr\/index.php\/wp-json\/wp\/v2\/product_cat?post=749625"},{"taxonomy":"product_tag","embeddable":true,"href":"https:\/\/roveyayinevi.com.tr\/index.php\/wp-json\/wp\/v2\/product_tag?post=749625"}],"curies":[{"name":"wp","href":"https:\/\/api.w.org\/{rel}","templated":true}]}}