{"id":749623,"date":"2025-08-28T04:00:19","date_gmt":"2025-08-28T01:00:19","guid":{"rendered":"https:\/\/roveyayinevi.com.tr\/index.php\/urun\/antarktika-haric\/"},"modified":"2026-04-16T03:03:07","modified_gmt":"2026-04-16T00:03:07","slug":"antarktika-haric","status":"publish","type":"product","link":"https:\/\/roveyayinevi.com.tr\/index.php\/urun\/antarktika-haric\/","title":{"rendered":"Antarktika Hari\u00e7!"},"content":{"rendered":"<p>Kaplumba\u011falar her k\u0131tada ya\u015far\u2026 ANTARKT\u0130KA HAR\u0130\u00c7! Ama bu durum de\u011fi\u015fmek \u00fczere! D\u00fcnyan\u0131n her k\u00f6\u015fesinde her hayvan t\u00fcr\u00fcnden en az bir tane bulabiliriz, de\u011fil mi? Mesela her k\u0131tada bir kaplumba\u011fa vard\u0131r herhalde. Pek \u00f6yle de\u011fil! Antarktika k\u0131tas\u0131nda hi\u00e7 kaplumba\u011fa yok! Bayku\u015f da&#8230; Y\u0131lan da&#8230; Hele b\u00f6cek hi\u00e7 yok! En az\u0131ndan \u015fimdilik&#8230; Peki bu ger\u00e7e\u011fi kabullenmeyen azimli bir kafile Antarktika\u2019ya gitmeyi kafaya koysa ba\u015flar\u0131na neler gelir sizce? Hi\u00e7bir \u015feyin planland\u0131\u011f\u0131 gibi gitmedi\u011fi bir do\u011fa belgeseline ho\u015f geldiniz. Antarktika Hari\u00e7!, kararl\u0131l\u0131k ve \u015fans\u0131n\u0131 zorlamak \u00fczerine ne\u015feli bir hik\u00e2ye. Hayvanlar ve d\u00fcnyam\u0131za dair ilgin\u00e7 ve e\u011flenceli bilgiler de cabas\u0131! <\/p>\n","protected":false},"excerpt":{"rendered":"<p>Kaplumba\u011falar her k\u0131tada ya\u015far\u2026 ANTARKT\u0130KA HAR\u0130\u00c7! Ama bu durum de\u011fi\u015fmek \u00fczere! D\u00fcnyan\u0131n her k\u00f6\u015fesinde her hayvan t\u00fcr\u00fcnden en az bir tane bulabiliriz, de\u011fil mi? Mesela her<span class=\"excerpt-hellip\"> [\u2026]<\/span><\/p>\n","protected":false},"featured_media":0,"template":"","meta":{"_monsterinsights_skip_tracking":false,"_monsterinsights_sitenote_active":false,"_monsterinsights_sitenote_note":"","_monsterinsights_sitenote_category":0},"product_brand":[],"product_cat":[12274,12284],"product_tag":[],"class_list":{"0":"post-749623","1":"product","2":"type-product","3":"status-publish","5":"product_cat-cocuk-ve-genclik-kitaplari","6":"product_cat-hikayeler","7":"pa_cilt-ciltsiz","8":"pa_tur-kitap","9":"pa_yayinevi-domingo-yayinevi","10":"pa_yazar-todd-sturgell","12":"first","13":"instock","14":"sale","15":"shipping-taxable","16":"purchasable","17":"product-type-simple"},"_links":{"self":[{"href":"https:\/\/roveyayinevi.com.tr\/index.php\/wp-json\/wp\/v2\/product\/749623","targetHints":{"allow":["GET"]}}],"collection":[{"href":"https:\/\/roveyayinevi.com.tr\/index.php\/wp-json\/wp\/v2\/product"}],"about":[{"href":"https:\/\/roveyayinevi.com.tr\/index.php\/wp-json\/wp\/v2\/types\/product"}],"wp:attachment":[{"href":"https:\/\/roveyayinevi.com.tr\/index.php\/wp-json\/wp\/v2\/media?parent=749623"}],"wp:term":[{"taxonomy":"product_brand","embeddable":true,"href":"https:\/\/roveyayinevi.com.tr\/index.php\/wp-json\/wp\/v2\/product_brand?post=749623"},{"taxonomy":"product_cat","embeddable":true,"href":"https:\/\/roveyayinevi.com.tr\/index.php\/wp-json\/wp\/v2\/product_cat?post=749623"},{"taxonomy":"product_tag","embeddable":true,"href":"https:\/\/roveyayinevi.com.tr\/index.php\/wp-json\/wp\/v2\/product_tag?post=749623"}],"curies":[{"name":"wp","href":"https:\/\/api.w.org\/{rel}","templated":true}]}}