{"id":749621,"date":"2025-08-28T04:00:16","date_gmt":"2025-08-28T01:00:16","guid":{"rendered":"https:\/\/roveyayinevi.com.tr\/index.php\/urun\/general-muglali-sendromu\/"},"modified":"2025-11-21T09:03:56","modified_gmt":"2025-11-21T06:03:56","slug":"general-muglali-sendromu","status":"publish","type":"product","link":"https:\/\/roveyayinevi.com.tr\/index.php\/urun\/general-muglali-sendromu\/","title":{"rendered":"General Mu\u011flal\u0131 Sendromu"},"content":{"rendered":"<p>\u201c General Mustafa Mu\u011flal\u0131, Kurtulu\u015f Harbi\u2019nde Do\u011fu Cephesinde T\u00fcmen Komutan\u0131 olarak g\u00f6rev alm\u0131\u015f, Cumhuriyet d\u00f6neminde Tunceli Ayaklanmas\u0131n\u0131n bast\u0131r\u0131lmas\u0131nda \u00f6nemli rol oynam\u0131\u015f,  Kubilay\u2019\u0131n \u015fehit edilmesinin ard\u0131ndan Menemen\u2019de kurulan mahkemenin ba\u015fkanl\u0131\u011f\u0131n\u0131 yapm\u0131\u015f, Orgeneral r\u00fctbesine kadar y\u00fckselmi\u015f, dirayetli, sad\u0131k, ba\u015far\u0131l\u0131 bir komutand\u0131r. 1949 y\u0131l\u0131nda \u201c33 Kur\u015fun Olay\u0131\u201d olarak adland\u0131r\u0131lan bir olay sonras\u0131 yarg\u0131lanm\u0131\u015f, \u00f6nce idama, daha sonra 20 y\u0131l hapis cezas\u0131na \u00e7arpt\u0131r\u0131lm\u0131\u015ft\u0131r.   \u2026Orgeneral Mu\u011flal\u0131\u2019n\u0131n yapt\u0131\u011f\u0131 b\u00fct\u00fcn bu hizmetler unutularak askerlik kariyerini yok eden bir yarg\u0131lamaya u\u011framas\u0131, onun ceza almas\u0131ndan \u00e7ok daha etkileyici bir olgu yaratm\u0131\u015ft\u0131r. Bu olgu, ondan sonraki r\u00fctbe ve makam sahibi askerlerin onun ak\u0131betine u\u011frayacaklar\u0131 korkusuna neden olmu\u015ftur. Sonucu, g\u00f6revlerini yaparlarken inisiyatiflerini kullanmayan bir\u00e7ok asker yaratm\u0131\u015ft\u0131r. Bu durum bir Orgeneralin cezaland\u0131r\u0131lmas\u0131ndan daha korkun\u00e7 bir hale gelmi\u015ftir. Bu yarg\u0131lama ve bu cezaland\u0131rma gelecek ku\u015faklara \u201cMu\u011flal\u0131 Sendromu\u201d diye bir kavram\u0131 arma\u011fan etmi\u015ftir\u2026\u201d                              \u015eimdiden iyi okumalar dileriz\u2026                                                                                            <\/p>\n","protected":false},"excerpt":{"rendered":"<p>\u201c General Mustafa Mu\u011flal\u0131, Kurtulu\u015f Harbi\u2019nde Do\u011fu Cephesinde T\u00fcmen Komutan\u0131 olarak g\u00f6rev alm\u0131\u015f, Cumhuriyet d\u00f6neminde Tunceli Ayaklanmas\u0131n\u0131n bast\u0131r\u0131lmas\u0131nda \u00f6nemli rol oynam\u0131\u015f, Kubilay\u2019\u0131n \u015fehit edilmesinin ard\u0131ndan Menemen\u2019de<span class=\"excerpt-hellip\"> [\u2026]<\/span><\/p>\n","protected":false},"featured_media":0,"template":"","meta":{"_monsterinsights_skip_tracking":false,"_monsterinsights_sitenote_active":false,"_monsterinsights_sitenote_note":"","_monsterinsights_sitenote_category":0},"product_brand":[],"product_cat":[12291,12711],"product_tag":[],"class_list":{"0":"post-749621","1":"product","2":"type-product","3":"status-publish","5":"product_cat-edebiyat","6":"product_cat-roman-oyku","7":"pa_cilt-ciltsiz","8":"pa_tur-kitap","9":"pa_yayinevi-galeati-yayincilik","10":"pa_yazar-cumhur-utku","12":"first","13":"instock","14":"sale","15":"shipping-taxable","16":"purchasable","17":"product-type-simple"},"_links":{"self":[{"href":"https:\/\/roveyayinevi.com.tr\/index.php\/wp-json\/wp\/v2\/product\/749621","targetHints":{"allow":["GET"]}}],"collection":[{"href":"https:\/\/roveyayinevi.com.tr\/index.php\/wp-json\/wp\/v2\/product"}],"about":[{"href":"https:\/\/roveyayinevi.com.tr\/index.php\/wp-json\/wp\/v2\/types\/product"}],"wp:attachment":[{"href":"https:\/\/roveyayinevi.com.tr\/index.php\/wp-json\/wp\/v2\/media?parent=749621"}],"wp:term":[{"taxonomy":"product_brand","embeddable":true,"href":"https:\/\/roveyayinevi.com.tr\/index.php\/wp-json\/wp\/v2\/product_brand?post=749621"},{"taxonomy":"product_cat","embeddable":true,"href":"https:\/\/roveyayinevi.com.tr\/index.php\/wp-json\/wp\/v2\/product_cat?post=749621"},{"taxonomy":"product_tag","embeddable":true,"href":"https:\/\/roveyayinevi.com.tr\/index.php\/wp-json\/wp\/v2\/product_tag?post=749621"}],"curies":[{"name":"wp","href":"https:\/\/api.w.org\/{rel}","templated":true}]}}