{"id":749620,"date":"2025-08-28T04:00:14","date_gmt":"2025-08-28T01:00:14","guid":{"rendered":"https:\/\/roveyayinevi.com.tr\/index.php\/urun\/dedektif-samson-ciltli\/"},"modified":"2026-04-16T03:03:07","modified_gmt":"2026-04-16T00:03:07","slug":"dedektif-samson-ciltli","status":"publish","type":"product","link":"https:\/\/roveyayinevi.com.tr\/index.php\/urun\/dedektif-samson-ciltli\/","title":{"rendered":"Dedektif Samson (Ciltli)"},"content":{"rendered":"<p>Burnunun g\u00f6t\u00fcrd\u00fc\u011f\u00fc yere gitme vakti! Katerina Gorelik&#8217;in yaz\u0131p resimledi\u011fi Dedektif Samson, etkile\u015fimli metni ve reng\u00e2renk sayfalar\u0131yla merak duygunuzu kabartacak, oyunbaz bir hik\u00e2ye anlat\u0131yor.  Gizem dolu bulmacalarla \u00f6r\u00fcl\u00fc bu hareketli macera, i\u00e7inizdeki gizli dedektifi uyand\u0131rmakla kalmay\u0131p, sizi ara\u015ft\u0131rma yapmaya ve iz s\u00fcrmeye heveslendiriyor.   Okuru kendili\u011finden anlat\u0131s\u0131na kat\u0131p e\u011flencenin katsay\u0131s\u0131n\u0131 art\u0131ran kitap; sorunlar\u0131n \u00fcstesinden gelmeye \u00e7al\u0131\u015f\u0131rken, \u00e7\u00f6z\u00fcm odakl\u0131 d\u00fc\u015f\u00fcnmenin ve h\u0131zl\u0131 karar alman\u0131n \u00f6nemini vurguluyor.  \u0130mdaat, h\u0131rs\u0131z var! Kurba\u011fa&#8217;n\u0131n asla solmayan \u00e7i\u00e7ekleri, K\u0131rkayak&#8217;\u0131n pabu\u00e7lar\u0131 derken&#8230; kasaba ahalisini bir tela\u015f sar\u0131yor ki hi\u00e7 sormay\u0131n. Kimisi g\u00f6zl\u00fc\u011f\u00fcn\u00fc kaybetmi\u015f, kimisi yumurtalar\u0131n\u0131. Hatta ba\u015fkas\u0131ndan itinayla araklanan, pardon, \u201cbiriktirilen\u201d m\u00fccevherler bile s\u0131rra kadem basm\u0131\u015f durumda! Eyvah, kasabaya a\u00e7g\u00f6zl\u00fc bir h\u0131rs\u0131z dadanm\u0131\u015f gibi g\u00f6r\u00fcn\u00fcyor. Ama tela\u015fa gerek yok! \u00c7\u00fcnk\u00fc \u00fcnl\u00fc Dedektif Samson var! Ve onun oldu\u011fu yerde hi\u00e7bir \u015fey uzun s\u00fcreli kaybol(a)maz.   Anla\u015f\u0131lan o ki, tecr\u00fcbeli dedektifimizi yine yorucu bir g\u00f6rev bekliyor. O h\u00e2lde, vakit kaybetmeden taze ipu\u00e7lar\u0131n\u0131n ve kan\u0131tlar\u0131n pe\u015fine d\u00fc\u015fmeli! Of of, bulunmas\u0131 gereken bir dolu \u015fey var ve tabii sizin yard\u0131m\u0131n\u0131z olmadan bu \u00e7ok zor.  Kay\u0131p \u015feylerin izinde; yeralt\u0131na girmeye, okyanusta y\u00fczmeye, da\u011flara t\u0131rmanmaya, ormanlarda ko\u015fu\u015fturmaya haz\u0131rsan\u0131z; Dedektif Samson&#8217;un nicedir arad\u0131\u011f\u0131 yard\u0131mc\u0131 S\u0130Z olabilirsiniz! Bakal\u0131m dedektiflik i\u00e7g\u00fcd\u00fcleriniz onunki kadar iyi koku s\u00fcrebiliyor mu?   \u0130nce bir mizahi anlay\u0131\u015f\u0131n \u00fcr\u00fcn\u00fc olan bu k\u0131p\u0131r k\u0131p\u0131r kitab\u0131n sayfalar\u0131nda gezinirken dikkat edin de bir \u015feyiniz kaybolmas\u0131n! Bizden s\u00f6ylemesi&#8230;<\/p>\n","protected":false},"excerpt":{"rendered":"<p>Burnunun g\u00f6t\u00fcrd\u00fc\u011f\u00fc yere gitme vakti! Katerina Gorelik&#8217;in yaz\u0131p resimledi\u011fi Dedektif Samson, etkile\u015fimli metni ve reng\u00e2renk sayfalar\u0131yla merak duygunuzu kabartacak, oyunbaz bir hik\u00e2ye anlat\u0131yor. Gizem dolu bulmacalarla<span class=\"excerpt-hellip\"> [\u2026]<\/span><\/p>\n","protected":false},"featured_media":0,"template":"","meta":{"_monsterinsights_skip_tracking":false,"_monsterinsights_sitenote_active":false,"_monsterinsights_sitenote_note":"","_monsterinsights_sitenote_category":0},"product_brand":[],"product_cat":[12274],"product_tag":[],"class_list":{"0":"post-749620","1":"product","2":"type-product","3":"status-publish","5":"product_cat-cocuk-ve-genclik-kitaplari","6":"pa_cilt-ciltli","7":"pa_tur-kitap","8":"pa_yayinevi-ucanbalik-yayincilik","9":"pa_yazar-katerina-gorelik","11":"first","12":"instock","13":"sale","14":"shipping-taxable","15":"purchasable","16":"product-type-simple"},"_links":{"self":[{"href":"https:\/\/roveyayinevi.com.tr\/index.php\/wp-json\/wp\/v2\/product\/749620","targetHints":{"allow":["GET"]}}],"collection":[{"href":"https:\/\/roveyayinevi.com.tr\/index.php\/wp-json\/wp\/v2\/product"}],"about":[{"href":"https:\/\/roveyayinevi.com.tr\/index.php\/wp-json\/wp\/v2\/types\/product"}],"wp:attachment":[{"href":"https:\/\/roveyayinevi.com.tr\/index.php\/wp-json\/wp\/v2\/media?parent=749620"}],"wp:term":[{"taxonomy":"product_brand","embeddable":true,"href":"https:\/\/roveyayinevi.com.tr\/index.php\/wp-json\/wp\/v2\/product_brand?post=749620"},{"taxonomy":"product_cat","embeddable":true,"href":"https:\/\/roveyayinevi.com.tr\/index.php\/wp-json\/wp\/v2\/product_cat?post=749620"},{"taxonomy":"product_tag","embeddable":true,"href":"https:\/\/roveyayinevi.com.tr\/index.php\/wp-json\/wp\/v2\/product_tag?post=749620"}],"curies":[{"name":"wp","href":"https:\/\/api.w.org\/{rel}","templated":true}]}}