{"id":749618,"date":"2025-08-28T04:00:12","date_gmt":"2025-08-28T01:00:12","guid":{"rendered":"https:\/\/roveyayinevi.com.tr\/index.php\/urun\/fiziksel-egzersiz-ve-toparlanma-surecinde-hormonal-degisimler\/"},"modified":"2026-04-16T03:03:07","modified_gmt":"2026-04-16T00:03:07","slug":"fiziksel-egzersiz-ve-toparlanma-surecinde-hormonal-degisimler","status":"publish","type":"product","link":"https:\/\/roveyayinevi.com.tr\/index.php\/urun\/fiziksel-egzersiz-ve-toparlanma-surecinde-hormonal-degisimler\/","title":{"rendered":"Fiziksel Egzersiz ve Toparlanma S\u00fcrecinde Hormonal De\u011fi\u015fimler"},"content":{"rendered":"<p>\u0130\u00e7indekiler:       B\u00d6L\u00dcM 1: G\u0130R\u0130\u015e B\u00d6L\u00dcM 2: SPORT\u0130F PERFORMANS B\u00d6L\u00dcM 3: YORGUNLUK B\u00d6L\u00dcM 4: F\u0130Z\u0130KSEL TOPARLANMA B\u00d6L\u00dcM 5: ENDOKR\u0130N S\u0130STEM B\u00d6L\u00dcM 6: EGZERS\u0130Z VE STRES HORMONLARI KAYNAK\u00c7A<\/p>\n","protected":false},"excerpt":{"rendered":"<p>\u0130\u00e7indekiler: B\u00d6L\u00dcM 1: G\u0130R\u0130\u015e B\u00d6L\u00dcM 2: SPORT\u0130F PERFORMANS B\u00d6L\u00dcM 3: YORGUNLUK B\u00d6L\u00dcM 4: F\u0130Z\u0130KSEL TOPARLANMA B\u00d6L\u00dcM 5: ENDOKR\u0130N S\u0130STEM B\u00d6L\u00dcM 6: EGZERS\u0130Z VE STRES HORMONLARI KAYNAK\u00c7A<\/p>\n","protected":false},"featured_media":0,"template":"","meta":{"_monsterinsights_skip_tracking":false,"_monsterinsights_sitenote_active":false,"_monsterinsights_sitenote_note":"","_monsterinsights_sitenote_category":0},"product_brand":[],"product_cat":[15563,15564],"product_tag":[],"class_list":{"0":"post-749618","1":"product","2":"type-product","3":"status-publish","5":"product_cat-hobi","6":"product_cat-spor","7":"pa_cilt-ciltsiz","8":"pa_tur-kitap","9":"pa_yayinevi-gazi-kitabevi","10":"pa_yazar-hamza-budak","12":"first","13":"instock","14":"sale","15":"shipping-taxable","16":"purchasable","17":"product-type-simple"},"_links":{"self":[{"href":"https:\/\/roveyayinevi.com.tr\/index.php\/wp-json\/wp\/v2\/product\/749618","targetHints":{"allow":["GET"]}}],"collection":[{"href":"https:\/\/roveyayinevi.com.tr\/index.php\/wp-json\/wp\/v2\/product"}],"about":[{"href":"https:\/\/roveyayinevi.com.tr\/index.php\/wp-json\/wp\/v2\/types\/product"}],"wp:attachment":[{"href":"https:\/\/roveyayinevi.com.tr\/index.php\/wp-json\/wp\/v2\/media?parent=749618"}],"wp:term":[{"taxonomy":"product_brand","embeddable":true,"href":"https:\/\/roveyayinevi.com.tr\/index.php\/wp-json\/wp\/v2\/product_brand?post=749618"},{"taxonomy":"product_cat","embeddable":true,"href":"https:\/\/roveyayinevi.com.tr\/index.php\/wp-json\/wp\/v2\/product_cat?post=749618"},{"taxonomy":"product_tag","embeddable":true,"href":"https:\/\/roveyayinevi.com.tr\/index.php\/wp-json\/wp\/v2\/product_tag?post=749618"}],"curies":[{"name":"wp","href":"https:\/\/api.w.org\/{rel}","templated":true}]}}