{"id":749615,"date":"2025-08-28T04:00:09","date_gmt":"2025-08-28T01:00:09","guid":{"rendered":"https:\/\/roveyayinevi.com.tr\/index.php\/urun\/sporda-uzmanlasmanin-algisal-ve-bilissel-sureclere-etkisi\/"},"modified":"2026-04-16T03:03:07","modified_gmt":"2026-04-16T00:03:07","slug":"sporda-uzmanlasmanin-algisal-ve-bilissel-sureclere-etkisi","status":"publish","type":"product","link":"https:\/\/roveyayinevi.com.tr\/index.php\/urun\/sporda-uzmanlasmanin-algisal-ve-bilissel-sureclere-etkisi\/","title":{"rendered":"Sporda Uzmanla\u015fman\u0131n Alg\u0131sal ve Bili\u015fsel S\u00fcre\u00e7lere Etkisi"},"content":{"rendered":"<p>\u0130\u00e7indekiler:     \u00d6N S\u00d6Z \u0130\u00c7\u0130NDEK\u0130LER TABLOLAR L\u0130STES\u0130 \u015eEK\u0130LLER L\u0130STES\u0130 KISALTMALAR L\u0130STES\u0130 1. G\u0130R\u0130\u015e 1.1. Sporda Uzmanla\u015fma 1.1.1. Sporda Alg\u0131sal \u2013 Bili\u015fsel Uzmanl\u0131k 1.1.2. Sporda Uzmanl\u0131k ve G\u00f6rsel Dikkat 1.2. Bellek 1.2.1. Duyusal Bellek 1.2.2. K\u0131sa S\u00fcreli Bellek 1.2.3. Uzun S\u00fcreli Bellek 1.3. G\u00f6rsel Bellek 1.4. \u00c7al\u0131\u015fma Belle\u011fi 1.4.1. \u00c7ok-Bile\u015fenli \u00c7al\u0131\u015fma Belle\u011fi Modeli 1.4.2. G\u00f6rsel \u00c7al\u0131\u015fma Belle\u011fi 1.5. De\u011fi\u015fim K\u00f6rl\u00fc\u011f\u00fc 1.5.1. De\u011fi\u015fim K\u00f6rl\u00fc\u011f\u00fc \u00c7al\u0131\u015fmalar\u0131nda Kullan\u0131lan Y\u00f6ntemler 1.5.2. De\u011fi\u015fim K\u00f6rl\u00fc\u011f\u00fc ve Bili\u015fsel S\u00fcre\u00e7ler 1.6. \u00c7al\u0131\u015fman\u0131n Amac\u0131 2. GERE\u00c7 VE Y\u00d6NTEM 2.1. Kat\u0131l\u0131mc\u0131lar 2.2. Kullan\u0131lan Ara\u00e7lar 2.3. \u0130\u015flem 2.4. Veri Analizi 3. BULGULAR 4. TARTI\u015eMA 5. KAYNAK\u00c7A<\/p>\n","protected":false},"excerpt":{"rendered":"<p>\u0130\u00e7indekiler: \u00d6N S\u00d6Z \u0130\u00c7\u0130NDEK\u0130LER TABLOLAR L\u0130STES\u0130 \u015eEK\u0130LLER L\u0130STES\u0130 KISALTMALAR L\u0130STES\u0130 1. G\u0130R\u0130\u015e 1.1. Sporda Uzmanla\u015fma 1.1.1. Sporda Alg\u0131sal \u2013 Bili\u015fsel Uzmanl\u0131k 1.1.2. Sporda Uzmanl\u0131k ve G\u00f6rsel<span class=\"excerpt-hellip\"> [\u2026]<\/span><\/p>\n","protected":false},"featured_media":0,"template":"","meta":{"_monsterinsights_skip_tracking":false,"_monsterinsights_sitenote_active":false,"_monsterinsights_sitenote_note":"","_monsterinsights_sitenote_category":0},"product_brand":[],"product_cat":[15563,15564],"product_tag":[],"class_list":{"0":"post-749615","1":"product","2":"type-product","3":"status-publish","5":"product_cat-hobi","6":"product_cat-spor","7":"pa_cilt-ciltsiz","8":"pa_tur-kitap","9":"pa_yayinevi-gazi-kitabevi","10":"pa_yazar-gamze-yildirim-araz","12":"first","13":"instock","14":"sale","15":"shipping-taxable","16":"purchasable","17":"product-type-simple"},"_links":{"self":[{"href":"https:\/\/roveyayinevi.com.tr\/index.php\/wp-json\/wp\/v2\/product\/749615","targetHints":{"allow":["GET"]}}],"collection":[{"href":"https:\/\/roveyayinevi.com.tr\/index.php\/wp-json\/wp\/v2\/product"}],"about":[{"href":"https:\/\/roveyayinevi.com.tr\/index.php\/wp-json\/wp\/v2\/types\/product"}],"wp:attachment":[{"href":"https:\/\/roveyayinevi.com.tr\/index.php\/wp-json\/wp\/v2\/media?parent=749615"}],"wp:term":[{"taxonomy":"product_brand","embeddable":true,"href":"https:\/\/roveyayinevi.com.tr\/index.php\/wp-json\/wp\/v2\/product_brand?post=749615"},{"taxonomy":"product_cat","embeddable":true,"href":"https:\/\/roveyayinevi.com.tr\/index.php\/wp-json\/wp\/v2\/product_cat?post=749615"},{"taxonomy":"product_tag","embeddable":true,"href":"https:\/\/roveyayinevi.com.tr\/index.php\/wp-json\/wp\/v2\/product_tag?post=749615"}],"curies":[{"name":"wp","href":"https:\/\/api.w.org\/{rel}","templated":true}]}}