{"id":749614,"date":"2025-08-28T04:00:07","date_gmt":"2025-08-28T01:00:07","guid":{"rendered":"https:\/\/roveyayinevi.com.tr\/index.php\/urun\/garibnamede-cok-anlamlilik-ve-birlesik-fiiller\/"},"modified":"2026-04-16T03:03:07","modified_gmt":"2026-04-16T00:03:07","slug":"garibnamede-cok-anlamlilik-ve-birlesik-fiiller","status":"publish","type":"product","link":"https:\/\/roveyayinevi.com.tr\/index.php\/urun\/garibnamede-cok-anlamlilik-ve-birlesik-fiiller\/","title":{"rendered":"Garibname\u2019de \u00c7ok Anlaml\u0131l\u0131k ve Birle\u015fik Fiiller"},"content":{"rendered":"<p>Birinci B\u00f6l\u00fcm 1.1. Anadolu\u2019da T\u00fcrk Yaz\u0131 Dilinin Olu\u015fumu 1.2. Anlambilimi ve Anlam 1.3. \u00c7ok Anlaml\u0131l\u0131k (Polysemic-Polisemi) \u0130kinci B\u00f6l\u00fcm 2.1. K\u00f6k H\u00e2linde Olan Fiiller 2.2. T\u00fcremi\u015f Fiiller 2.3. Birle\u015fik Fiiller 2.3.1. \u0130sim + yard\u0131mc\u0131 eylemle olu\u015fan birle\u015fik fiiller 2.3.2. Anlamca Kayna\u015fm\u0131\u015f, Deyimle\u015fmi\u015f Birle\u015fik Fiiller 2.3.3. Kurall\u0131 Birle\u015fik Fiiller (Tasvir Fiilleri) 3. Sonu\u00e7   <\/p>\n","protected":false},"excerpt":{"rendered":"<p>Birinci B\u00f6l\u00fcm 1.1. Anadolu\u2019da T\u00fcrk Yaz\u0131 Dilinin Olu\u015fumu 1.2. Anlambilimi ve Anlam 1.3. \u00c7ok Anlaml\u0131l\u0131k (Polysemic-Polisemi) \u0130kinci B\u00f6l\u00fcm 2.1. K\u00f6k H\u00e2linde Olan Fiiller 2.2. T\u00fcremi\u015f Fiiller<span class=\"excerpt-hellip\"> [\u2026]<\/span><\/p>\n","protected":false},"featured_media":0,"template":"","meta":{"_monsterinsights_skip_tracking":false,"_monsterinsights_sitenote_active":false,"_monsterinsights_sitenote_note":"","_monsterinsights_sitenote_category":0},"product_brand":[],"product_cat":[20225,12291],"product_tag":[],"class_list":{"0":"post-749614","1":"product","2":"type-product","3":"status-publish","5":"product_cat-dil-bilim","6":"product_cat-edebiyat","7":"pa_cilt-ciltsiz","8":"pa_tur-kitap","9":"pa_yayinevi-gazi-kitabevi","10":"pa_yazar-serpil-soydan","12":"first","13":"instock","14":"sale","15":"shipping-taxable","16":"purchasable","17":"product-type-simple"},"_links":{"self":[{"href":"https:\/\/roveyayinevi.com.tr\/index.php\/wp-json\/wp\/v2\/product\/749614","targetHints":{"allow":["GET"]}}],"collection":[{"href":"https:\/\/roveyayinevi.com.tr\/index.php\/wp-json\/wp\/v2\/product"}],"about":[{"href":"https:\/\/roveyayinevi.com.tr\/index.php\/wp-json\/wp\/v2\/types\/product"}],"wp:attachment":[{"href":"https:\/\/roveyayinevi.com.tr\/index.php\/wp-json\/wp\/v2\/media?parent=749614"}],"wp:term":[{"taxonomy":"product_brand","embeddable":true,"href":"https:\/\/roveyayinevi.com.tr\/index.php\/wp-json\/wp\/v2\/product_brand?post=749614"},{"taxonomy":"product_cat","embeddable":true,"href":"https:\/\/roveyayinevi.com.tr\/index.php\/wp-json\/wp\/v2\/product_cat?post=749614"},{"taxonomy":"product_tag","embeddable":true,"href":"https:\/\/roveyayinevi.com.tr\/index.php\/wp-json\/wp\/v2\/product_tag?post=749614"}],"curies":[{"name":"wp","href":"https:\/\/api.w.org\/{rel}","templated":true}]}}