{"id":749613,"date":"2025-08-28T04:00:06","date_gmt":"2025-08-28T01:00:06","guid":{"rendered":"https:\/\/roveyayinevi.com.tr\/index.php\/urun\/20-yuzyilda-edirne-ipekbocekciliginin-tarihsel-seruveni\/"},"modified":"2026-04-16T03:03:07","modified_gmt":"2026-04-16T00:03:07","slug":"20-yuzyilda-edirne-ipekbocekciliginin-tarihsel-seruveni","status":"publish","type":"product","link":"https:\/\/roveyayinevi.com.tr\/index.php\/urun\/20-yuzyilda-edirne-ipekbocekciliginin-tarihsel-seruveni\/","title":{"rendered":"20. Y\u00fczy\u0131lda Edirne \u0130pekb\u00f6cek\u00e7ili\u011finin Tarihsel Ser\u00fcveni"},"content":{"rendered":"<p>B\u0130R\u0130NC\u0130 B\u00d6L\u00dcM 1. K\u00dcRESELDEN YERELE \u0130PEKB\u00d6CEK\u00c7\u0130L\u0130\u011e\u0130N\u0130N TAR\u0130H\u0130   \u0130K\u0130NC\u0130 B\u00d6L\u00dcM 2.Z\u0130RA\u0130 VE B\u0130YOLOJ\u0130K Y\u00d6NLER\u0130YLE \u0130PEKB\u00d6CEK\u00c7\u0130L\u0130\u011e\u0130   \u00dc\u00c7\u00dcNC\u00dc B\u00d6L\u00dcM 3.ED\u0130RNE\u2019DE \u0130PEKB\u00d6CEK\u00c7\u0130L\u0130\u011e\u0130 EKONOM\u0130S\u0130   D\u00d6RD\u00dcNC\u00dc B\u00d6L\u00dcM 4.ED\u0130RNE \u0130PEKB\u00d6CEK\u00c7\u0130L\u0130\u011e\u0130NDE DEVLET\u0130N ROL\u00dc <\/p>\n","protected":false},"excerpt":{"rendered":"<p>B\u0130R\u0130NC\u0130 B\u00d6L\u00dcM 1. K\u00dcRESELDEN YERELE \u0130PEKB\u00d6CEK\u00c7\u0130L\u0130\u011e\u0130N\u0130N TAR\u0130H\u0130 \u0130K\u0130NC\u0130 B\u00d6L\u00dcM 2.Z\u0130RA\u0130 VE B\u0130YOLOJ\u0130K Y\u00d6NLER\u0130YLE \u0130PEKB\u00d6CEK\u00c7\u0130L\u0130\u011e\u0130 \u00dc\u00c7\u00dcNC\u00dc B\u00d6L\u00dcM 3.ED\u0130RNE\u2019DE \u0130PEKB\u00d6CEK\u00c7\u0130L\u0130\u011e\u0130 EKONOM\u0130S\u0130 D\u00d6RD\u00dcNC\u00dc B\u00d6L\u00dcM 4.ED\u0130RNE \u0130PEKB\u00d6CEK\u00c7\u0130L\u0130\u011e\u0130NDE DEVLET\u0130N ROL\u00dc<\/p>\n","protected":false},"featured_media":0,"template":"","meta":{"_monsterinsights_skip_tracking":false,"_monsterinsights_sitenote_active":false,"_monsterinsights_sitenote_note":"","_monsterinsights_sitenote_category":0},"product_brand":[],"product_cat":[12573,12566],"product_tag":[],"class_list":{"0":"post-749613","1":"product","2":"type-product","3":"status-publish","5":"product_cat-akademik-kitaplar","6":"product_cat-egitim","7":"pa_cilt-ciltsiz","8":"pa_tur-kitap","9":"pa_yayinevi-gazi-kitabevi","10":"pa_yazar-okan-ceylan","12":"first","13":"instock","14":"sale","15":"shipping-taxable","16":"purchasable","17":"product-type-simple"},"_links":{"self":[{"href":"https:\/\/roveyayinevi.com.tr\/index.php\/wp-json\/wp\/v2\/product\/749613","targetHints":{"allow":["GET"]}}],"collection":[{"href":"https:\/\/roveyayinevi.com.tr\/index.php\/wp-json\/wp\/v2\/product"}],"about":[{"href":"https:\/\/roveyayinevi.com.tr\/index.php\/wp-json\/wp\/v2\/types\/product"}],"wp:attachment":[{"href":"https:\/\/roveyayinevi.com.tr\/index.php\/wp-json\/wp\/v2\/media?parent=749613"}],"wp:term":[{"taxonomy":"product_brand","embeddable":true,"href":"https:\/\/roveyayinevi.com.tr\/index.php\/wp-json\/wp\/v2\/product_brand?post=749613"},{"taxonomy":"product_cat","embeddable":true,"href":"https:\/\/roveyayinevi.com.tr\/index.php\/wp-json\/wp\/v2\/product_cat?post=749613"},{"taxonomy":"product_tag","embeddable":true,"href":"https:\/\/roveyayinevi.com.tr\/index.php\/wp-json\/wp\/v2\/product_tag?post=749613"}],"curies":[{"name":"wp","href":"https:\/\/api.w.org\/{rel}","templated":true}]}}