{"id":749606,"date":"2025-08-28T03:59:53","date_gmt":"2025-08-28T00:59:53","guid":{"rendered":"https:\/\/roveyayinevi.com.tr\/index.php\/urun\/avengers-yok-olus-anahtari\/"},"modified":"2026-04-16T03:03:07","modified_gmt":"2026-04-16T00:03:07","slug":"avengers-yok-olus-anahtari","status":"publish","type":"product","link":"https:\/\/roveyayinevi.com.tr\/index.php\/urun\/avengers-yok-olus-anahtari\/","title":{"rendered":"Avengers: Yok Olu\u015f Anahtar\u0131"},"content":{"rendered":"<p>D\u00fcnya\u2019n\u0131n en g\u00fc\u00e7l\u00fc kahramanlar\u0131 Kaptan Amerika, Demir Adam, Thor, Kara Dul ve Ye\u015fil Dev ne zaman d\u00fcnyay\u0131 tehdit eden evrensel bir tehlike peyda olsa, onlarla sava\u015fmak i\u00e7in bir araya gelirler. Onlar Yenilmezler\u2019dir. Fakat baz\u0131 tehlikeler, baz\u0131 tehditler \u00e7a\u011flar\u0131n da \u00f6tesine uzan\u0131r. Y\u00fczy\u0131llar \u00f6ncesinden gizemli bir Anahtar vard\u0131r. Bu \u00f6yle bir Anahtar\u2019d\u0131r ki ak\u0131lalmaz ve son derece gizli enerjileri aktarabilir. D\u00fc\u015fman Zodyak bu enerjileri kullanmak isteyince, onlarla m\u00fccadele etmek i\u00e7in daha \u00f6nce e\u015fi benzeri g\u00f6r\u00fclmemi\u015f bir grup kahraman antik \u00e7a\u011flar\u0131n\u0131n Yenilmezler\u2019i olarak bir araya gelir ve b\u00fcy\u00fck bir sava\u015f \u00e7\u0131kar. Gezegen korkun\u00e7 hasarlar alm\u0131\u015f, Anahtar ise kaybolmu\u015ftur. Zodyak \u00fcyeleri saklan\u0131p g\u00f6lgelerin aras\u0131ndan d\u00fcnyada olup bitenleri etkilemeye devam ederken, bir yandan da geri d\u00f6n\u00fc\u015flerine \u00f6nc\u00fcl\u00fck edecek y\u0131ld\u0131zlar\u0131n denkle\u015fmesini beklerler. 21. y\u00fczy\u0131lda, 12 burcun \u00f6zelliklerini ta\u015f\u0131yan tuhaf varl\u0131klar ortaya \u00e7\u0131k\u0131nca, Yenilmezler tekrar bir araya gelir. Ama bu modern kahramanlardan olu\u015fan ekip kendi aralar\u0131nda g\u00fc\u00e7lerini b\u00f6l\u00fcnce, d\u00fc\u015fman gitgide daha \u00e7ok g\u00fc\u00e7lenir. Ve mecburen\u2026 Yeniden Yok Olu\u015f Anahtar\u0131\u2019n\u0131n pe\u015fine d\u00fc\u015ferler\u2026   \u00c7\u00fcnk\u00fc Yenilmezler onu bulamazsa d\u00fcnyam\u0131z\u0131n sonu gelmi\u015f demektir.<\/p>\n","protected":false},"excerpt":{"rendered":"<p>D\u00fcnya\u2019n\u0131n en g\u00fc\u00e7l\u00fc kahramanlar\u0131 Kaptan Amerika, Demir Adam, Thor, Kara Dul ve Ye\u015fil Dev ne zaman d\u00fcnyay\u0131 tehdit eden evrensel bir tehlike peyda olsa, onlarla sava\u015fmak<span class=\"excerpt-hellip\"> [\u2026]<\/span><\/p>\n","protected":false},"featured_media":0,"template":"","meta":{"_monsterinsights_skip_tracking":false,"_monsterinsights_sitenote_active":false,"_monsterinsights_sitenote_note":"","_monsterinsights_sitenote_category":0},"product_brand":[],"product_cat":[12416,12291],"product_tag":[],"class_list":{"0":"post-749606","1":"product","2":"type-product","3":"status-publish","5":"product_cat-cizgi-roman","6":"product_cat-edebiyat","7":"pa_cilt-ciltsiz","8":"pa_tur-kitap","9":"pa_yayinevi-epsilon-yayinlari","10":"pa_yazar-greg-keyes","12":"first","13":"instock","14":"sale","15":"shipping-taxable","16":"purchasable","17":"product-type-simple"},"_links":{"self":[{"href":"https:\/\/roveyayinevi.com.tr\/index.php\/wp-json\/wp\/v2\/product\/749606","targetHints":{"allow":["GET"]}}],"collection":[{"href":"https:\/\/roveyayinevi.com.tr\/index.php\/wp-json\/wp\/v2\/product"}],"about":[{"href":"https:\/\/roveyayinevi.com.tr\/index.php\/wp-json\/wp\/v2\/types\/product"}],"wp:attachment":[{"href":"https:\/\/roveyayinevi.com.tr\/index.php\/wp-json\/wp\/v2\/media?parent=749606"}],"wp:term":[{"taxonomy":"product_brand","embeddable":true,"href":"https:\/\/roveyayinevi.com.tr\/index.php\/wp-json\/wp\/v2\/product_brand?post=749606"},{"taxonomy":"product_cat","embeddable":true,"href":"https:\/\/roveyayinevi.com.tr\/index.php\/wp-json\/wp\/v2\/product_cat?post=749606"},{"taxonomy":"product_tag","embeddable":true,"href":"https:\/\/roveyayinevi.com.tr\/index.php\/wp-json\/wp\/v2\/product_tag?post=749606"}],"curies":[{"name":"wp","href":"https:\/\/api.w.org\/{rel}","templated":true}]}}