{"id":749605,"date":"2025-08-28T03:59:52","date_gmt":"2025-08-28T00:59:52","guid":{"rendered":"https:\/\/roveyayinevi.com.tr\/index.php\/urun\/felsefenin-kraliceleri\/"},"modified":"2026-04-16T03:03:07","modified_gmt":"2026-04-16T00:03:07","slug":"felsefenin-kraliceleri","status":"publish","type":"product","link":"https:\/\/roveyayinevi.com.tr\/index.php\/urun\/felsefenin-kraliceleri\/","title":{"rendered":"Felsefenin Krali\u00e7eleri"},"content":{"rendered":"<p>\u201cMuhte\u015fem. Felsefe d\u00fcnyas\u0131ndaki kad\u0131nlar\u0131n, kad\u0131n filozoflar\u0131 anlatt\u0131\u011f\u0131 bir kitap. Bay\u0131ld\u0131m!.&#8221;\u2212Elif \u015eafak    Kad\u0131n filozoflar nerede? Cevab\u0131 tam da burada.Felsefe tarihi, kad\u0131nlara adil davranmad\u0131. Platon, Kant,Nietzsche, Locke isimlerini muhtemelen duymu\u015fsunuzdur.Peki Hypatia\u2019y\u0131, Arendt\u2019i, Oluwole\u2019yi, Young\u2019\u0131?Felsefenin Krali\u00e7eleri, felsefenin kalbinde yer alan kad\u0131nlar\u0131nya\u015famlar\u0131 ve eserleri hakk\u0131nda uzun zamand\u0131r beklenen birkitap. Bu derleme, fikirleri d\u00fcnyay\u0131 etkilemi\u015f fakat \u00e7o\u011fuzaman hak etti\u011fi takdiri g\u00f6rmemi\u015f yirmi \u00f6nemlikad\u0131n\u0131 merkezine al\u0131yor.Antik \u00c7in\u2019deki ilk kad\u0131n tarih\u00e7i Ban Zhao\u2019dan Amerika\u2019dakiBlack Power Hareketi\u2019nin sembol\u00fc Angela Davis\u2019e, Sokrates\u2019in hocas\u0131 Diotima\u2019ya kadar bir\u00e7ok ismi tan\u0131yacaks\u0131n\u0131z. Kad\u0131n filozoflar\u0131n nerede oldu\u011funu merak edenlerya da fikirler tarihi merakl\u0131lar\u0131 i\u00e7infelsefenin krali\u00e7eleriyle tan\u0131\u015fma zaman\u0131!<\/p>\n","protected":false},"excerpt":{"rendered":"<p>\u201cMuhte\u015fem. Felsefe d\u00fcnyas\u0131ndaki kad\u0131nlar\u0131n, kad\u0131n filozoflar\u0131 anlatt\u0131\u011f\u0131 bir kitap. Bay\u0131ld\u0131m!.&#8221;\u2212Elif \u015eafak Kad\u0131n filozoflar nerede? Cevab\u0131 tam da burada.Felsefe tarihi, kad\u0131nlara adil davranmad\u0131. Platon, Kant,Nietzsche, Locke isimlerini<span class=\"excerpt-hellip\"> [\u2026]<\/span><\/p>\n","protected":false},"featured_media":0,"template":"","meta":{"_monsterinsights_skip_tracking":false,"_monsterinsights_sitenote_active":false,"_monsterinsights_sitenote_note":"","_monsterinsights_sitenote_category":0},"product_brand":[],"product_cat":[12388],"product_tag":[],"class_list":{"0":"post-749605","1":"product","2":"type-product","3":"status-publish","5":"product_cat-felsefe","6":"pa_cilt-ciltsiz","7":"pa_tur-kitap","8":"pa_yayinevi-epsilon-yayinlari","9":"pa_yazar-rebecca-buxton-lisa-whiting","11":"first","12":"instock","13":"sale","14":"shipping-taxable","15":"purchasable","16":"product-type-simple"},"_links":{"self":[{"href":"https:\/\/roveyayinevi.com.tr\/index.php\/wp-json\/wp\/v2\/product\/749605","targetHints":{"allow":["GET"]}}],"collection":[{"href":"https:\/\/roveyayinevi.com.tr\/index.php\/wp-json\/wp\/v2\/product"}],"about":[{"href":"https:\/\/roveyayinevi.com.tr\/index.php\/wp-json\/wp\/v2\/types\/product"}],"wp:attachment":[{"href":"https:\/\/roveyayinevi.com.tr\/index.php\/wp-json\/wp\/v2\/media?parent=749605"}],"wp:term":[{"taxonomy":"product_brand","embeddable":true,"href":"https:\/\/roveyayinevi.com.tr\/index.php\/wp-json\/wp\/v2\/product_brand?post=749605"},{"taxonomy":"product_cat","embeddable":true,"href":"https:\/\/roveyayinevi.com.tr\/index.php\/wp-json\/wp\/v2\/product_cat?post=749605"},{"taxonomy":"product_tag","embeddable":true,"href":"https:\/\/roveyayinevi.com.tr\/index.php\/wp-json\/wp\/v2\/product_tag?post=749605"}],"curies":[{"name":"wp","href":"https:\/\/api.w.org\/{rel}","templated":true}]}}