{"id":749604,"date":"2025-08-28T03:59:51","date_gmt":"2025-08-28T00:59:51","guid":{"rendered":"https:\/\/roveyayinevi.com.tr\/index.php\/urun\/kristal-prenses\/"},"modified":"2026-04-16T03:03:07","modified_gmt":"2026-04-16T00:03:07","slug":"kristal-prenses","status":"publish","type":"product","link":"https:\/\/roveyayinevi.com.tr\/index.php\/urun\/kristal-prenses\/","title":{"rendered":"Kristal Prenses"},"content":{"rendered":"<p>Prens Barlas, endi\u015felerini anl\u0131yordu. Hatta i\u00e7 seslerini duydu\u011fu i\u00e7in hiddetlerinin esas nedeninin korku oldu\u011funu g\u00f6rebiliyordu.                    \u201cZaten onu biz yok etmeyece\u011fiz. Sadece biri bunu yapabilir. Kaderinde g\u00fcm\u00fc\u015f kristalin g\u00fcc\u00fcn\u00fcn sahibi olan.\u201d                    \u201cO kim? O kim?\u201d diye herkes etraf\u0131na bak\u0131n\u0131r ve sorgular oldu.                    \u201cOnu bulmak i\u00e7in elele vermemiz gerek. \u0130\u015fte tam bu konuda yard\u0131m\u0131n\u0131z laz\u0131m. Sorular\u0131n\u0131z oldu\u011funun fark\u0131nday\u0131m a\u00e7\u0131klamama izin verin.\u201d                    O kadar yumu\u015fak ve \u015fefkatli bir ses tonu vard\u0131 ki, herkesin ruhunu ok\u015fuyordu. Onlar\u0131n, derinle\u015fen korkular\u0131n\u0131 usulca toparl\u0131yor yerine umut koyuyordu. Nezaketi b\u00fct\u00fcn s\u0131radan kelimeleri ku\u015fand\u0131r\u0131p takdim eder gibiydi.                    \u201cBu topraklarda do\u011fmu\u015f bir ruh i\u00e7in s\u00f6ylenen bir kehanet var. \u00d6yle ki o ruh yedi erdemle ku\u015fat\u0131lm\u0131\u015f ve g\u00fcm\u00fc\u015f kristalin yegane sahibi. Kalbinin g\u00fczelli\u011fi g\u00f6z kama\u015ft\u0131r\u0131c\u0131, sesi hayranl\u0131k uyand\u0131r\u0131c\u0131 olan bir ruh. Elleri kadar dili de \u015fifa veren, merhametli ve \u00f6zverili. Zaman\u0131n \u00f6tesinde, ya\u015f\u0131n\u0131n aksine, hen\u00fcz kendinin bile tam olarak ke\u015ffedemedi\u011fi bir bilgeli\u011fe sahip. Adil ve d\u00fcr\u00fcst. Sizin tabirinizle masallardaki prensesler gibi ama ger\u00e7ek biri. Sava\u015f\u00e7\u0131 ve m\u00fccadeleci, kararl\u0131 ve inat\u00e7\u0131. \u0130nsanlar\u0131n kalbinin karanl\u0131\u011f\u0131n\u0131 ayd\u0131nlatacak olan ve hepimizi kurtarmak i\u00e7in kendini feda edecek olan ay ve g\u00fcne\u015fin k\u0131z\u0131. Hayat p\u0131nar\u0131. Onun hakk\u0131nda duyduklar\u0131m\u0131z nesilden nesile aktar\u0131lanlar bunlar. Kaderinde kristalin g\u00fcc\u00fcn\u00fc kalbinin \u0131\u015f\u0131\u011f\u0131yla ortaya \u00e7\u0131karmak var.\u201d <\/p>\n","protected":false},"excerpt":{"rendered":"<p>Prens Barlas, endi\u015felerini anl\u0131yordu. Hatta i\u00e7 seslerini duydu\u011fu i\u00e7in hiddetlerinin esas nedeninin korku oldu\u011funu g\u00f6rebiliyordu. \u201cZaten onu biz yok etmeyece\u011fiz. Sadece biri bunu yapabilir. Kaderinde g\u00fcm\u00fc\u015f<span class=\"excerpt-hellip\"> [\u2026]<\/span><\/p>\n","protected":false},"featured_media":0,"template":"","meta":{"_monsterinsights_skip_tracking":false,"_monsterinsights_sitenote_active":false,"_monsterinsights_sitenote_note":"","_monsterinsights_sitenote_category":0},"product_brand":[],"product_cat":[12291,14777],"product_tag":[],"class_list":{"0":"post-749604","1":"product","2":"type-product","3":"status-publish","5":"product_cat-edebiyat","6":"product_cat-fantastik","7":"pa_cilt-ciltsiz","8":"pa_tur-kitap","9":"pa_yayinevi-ayata-kitap","10":"pa_yazar-aysemsu-kaya","12":"first","13":"instock","14":"sale","15":"shipping-taxable","16":"purchasable","17":"product-type-simple"},"_links":{"self":[{"href":"https:\/\/roveyayinevi.com.tr\/index.php\/wp-json\/wp\/v2\/product\/749604","targetHints":{"allow":["GET"]}}],"collection":[{"href":"https:\/\/roveyayinevi.com.tr\/index.php\/wp-json\/wp\/v2\/product"}],"about":[{"href":"https:\/\/roveyayinevi.com.tr\/index.php\/wp-json\/wp\/v2\/types\/product"}],"wp:attachment":[{"href":"https:\/\/roveyayinevi.com.tr\/index.php\/wp-json\/wp\/v2\/media?parent=749604"}],"wp:term":[{"taxonomy":"product_brand","embeddable":true,"href":"https:\/\/roveyayinevi.com.tr\/index.php\/wp-json\/wp\/v2\/product_brand?post=749604"},{"taxonomy":"product_cat","embeddable":true,"href":"https:\/\/roveyayinevi.com.tr\/index.php\/wp-json\/wp\/v2\/product_cat?post=749604"},{"taxonomy":"product_tag","embeddable":true,"href":"https:\/\/roveyayinevi.com.tr\/index.php\/wp-json\/wp\/v2\/product_tag?post=749604"}],"curies":[{"name":"wp","href":"https:\/\/api.w.org\/{rel}","templated":true}]}}