{"id":749603,"date":"2025-08-28T03:59:50","date_gmt":"2025-08-28T00:59:50","guid":{"rendered":"https:\/\/roveyayinevi.com.tr\/index.php\/urun\/her-seyin-sirri\/"},"modified":"2026-04-08T03:09:15","modified_gmt":"2026-04-08T00:09:15","slug":"her-seyin-sirri","status":"publish","type":"product","link":"https:\/\/roveyayinevi.com.tr\/index.php\/urun\/her-seyin-sirri\/","title":{"rendered":"Her \u015eeyin S\u0131rr\u0131"},"content":{"rendered":"<p>HER \u015eEY\u0130N SIRRI\u201dNA ULA\u015eAB\u0130LMEKM\u00dcMK\u00dcN M\u00dc? Psikiyatrist ve filozof Dr. Neel BurtonHer \u015eeyin S\u0131rr\u0131\u2019nda daha iyi bir hayat i\u00e7in uygulanabilecek, hepsi ayn\u0131 evrensel \u00f6\u011freti etraf\u0131nda in\u015fa edilmi\u015f on ad\u0131mdan olu\u015fan bir k\u0131lavuz sunuyor. Kitab\u0131n sonundaysa g\u00f6r\u00fclmesi olduk\u00e7a zor ve temel varsay\u0131mlara tersd\u00fc\u015fen \u201cs\u0131r\u201d a\u00e7\u0131\u011fa \u00e7\u0131k\u0131yor.Felsefe ve bilim taraf\u0131ndan do\u011frulanan bu s\u0131rra ula\u015fmak i\u00e7in yapman\u0131z gereken tek \u015fey, on ad\u0131m\u0131n ortak noktas\u0131n\u0131 ke\u015ffetmek. Sak\u0131n aceleci davran\u0131p b\u00f6l\u00fcmleri atlamay\u0131n, yoksa b\u00fct\u00fcne\u011flenceyi ka\u00e7\u0131r\u0131rs\u0131n\u0131z.\u015eimdi l\u00fctfen rahat bir koltu\u011fa oturun vebu yolculu\u011fun tad\u0131n\u0131 \u00e7\u0131kar\u0131n\u2026<\/p>\n","protected":false},"excerpt":{"rendered":"<p>HER \u015eEY\u0130N SIRRI\u201dNA ULA\u015eAB\u0130LMEKM\u00dcMK\u00dcN M\u00dc? Psikiyatrist ve filozof Dr. Neel BurtonHer \u015eeyin S\u0131rr\u0131\u2019nda daha iyi bir hayat i\u00e7in uygulanabilecek, hepsi ayn\u0131 evrensel \u00f6\u011freti etraf\u0131nda in\u015fa edilmi\u015f<span class=\"excerpt-hellip\"> [\u2026]<\/span><\/p>\n","protected":false},"featured_media":0,"template":"","meta":{"_monsterinsights_skip_tracking":false,"_monsterinsights_sitenote_active":false,"_monsterinsights_sitenote_note":"","_monsterinsights_sitenote_category":0},"product_brand":[],"product_cat":[12364,12376],"product_tag":[],"class_list":{"0":"post-749603","1":"product","2":"type-product","3":"status-publish","5":"product_cat-genel-konular","6":"product_cat-kisisel-gelisim","7":"pa_cilt-ciltsiz","8":"pa_tur-kitap","9":"pa_yayinevi-nemesis-kitap","10":"pa_yazar-neel-burton","12":"first","13":"instock","14":"sale","15":"shipping-taxable","16":"purchasable","17":"product-type-simple"},"_links":{"self":[{"href":"https:\/\/roveyayinevi.com.tr\/index.php\/wp-json\/wp\/v2\/product\/749603","targetHints":{"allow":["GET"]}}],"collection":[{"href":"https:\/\/roveyayinevi.com.tr\/index.php\/wp-json\/wp\/v2\/product"}],"about":[{"href":"https:\/\/roveyayinevi.com.tr\/index.php\/wp-json\/wp\/v2\/types\/product"}],"wp:attachment":[{"href":"https:\/\/roveyayinevi.com.tr\/index.php\/wp-json\/wp\/v2\/media?parent=749603"}],"wp:term":[{"taxonomy":"product_brand","embeddable":true,"href":"https:\/\/roveyayinevi.com.tr\/index.php\/wp-json\/wp\/v2\/product_brand?post=749603"},{"taxonomy":"product_cat","embeddable":true,"href":"https:\/\/roveyayinevi.com.tr\/index.php\/wp-json\/wp\/v2\/product_cat?post=749603"},{"taxonomy":"product_tag","embeddable":true,"href":"https:\/\/roveyayinevi.com.tr\/index.php\/wp-json\/wp\/v2\/product_tag?post=749603"}],"curies":[{"name":"wp","href":"https:\/\/api.w.org\/{rel}","templated":true}]}}