{"id":749601,"date":"2025-08-28T03:59:48","date_gmt":"2025-08-28T00:59:48","guid":{"rendered":"https:\/\/roveyayinevi.com.tr\/index.php\/urun\/ekonomik-analizleri-ve-ekonomiye-yansimalariyla-para-banka-ve-dis-ticaret-i\/"},"modified":"2026-04-16T03:03:07","modified_gmt":"2026-04-16T00:03:07","slug":"ekonomik-analizleri-ve-ekonomiye-yansimalariyla-para-banka-ve-dis-ticaret-i","status":"publish","type":"product","link":"https:\/\/roveyayinevi.com.tr\/index.php\/urun\/ekonomik-analizleri-ve-ekonomiye-yansimalariyla-para-banka-ve-dis-ticaret-i\/","title":{"rendered":"Ekonomik Analizleri ve Ekonomiye Yans\u0131malar\u0131yla Para, Banka ve D\u0131\u015f Ticaret I"},"content":{"rendered":"<p>\u00b7         Osmanl\u0131 \u0130mparatorlu\u011fu\u2019ndan G\u00fcn\u00fcm\u00fcze Para Vak\u0131flar\u0131 \u00b7         S\u00fcrd\u00fcr\u00fclebilirlik Uyum \u00c7er\u00e7eve Raporu ve Bist Sigorta \u015eirketlerinin Analizi \u00b7         Pandemik Sal\u0131g\u0131n Covid-19 S\u00fcreci T\u00fcrkiye Ekonomisi Para ve Maliye Politikas\u0131 Uygulamalar\u0131 \u00b7         Avrupa Birli\u011fi S\u0131n\u0131rda Karbon D\u00fczenlemesi ve T\u00fcrkiye\u2019nin \u0130hracat\u0131na Olas\u0131 Yans\u0131malar\u0131 \u00b7         Enflasyon Hedeflemesi ve T\u00fcrkiye Ekonomisinde EnflasyonGeli\u015fmeleri ile \u0130lgili Bir Ara\u015ft\u0131rma \u00b7         Azerbaycan-T\u00fcrkiye \u0130li\u015fkilerinin Ekonomik Analizi \u00b7         \u0130klim Krizinin Para, Banka ve D\u0131\u015f Ticarete Yans\u0131malar\u0131 \u00b7         Hidroelektrik T\u00fcketimi ve Ekonomik B\u00fcy\u00fcme \u0130li\u015fkisi: BRICT \u00dclkeleri \u00dczerine Ampirik Bir \u00c7al\u0131\u015fma \u00b7         Banka Kredi B\u00fcy\u00fcmesi, Banka Performans\u0131 ve Ekonomik B\u00fcy\u00fcme Aras\u0131ndaki \u0130li\u015fki \u00b7         Do\u011frudan Yabanc\u0131 Yat\u0131r\u0131mlar\u0131n \u0130hracata Etkisi: OECD \u00dclkelerinden Yeni Kan\u0131tlar <\/p>\n","protected":false},"excerpt":{"rendered":"<p>\u00b7 Osmanl\u0131 \u0130mparatorlu\u011fu\u2019ndan G\u00fcn\u00fcm\u00fcze Para Vak\u0131flar\u0131 \u00b7 S\u00fcrd\u00fcr\u00fclebilirlik Uyum \u00c7er\u00e7eve Raporu ve Bist Sigorta \u015eirketlerinin Analizi \u00b7 Pandemik Sal\u0131g\u0131n Covid-19 S\u00fcreci T\u00fcrkiye Ekonomisi Para ve Maliye<span class=\"excerpt-hellip\"> [\u2026]<\/span><\/p>\n","protected":false},"featured_media":0,"template":"","meta":{"_monsterinsights_skip_tracking":false,"_monsterinsights_sitenote_active":false,"_monsterinsights_sitenote_note":"","_monsterinsights_sitenote_category":0},"product_brand":[],"product_cat":[13043],"product_tag":[],"class_list":{"0":"post-749601","1":"product","2":"type-product","3":"status-publish","5":"product_cat-ekonomi","6":"pa_cilt-ciltsiz","7":"pa_tur-kitap","8":"pa_yayinevi-gazi-kitabevi","9":"pa_yazar-kolektif","11":"first","12":"instock","13":"sale","14":"shipping-taxable","15":"purchasable","16":"product-type-simple"},"_links":{"self":[{"href":"https:\/\/roveyayinevi.com.tr\/index.php\/wp-json\/wp\/v2\/product\/749601","targetHints":{"allow":["GET"]}}],"collection":[{"href":"https:\/\/roveyayinevi.com.tr\/index.php\/wp-json\/wp\/v2\/product"}],"about":[{"href":"https:\/\/roveyayinevi.com.tr\/index.php\/wp-json\/wp\/v2\/types\/product"}],"wp:attachment":[{"href":"https:\/\/roveyayinevi.com.tr\/index.php\/wp-json\/wp\/v2\/media?parent=749601"}],"wp:term":[{"taxonomy":"product_brand","embeddable":true,"href":"https:\/\/roveyayinevi.com.tr\/index.php\/wp-json\/wp\/v2\/product_brand?post=749601"},{"taxonomy":"product_cat","embeddable":true,"href":"https:\/\/roveyayinevi.com.tr\/index.php\/wp-json\/wp\/v2\/product_cat?post=749601"},{"taxonomy":"product_tag","embeddable":true,"href":"https:\/\/roveyayinevi.com.tr\/index.php\/wp-json\/wp\/v2\/product_tag?post=749601"}],"curies":[{"name":"wp","href":"https:\/\/api.w.org\/{rel}","templated":true}]}}