{"id":749595,"date":"2025-08-28T03:59:41","date_gmt":"2025-08-28T00:59:41","guid":{"rendered":"https:\/\/roveyayinevi.com.tr\/index.php\/urun\/envanter-yatirimlarinin-is-cevrimleri-uzerine-etkisi\/"},"modified":"2026-04-16T03:03:06","modified_gmt":"2026-04-16T00:03:06","slug":"envanter-yatirimlarinin-is-cevrimleri-uzerine-etkisi","status":"publish","type":"product","link":"https:\/\/roveyayinevi.com.tr\/index.php\/urun\/envanter-yatirimlarinin-is-cevrimleri-uzerine-etkisi\/","title":{"rendered":"Envanter Yat\u0131r\u0131mlar\u0131n\u0131n \u0130\u015f \u00c7evrimleri \u00dczerine Etkisi"},"content":{"rendered":"<p>Envanter Yat\u0131r\u0131mlar\u0131n\u0131n \u0130\u015f \u00c7evrimleri \u00dczerine Etkisi<\/p>\n","protected":false},"excerpt":{"rendered":"<p>Envanter Yat\u0131r\u0131mlar\u0131n\u0131n \u0130\u015f \u00c7evrimleri \u00dczerine Etkisi<\/p>\n","protected":false},"featured_media":0,"template":"","meta":{"_monsterinsights_skip_tracking":false,"_monsterinsights_sitenote_active":false,"_monsterinsights_sitenote_note":"","_monsterinsights_sitenote_category":0},"product_brand":[],"product_cat":[13043],"product_tag":[],"class_list":{"0":"post-749595","1":"product","2":"type-product","3":"status-publish","5":"product_cat-ekonomi","6":"pa_cilt-ciltsiz","7":"pa_tur-kitap","8":"pa_yayinevi-gazi-kitabevi","9":"pa_yazar-fulya-tasel","11":"first","12":"instock","13":"sale","14":"shipping-taxable","15":"purchasable","16":"product-type-simple"},"_links":{"self":[{"href":"https:\/\/roveyayinevi.com.tr\/index.php\/wp-json\/wp\/v2\/product\/749595","targetHints":{"allow":["GET"]}}],"collection":[{"href":"https:\/\/roveyayinevi.com.tr\/index.php\/wp-json\/wp\/v2\/product"}],"about":[{"href":"https:\/\/roveyayinevi.com.tr\/index.php\/wp-json\/wp\/v2\/types\/product"}],"wp:attachment":[{"href":"https:\/\/roveyayinevi.com.tr\/index.php\/wp-json\/wp\/v2\/media?parent=749595"}],"wp:term":[{"taxonomy":"product_brand","embeddable":true,"href":"https:\/\/roveyayinevi.com.tr\/index.php\/wp-json\/wp\/v2\/product_brand?post=749595"},{"taxonomy":"product_cat","embeddable":true,"href":"https:\/\/roveyayinevi.com.tr\/index.php\/wp-json\/wp\/v2\/product_cat?post=749595"},{"taxonomy":"product_tag","embeddable":true,"href":"https:\/\/roveyayinevi.com.tr\/index.php\/wp-json\/wp\/v2\/product_tag?post=749595"}],"curies":[{"name":"wp","href":"https:\/\/api.w.org\/{rel}","templated":true}]}}