{"id":749589,"date":"2025-08-28T03:59:34","date_gmt":"2025-08-28T00:59:34","guid":{"rendered":"https:\/\/roveyayinevi.com.tr\/index.php\/urun\/mekansal-ekonometrik-modeller\/"},"modified":"2026-04-16T03:03:06","modified_gmt":"2026-04-16T00:03:06","slug":"mekansal-ekonometrik-modeller","status":"publish","type":"product","link":"https:\/\/roveyayinevi.com.tr\/index.php\/urun\/mekansal-ekonometrik-modeller\/","title":{"rendered":"Mekansal Ekonometrik Modeller"},"content":{"rendered":"<p>1.      B\u00d6L\u00dcM: MEKANSAL REGRESYON MODELLER\u0130 2.      B\u00d6L\u00dcM: PANEL VER\u0130 MODELLER\u0130 3.      B\u00d6L\u00dcM: MEKANSAL PANEL VER\u0130 MODELLER\u0130 4.      B\u00d6L\u00dcM: MEKANSAL PANEL MODELLER \u0130LE T\u00dcRK\u0130YE\u2019DE ELEKTR\u0130K \u00dcRET\u0130M\u0130N\u0130N ANAL\u0130Z\u0130   <\/p>\n","protected":false},"excerpt":{"rendered":"<p>1. B\u00d6L\u00dcM: MEKANSAL REGRESYON MODELLER\u0130 2. B\u00d6L\u00dcM: PANEL VER\u0130 MODELLER\u0130 3. B\u00d6L\u00dcM: MEKANSAL PANEL VER\u0130 MODELLER\u0130 4. B\u00d6L\u00dcM: MEKANSAL PANEL MODELLER \u0130LE T\u00dcRK\u0130YE\u2019DE ELEKTR\u0130K \u00dcRET\u0130M\u0130N\u0130N ANAL\u0130Z\u0130<\/p>\n","protected":false},"featured_media":0,"template":"","meta":{"_monsterinsights_skip_tracking":false,"_monsterinsights_sitenote_active":false,"_monsterinsights_sitenote_note":"","_monsterinsights_sitenote_category":0},"product_brand":[],"product_cat":[13043,17647],"product_tag":[],"class_list":{"0":"post-749589","1":"product","2":"type-product","3":"status-publish","5":"product_cat-ekonomi","6":"product_cat-is-dunyasi","7":"pa_cilt-ciltsiz","8":"pa_tur-kitap","9":"pa_yayinevi-gazi-kitabevi","10":"pa_yazar-havva-gultekin","12":"first","13":"instock","14":"sale","15":"shipping-taxable","16":"purchasable","17":"product-type-simple"},"_links":{"self":[{"href":"https:\/\/roveyayinevi.com.tr\/index.php\/wp-json\/wp\/v2\/product\/749589","targetHints":{"allow":["GET"]}}],"collection":[{"href":"https:\/\/roveyayinevi.com.tr\/index.php\/wp-json\/wp\/v2\/product"}],"about":[{"href":"https:\/\/roveyayinevi.com.tr\/index.php\/wp-json\/wp\/v2\/types\/product"}],"wp:attachment":[{"href":"https:\/\/roveyayinevi.com.tr\/index.php\/wp-json\/wp\/v2\/media?parent=749589"}],"wp:term":[{"taxonomy":"product_brand","embeddable":true,"href":"https:\/\/roveyayinevi.com.tr\/index.php\/wp-json\/wp\/v2\/product_brand?post=749589"},{"taxonomy":"product_cat","embeddable":true,"href":"https:\/\/roveyayinevi.com.tr\/index.php\/wp-json\/wp\/v2\/product_cat?post=749589"},{"taxonomy":"product_tag","embeddable":true,"href":"https:\/\/roveyayinevi.com.tr\/index.php\/wp-json\/wp\/v2\/product_tag?post=749589"}],"curies":[{"name":"wp","href":"https:\/\/api.w.org\/{rel}","templated":true}]}}