{"id":749586,"date":"2025-08-28T03:59:31","date_gmt":"2025-08-28T00:59:31","guid":{"rendered":"https:\/\/roveyayinevi.com.tr\/index.php\/urun\/somut-olmayan-kulturel-miras-yoresel-yemeklerimiz-canakkale-ayvacik-yemekleri\/"},"modified":"2026-04-16T03:03:06","modified_gmt":"2026-04-16T00:03:06","slug":"somut-olmayan-kulturel-miras-yoresel-yemeklerimiz-canakkale-ayvacik-yemekleri","status":"publish","type":"product","link":"https:\/\/roveyayinevi.com.tr\/index.php\/urun\/somut-olmayan-kulturel-miras-yoresel-yemeklerimiz-canakkale-ayvacik-yemekleri\/","title":{"rendered":"Somut Olmayan K\u00fclt\u00fcrel Miras: Y\u00f6resel Yemeklerimiz \u00c7anakkale &#8211; Ayvac\u0131k Yemekleri"},"content":{"rendered":"<p>Somut Olmayan K\u00fclt\u00fcrel Miras: Y\u00f6resel Yemeklerimiz \u00c7anakkale &#8211; Ayvac\u0131k Yemekleri<\/p>\n","protected":false},"excerpt":{"rendered":"<p>Somut Olmayan K\u00fclt\u00fcrel Miras: Y\u00f6resel Yemeklerimiz \u00c7anakkale &#8211; Ayvac\u0131k Yemekleri<\/p>\n","protected":false},"featured_media":0,"template":"","meta":{"_monsterinsights_skip_tracking":false,"_monsterinsights_sitenote_active":false,"_monsterinsights_sitenote_note":"","_monsterinsights_sitenote_category":0},"product_brand":[],"product_cat":[12457],"product_tag":[],"class_list":{"0":"post-749586","1":"product","2":"type-product","3":"status-publish","5":"product_cat-yemek-kitaplari","6":"pa_cilt-ciltsiz","7":"pa_tur-kitap","8":"pa_yayinevi-gazi-kitabevi","9":"pa_yazar-cigdem-ozkan","11":"first","12":"instock","13":"sale","14":"shipping-taxable","15":"purchasable","16":"product-type-simple"},"_links":{"self":[{"href":"https:\/\/roveyayinevi.com.tr\/index.php\/wp-json\/wp\/v2\/product\/749586","targetHints":{"allow":["GET"]}}],"collection":[{"href":"https:\/\/roveyayinevi.com.tr\/index.php\/wp-json\/wp\/v2\/product"}],"about":[{"href":"https:\/\/roveyayinevi.com.tr\/index.php\/wp-json\/wp\/v2\/types\/product"}],"wp:attachment":[{"href":"https:\/\/roveyayinevi.com.tr\/index.php\/wp-json\/wp\/v2\/media?parent=749586"}],"wp:term":[{"taxonomy":"product_brand","embeddable":true,"href":"https:\/\/roveyayinevi.com.tr\/index.php\/wp-json\/wp\/v2\/product_brand?post=749586"},{"taxonomy":"product_cat","embeddable":true,"href":"https:\/\/roveyayinevi.com.tr\/index.php\/wp-json\/wp\/v2\/product_cat?post=749586"},{"taxonomy":"product_tag","embeddable":true,"href":"https:\/\/roveyayinevi.com.tr\/index.php\/wp-json\/wp\/v2\/product_tag?post=749586"}],"curies":[{"name":"wp","href":"https:\/\/api.w.org\/{rel}","templated":true}]}}