{"id":749585,"date":"2025-08-28T03:59:30","date_gmt":"2025-08-28T00:59:30","guid":{"rendered":"https:\/\/roveyayinevi.com.tr\/index.php\/urun\/surdurulebilir-uretim\/"},"modified":"2026-04-16T03:03:06","modified_gmt":"2026-04-16T00:03:06","slug":"surdurulebilir-uretim","status":"publish","type":"product","link":"https:\/\/roveyayinevi.com.tr\/index.php\/urun\/surdurulebilir-uretim\/","title":{"rendered":"S\u00fcrd\u00fcr\u00fclebilir \u00dcretim"},"content":{"rendered":"<p>1.      B\u00d6L\u00dcM: S\u00dcRDD\u00dcR\u00dcLEB\u0130L\u0130R \u00dcRET\u0130M   2.      B\u00d6L\u00dcM: \u00dcRET\u0130M S\u00dcRD\u00dcR\u00dcLEB\u0130L\u0130RL\u0130\u011e\u0130N\u0130N DE\u011eERLEND\u0130R\u0130LMES\u0130 3.   B\u00d6L\u00dcM: S\u00dcRD\u00dcR\u00dcLEB\u0130L\u0130R \u00dcRET\u0130M VE END\u00dcSTR\u0130 4.0<\/p>\n","protected":false},"excerpt":{"rendered":"<p>1. B\u00d6L\u00dcM: S\u00dcRDD\u00dcR\u00dcLEB\u0130L\u0130R \u00dcRET\u0130M 2. B\u00d6L\u00dcM: \u00dcRET\u0130M S\u00dcRD\u00dcR\u00dcLEB\u0130L\u0130RL\u0130\u011e\u0130N\u0130N DE\u011eERLEND\u0130R\u0130LMES\u0130 3. B\u00d6L\u00dcM: S\u00dcRD\u00dcR\u00dcLEB\u0130L\u0130R \u00dcRET\u0130M VE END\u00dcSTR\u0130 4.0<\/p>\n","protected":false},"featured_media":0,"template":"","meta":{"_monsterinsights_skip_tracking":false,"_monsterinsights_sitenote_active":false,"_monsterinsights_sitenote_note":"","_monsterinsights_sitenote_category":0},"product_brand":[],"product_cat":[13043],"product_tag":[],"class_list":{"0":"post-749585","1":"product","2":"type-product","3":"status-publish","5":"product_cat-ekonomi","6":"pa_cilt-ciltsiz","7":"pa_tur-kitap","8":"pa_yayinevi-gazi-kitabevi","9":"pa_yazar-esra-karakas","11":"first","12":"instock","13":"sale","14":"shipping-taxable","15":"purchasable","16":"product-type-simple"},"_links":{"self":[{"href":"https:\/\/roveyayinevi.com.tr\/index.php\/wp-json\/wp\/v2\/product\/749585","targetHints":{"allow":["GET"]}}],"collection":[{"href":"https:\/\/roveyayinevi.com.tr\/index.php\/wp-json\/wp\/v2\/product"}],"about":[{"href":"https:\/\/roveyayinevi.com.tr\/index.php\/wp-json\/wp\/v2\/types\/product"}],"wp:attachment":[{"href":"https:\/\/roveyayinevi.com.tr\/index.php\/wp-json\/wp\/v2\/media?parent=749585"}],"wp:term":[{"taxonomy":"product_brand","embeddable":true,"href":"https:\/\/roveyayinevi.com.tr\/index.php\/wp-json\/wp\/v2\/product_brand?post=749585"},{"taxonomy":"product_cat","embeddable":true,"href":"https:\/\/roveyayinevi.com.tr\/index.php\/wp-json\/wp\/v2\/product_cat?post=749585"},{"taxonomy":"product_tag","embeddable":true,"href":"https:\/\/roveyayinevi.com.tr\/index.php\/wp-json\/wp\/v2\/product_tag?post=749585"}],"curies":[{"name":"wp","href":"https:\/\/api.w.org\/{rel}","templated":true}]}}