{"id":749584,"date":"2025-08-28T03:59:29","date_gmt":"2025-08-28T00:59:29","guid":{"rendered":"https:\/\/roveyayinevi.com.tr\/index.php\/urun\/entegre-raporlamanin-ic-degisim-mekanizmasi-ve-yatirimci-kararlari-uzerindeki-etkisi\/"},"modified":"2026-04-16T03:03:06","modified_gmt":"2026-04-16T00:03:06","slug":"entegre-raporlamanin-ic-degisim-mekanizmasi-ve-yatirimci-kararlari-uzerindeki-etkisi","status":"publish","type":"product","link":"https:\/\/roveyayinevi.com.tr\/index.php\/urun\/entegre-raporlamanin-ic-degisim-mekanizmasi-ve-yatirimci-kararlari-uzerindeki-etkisi\/","title":{"rendered":"Entegre Raporlaman\u0131n \u0130\u00e7 De\u011fi\u015fim Mekanizmas\u0131 ve Yat\u0131r\u0131mc\u0131 Kararlar\u0131 \u00dczerindeki Etkisi"},"content":{"rendered":"<p>Entegre Raporlaman\u0131n \u0130\u00e7 De\u011fi\u015fim Mekanizmas\u0131 ve Yat\u0131r\u0131mc\u0131 Kararlar\u0131 \u00dczerindeki Etkisi<\/p>\n","protected":false},"excerpt":{"rendered":"<p>Entegre Raporlaman\u0131n \u0130\u00e7 De\u011fi\u015fim Mekanizmas\u0131 ve Yat\u0131r\u0131mc\u0131 Kararlar\u0131 \u00dczerindeki Etkisi<\/p>\n","protected":false},"featured_media":0,"template":"","meta":{"_monsterinsights_skip_tracking":false,"_monsterinsights_sitenote_active":false,"_monsterinsights_sitenote_note":"","_monsterinsights_sitenote_category":0},"product_brand":[],"product_cat":[13043],"product_tag":[],"class_list":{"0":"post-749584","1":"product","2":"type-product","3":"status-publish","5":"product_cat-ekonomi","6":"pa_cilt-ciltsiz","7":"pa_tur-kitap","8":"pa_yayinevi-gazi-kitabevi","9":"pa_yazar-ahmet-akbas","11":"first","12":"instock","13":"sale","14":"shipping-taxable","15":"purchasable","16":"product-type-simple"},"_links":{"self":[{"href":"https:\/\/roveyayinevi.com.tr\/index.php\/wp-json\/wp\/v2\/product\/749584","targetHints":{"allow":["GET"]}}],"collection":[{"href":"https:\/\/roveyayinevi.com.tr\/index.php\/wp-json\/wp\/v2\/product"}],"about":[{"href":"https:\/\/roveyayinevi.com.tr\/index.php\/wp-json\/wp\/v2\/types\/product"}],"wp:attachment":[{"href":"https:\/\/roveyayinevi.com.tr\/index.php\/wp-json\/wp\/v2\/media?parent=749584"}],"wp:term":[{"taxonomy":"product_brand","embeddable":true,"href":"https:\/\/roveyayinevi.com.tr\/index.php\/wp-json\/wp\/v2\/product_brand?post=749584"},{"taxonomy":"product_cat","embeddable":true,"href":"https:\/\/roveyayinevi.com.tr\/index.php\/wp-json\/wp\/v2\/product_cat?post=749584"},{"taxonomy":"product_tag","embeddable":true,"href":"https:\/\/roveyayinevi.com.tr\/index.php\/wp-json\/wp\/v2\/product_tag?post=749584"}],"curies":[{"name":"wp","href":"https:\/\/api.w.org\/{rel}","templated":true}]}}