{"id":749583,"date":"2025-08-28T03:59:28","date_gmt":"2025-08-28T00:59:28","guid":{"rendered":"https:\/\/roveyayinevi.com.tr\/index.php\/urun\/girisim-sermayesi-sirketlerinin-uluslararasi-bazda-finansal-performans-analizi\/"},"modified":"2026-04-16T03:03:06","modified_gmt":"2026-04-16T00:03:06","slug":"girisim-sermayesi-sirketlerinin-uluslararasi-bazda-finansal-performans-analizi","status":"publish","type":"product","link":"https:\/\/roveyayinevi.com.tr\/index.php\/urun\/girisim-sermayesi-sirketlerinin-uluslararasi-bazda-finansal-performans-analizi\/","title":{"rendered":"Giri\u015fim Sermayesi \u015eirketlerinin Uluslararas\u0131 Bazda Finansal Performans Analizi"},"content":{"rendered":"<p>Giri\u015fim Sermayesi \u015eirketlerinin Uluslararas\u0131 Bazda Finansal Performans Analizi<\/p>\n","protected":false},"excerpt":{"rendered":"<p>Giri\u015fim Sermayesi \u015eirketlerinin Uluslararas\u0131 Bazda Finansal Performans Analizi<\/p>\n","protected":false},"featured_media":0,"template":"","meta":{"_monsterinsights_skip_tracking":false,"_monsterinsights_sitenote_active":false,"_monsterinsights_sitenote_note":"","_monsterinsights_sitenote_category":0},"product_brand":[],"product_cat":[13043],"product_tag":[],"class_list":{"0":"post-749583","1":"product","2":"type-product","3":"status-publish","5":"product_cat-ekonomi","6":"pa_cilt-ciltsiz","7":"pa_tur-kitap","8":"pa_yayinevi-gazi-kitabevi","9":"pa_yazar-ramazan-akbulut","11":"first","12":"instock","13":"sale","14":"shipping-taxable","15":"purchasable","16":"product-type-simple"},"_links":{"self":[{"href":"https:\/\/roveyayinevi.com.tr\/index.php\/wp-json\/wp\/v2\/product\/749583","targetHints":{"allow":["GET"]}}],"collection":[{"href":"https:\/\/roveyayinevi.com.tr\/index.php\/wp-json\/wp\/v2\/product"}],"about":[{"href":"https:\/\/roveyayinevi.com.tr\/index.php\/wp-json\/wp\/v2\/types\/product"}],"wp:attachment":[{"href":"https:\/\/roveyayinevi.com.tr\/index.php\/wp-json\/wp\/v2\/media?parent=749583"}],"wp:term":[{"taxonomy":"product_brand","embeddable":true,"href":"https:\/\/roveyayinevi.com.tr\/index.php\/wp-json\/wp\/v2\/product_brand?post=749583"},{"taxonomy":"product_cat","embeddable":true,"href":"https:\/\/roveyayinevi.com.tr\/index.php\/wp-json\/wp\/v2\/product_cat?post=749583"},{"taxonomy":"product_tag","embeddable":true,"href":"https:\/\/roveyayinevi.com.tr\/index.php\/wp-json\/wp\/v2\/product_tag?post=749583"}],"curies":[{"name":"wp","href":"https:\/\/api.w.org\/{rel}","templated":true}]}}