{"id":749581,"date":"2025-08-28T03:59:26","date_gmt":"2025-08-28T00:59:26","guid":{"rendered":"https:\/\/roveyayinevi.com.tr\/index.php\/urun\/kurumsal-yonetim-ve-kurumsal-kaynak-planlamasi-uygulamalari-isiginda-ic-denetim\/"},"modified":"2026-04-16T03:03:06","modified_gmt":"2026-04-16T00:03:06","slug":"kurumsal-yonetim-ve-kurumsal-kaynak-planlamasi-uygulamalari-isiginda-ic-denetim","status":"publish","type":"product","link":"https:\/\/roveyayinevi.com.tr\/index.php\/urun\/kurumsal-yonetim-ve-kurumsal-kaynak-planlamasi-uygulamalari-isiginda-ic-denetim\/","title":{"rendered":"Kurumsal Y\u00f6netim ve Kurumsal Kaynak Planlamas\u0131 Uygulamalar\u0131 I\u015f\u0131\u011f\u0131nda \u0130\u00e7 Denetim"},"content":{"rendered":"<p>\u0130\u00e7indekiler:     B\u0130R\u0130NC\u0130 B\u00d6L\u00dcM: KAVRAMSAL \u00c7ER\u00c7EVE   \u0130K\u0130NC\u0130 B\u00d6L\u00dcM: KURUMSAL KAYNAK PLANLAMASI UYGULAMALARINA DUYULAN \u0130HT\u0130YA\u00c7 VE \u0130\u00c7 DENET\u0130ME YANSIMALARI   \u00dc\u00c7\u00dcNC\u00dc B\u00d6L\u00dcM: KURUMSAL Y\u00d6NET\u0130M BA\u011eLAMINDA KURUMSAL KAYNAK PLANLANLAMASI UYGULAMALARININ ENTEGRASYONU VE \u0130\u00c7 DENET\u0130M PERFORMANSINA ETK\u0130S\u0130: VAKA \u00c7ALI\u015eMALARI   D\u00d6RD\u00dcNC\u00dc B\u00d6L\u00dcM: KAR\u015eILA\u015eTIRMALI VAKA ANAL\u0130Z\u0130 SONU\u00c7LARI VE TARTI\u015eMA<\/p>\n","protected":false},"excerpt":{"rendered":"<p>\u0130\u00e7indekiler: B\u0130R\u0130NC\u0130 B\u00d6L\u00dcM: KAVRAMSAL \u00c7ER\u00c7EVE \u0130K\u0130NC\u0130 B\u00d6L\u00dcM: KURUMSAL KAYNAK PLANLAMASI UYGULAMALARINA DUYULAN \u0130HT\u0130YA\u00c7 VE \u0130\u00c7 DENET\u0130ME YANSIMALARI \u00dc\u00c7\u00dcNC\u00dc B\u00d6L\u00dcM: KURUMSAL Y\u00d6NET\u0130M BA\u011eLAMINDA KURUMSAL KAYNAK PLANLANLAMASI UYGULAMALARININ<span class=\"excerpt-hellip\"> [\u2026]<\/span><\/p>\n","protected":false},"featured_media":0,"template":"","meta":{"_monsterinsights_skip_tracking":false,"_monsterinsights_sitenote_active":false,"_monsterinsights_sitenote_note":"","_monsterinsights_sitenote_category":0},"product_brand":[],"product_cat":[12573,12566],"product_tag":[],"class_list":{"0":"post-749581","1":"product","2":"type-product","3":"status-publish","5":"product_cat-akademik-kitaplar","6":"product_cat-egitim","7":"pa_cilt-ciltsiz","8":"pa_tur-kitap","9":"pa_yayinevi-gazi-kitabevi","10":"pa_yazar-ali-kestane","12":"first","13":"instock","14":"sale","15":"shipping-taxable","16":"purchasable","17":"product-type-simple"},"_links":{"self":[{"href":"https:\/\/roveyayinevi.com.tr\/index.php\/wp-json\/wp\/v2\/product\/749581","targetHints":{"allow":["GET"]}}],"collection":[{"href":"https:\/\/roveyayinevi.com.tr\/index.php\/wp-json\/wp\/v2\/product"}],"about":[{"href":"https:\/\/roveyayinevi.com.tr\/index.php\/wp-json\/wp\/v2\/types\/product"}],"wp:attachment":[{"href":"https:\/\/roveyayinevi.com.tr\/index.php\/wp-json\/wp\/v2\/media?parent=749581"}],"wp:term":[{"taxonomy":"product_brand","embeddable":true,"href":"https:\/\/roveyayinevi.com.tr\/index.php\/wp-json\/wp\/v2\/product_brand?post=749581"},{"taxonomy":"product_cat","embeddable":true,"href":"https:\/\/roveyayinevi.com.tr\/index.php\/wp-json\/wp\/v2\/product_cat?post=749581"},{"taxonomy":"product_tag","embeddable":true,"href":"https:\/\/roveyayinevi.com.tr\/index.php\/wp-json\/wp\/v2\/product_tag?post=749581"}],"curies":[{"name":"wp","href":"https:\/\/api.w.org\/{rel}","templated":true}]}}