{"id":749577,"date":"2025-08-28T03:59:23","date_gmt":"2025-08-28T00:59:23","guid":{"rendered":"https:\/\/roveyayinevi.com.tr\/index.php\/urun\/iktisat-ve-toplum-dergisi-149-sayi-depremin-ekonomi-politigi\/"},"modified":"2026-04-16T03:03:06","modified_gmt":"2026-04-16T00:03:06","slug":"iktisat-ve-toplum-dergisi-149-sayi-depremin-ekonomi-politigi","status":"publish","type":"product","link":"https:\/\/roveyayinevi.com.tr\/index.php\/urun\/iktisat-ve-toplum-dergisi-149-sayi-depremin-ekonomi-politigi\/","title":{"rendered":"\u0130ktisat ve Toplum Dergisi 149. Say\u0131: Depremin Ekonomi Politi\u011fi"},"content":{"rendered":"<p>Bu say\u0131da: Son Depremlerin I\u015f\u0131\u011f\u0131nda T\u00fcrkiye\u2019nin Deprem Ger\u00e7e\u011fi S\u00fcleyman Pampal Depremin Ekonomi Politi\u011fi \u00d6mer Faruk \u00c7olak Sraffa\u2019dan Konut Fiyatlar\u0131ndaki De\u011fi\u015fime; Konut Fiyatlar\u0131ndan Enflasyona, Siyasete ve Depreme Cem Mehmet Baydur Zor Zamanlar ve Bak\u0131m Krizi Nuran H. Belet Afet Sarmal\u0131nda Kad\u0131nlar: Bak\u0131m Eme\u011fi Y\u00fck\u00fc ve Afet Y\u00f6netimi \u0130\u00e7in Mor K\u00fc\u00e7\u00fclme Burcu Sar\u0131 Bak\u0131m Y\u00fck\u00fc Kimin Y\u00fck\u00fc?: T\u00fcrkiye\u2019de \u00c7ocuk Bak\u0131m Rejimi \u00c7a\u011fla \u00dcnl\u00fct\u00fcrk T\u00fcrkiye i\u00e7in E\u015fit Bak\u0131m Eme\u011fi Manifestosu Zuhal Ye\u015filyurt G\u00fcnd\u00fcz Farkl\u0131 Gelir Gruplar\u0131ndaki Kad\u0131nlar\u0131n Ortak Sorunu: Bak\u0131m Krizi Nursel Durmaz Bodur Bak\u0131m Yoksullu\u011fu ve Uzun S\u00fcreli Bak\u0131m Politikalar\u0131 \u0130li\u015fkisi Sema O\u011flak T\u00fcrkiye\u2019nin Ya\u015fl\u0131 Bak\u0131m Politikas\u0131 \u00dczerine: Kamu Politikas\u0131 S\u00fcre\u00e7 Analizi Aylin Sezer Fark Yaratanlar: Canan G\u00fcll\u00fc T\u00fcrkiye\u2019de Bak\u0131ma Muhta\u00e7 Ya\u015fl\u0131lar ve Bak\u0131m Sigortas\u0131n\u0131n Gereklili\u011fi Nagihan Durusoy \u00d6ztepe, O\u011fuz Karadeniz E\u015fitsizlik Yak\u0131nsamas\u0131: D\u00fcnya Sistemleri Teorisi Yakla\u015f\u0131m\u0131 ve Uygulamas\u0131 \u00dczerine Yasin K\u00fct\u00fck Kamu Y\u00f6netimi mi, \u015eirket Y\u00f6netimi mi? Ergun T\u00fcrkcan Neveser K\u00f6kde\u015f (1904-1962): Tango \u015eark\u0131lar\u0131n\u0131n Krali\u00e7esi G\u00fcl\u00e7in Elif Y\u00fccel<\/p>\n","protected":false},"excerpt":{"rendered":"<p>Bu say\u0131da: Son Depremlerin I\u015f\u0131\u011f\u0131nda T\u00fcrkiye\u2019nin Deprem Ger\u00e7e\u011fi S\u00fcleyman Pampal Depremin Ekonomi Politi\u011fi \u00d6mer Faruk \u00c7olak Sraffa\u2019dan Konut Fiyatlar\u0131ndaki De\u011fi\u015fime; Konut Fiyatlar\u0131ndan Enflasyona, Siyasete ve Depreme<span class=\"excerpt-hellip\"> [\u2026]<\/span><\/p>\n","protected":false},"featured_media":0,"template":"","meta":{"_monsterinsights_skip_tracking":false,"_monsterinsights_sitenote_active":false,"_monsterinsights_sitenote_note":"","_monsterinsights_sitenote_category":0},"product_brand":[],"product_cat":[17574,13527],"product_tag":[],"class_list":{"0":"post-749577","1":"product","2":"type-product","3":"status-publish","5":"product_cat-politika","6":"product_cat-sureli-yayinlar","7":"pa_cilt-ciltsiz","8":"pa_tur-dergi","9":"pa_yayinevi-efil-yayinevi-dergi","10":"pa_yazar-kolektif","12":"first","13":"instock","14":"sale","15":"shipping-taxable","16":"purchasable","17":"product-type-simple"},"_links":{"self":[{"href":"https:\/\/roveyayinevi.com.tr\/index.php\/wp-json\/wp\/v2\/product\/749577","targetHints":{"allow":["GET"]}}],"collection":[{"href":"https:\/\/roveyayinevi.com.tr\/index.php\/wp-json\/wp\/v2\/product"}],"about":[{"href":"https:\/\/roveyayinevi.com.tr\/index.php\/wp-json\/wp\/v2\/types\/product"}],"wp:attachment":[{"href":"https:\/\/roveyayinevi.com.tr\/index.php\/wp-json\/wp\/v2\/media?parent=749577"}],"wp:term":[{"taxonomy":"product_brand","embeddable":true,"href":"https:\/\/roveyayinevi.com.tr\/index.php\/wp-json\/wp\/v2\/product_brand?post=749577"},{"taxonomy":"product_cat","embeddable":true,"href":"https:\/\/roveyayinevi.com.tr\/index.php\/wp-json\/wp\/v2\/product_cat?post=749577"},{"taxonomy":"product_tag","embeddable":true,"href":"https:\/\/roveyayinevi.com.tr\/index.php\/wp-json\/wp\/v2\/product_tag?post=749577"}],"curies":[{"name":"wp","href":"https:\/\/api.w.org\/{rel}","templated":true}]}}