{"id":749575,"date":"2025-08-28T03:59:21","date_gmt":"2025-08-28T00:59:21","guid":{"rendered":"https:\/\/roveyayinevi.com.tr\/index.php\/urun\/kucuk-bir-umut-isigi\/"},"modified":"2026-04-16T03:03:06","modified_gmt":"2026-04-16T00:03:06","slug":"kucuk-bir-umut-isigi","status":"publish","type":"product","link":"https:\/\/roveyayinevi.com.tr\/index.php\/urun\/kucuk-bir-umut-isigi\/","title":{"rendered":"K\u00fc\u00e7\u00fck Bir Umut I\u015f\u0131\u011f\u0131"},"content":{"rendered":"<p>\u201cSevgiyle kucaklanmal\u0131, ninnilerle uyutulmal\u0131 ve ilgiyle b\u00fcy\u00fct\u00fclmeliydin. Ba\u015fkalar\u0131n\u0131n ihtiya\u00e7lar\u0131n\u0131 kar\u015f\u0131layabildi\u011fin i\u00e7in de\u011fil, yaln\u0131zca kendin oldu\u011fun i\u00e7in sevilmeli ve fark edilmeliydin. On y\u0131llar sonra bile sahip olmay\u0131 umdu\u011fun bir annenin, iyi ve annelik edebilecek bir fig\u00fcr\u00fcn kayb\u0131n\u0131 ya\u015f\u0131yorsun ve bu hi\u00e7 adil de\u011fil.\u201d Bir \u00e7ocu\u011fun kurdu\u011fu her ba\u011f e\u015fsizdir ancak ebeveyniyle kurdu\u011fu ba\u011f kritik bir \u00f6nem ta\u015f\u0131r. \u00c7ocuklar, geli\u015fimlerini tamamlayabilmek i\u00e7in ebeveynleriyle sa\u011fl\u0131kl\u0131 bir ba\u011f kurmaya ihtiya\u00e7 duyarlar. Alexia ne yaz\u0131k ki bu konuda olduk\u00e7a \u015fanss\u0131z; o, \u00e7ocuklu\u011funda ebeveynleriyle ba\u011f kuramam\u0131\u015f yeti\u015fkinlerden yaln\u0131zca bir tanesi&#8230; K\u00fc\u00e7\u00fck Bir Umut I\u015f\u0131\u011f\u0131, Alexia ve terapisti Kim\u2019in \u00fc\u00e7 y\u0131ll\u0131k terapi yolculuklar\u0131n\u0131 konu ediniyor. Bu terapi seanslar\u0131 ise, \u00e7ocukluk \u00e7a\u011f\u0131 istismar\u0131ndan kurtulan yeti\u015fkinlerin \u00fcstesinden gelmek zorunda olduklar\u0131 \u00e7e\u015fitli zorluklar\u0131 g\u00f6zler \u00f6n\u00fcne seriyor. \u00c7oky\u00f6nl\u00fc bir bak\u0131\u015f a\u00e7\u0131s\u0131yla yaz\u0131lm\u0131\u015f olan bu kitap, terapist-dan\u0131\u015fan ili\u015fkisini g\u00fc\u00e7l\u00fc ve a\u00e7\u0131klay\u0131c\u0131 bir \u015fekilde sunarken, okuyucuyu Alexia\u2019n\u0131n hik\u00e2yesine tan\u0131kl\u0131k etmeye davet ediyor!<\/p>\n","protected":false},"excerpt":{"rendered":"<p>\u201cSevgiyle kucaklanmal\u0131, ninnilerle uyutulmal\u0131 ve ilgiyle b\u00fcy\u00fct\u00fclmeliydin. Ba\u015fkalar\u0131n\u0131n ihtiya\u00e7lar\u0131n\u0131 kar\u015f\u0131layabildi\u011fin i\u00e7in de\u011fil, yaln\u0131zca kendin oldu\u011fun i\u00e7in sevilmeli ve fark edilmeliydin. On y\u0131llar sonra bile sahip olmay\u0131<span class=\"excerpt-hellip\"> [\u2026]<\/span><\/p>\n","protected":false},"featured_media":0,"template":"","meta":{"_monsterinsights_skip_tracking":false,"_monsterinsights_sitenote_active":false,"_monsterinsights_sitenote_note":"","_monsterinsights_sitenote_category":0},"product_brand":[],"product_cat":[12357],"product_tag":[],"class_list":{"0":"post-749575","1":"product","2":"type-product","3":"status-publish","5":"product_cat-psikoloji","6":"pa_cilt-ciltsiz","7":"pa_tur-kitap","8":"pa_yayinevi-sola-unitas","9":"pa_yazar-kim-s-golding-alexia-jones","11":"first","12":"instock","13":"sale","14":"shipping-taxable","15":"purchasable","16":"product-type-simple"},"_links":{"self":[{"href":"https:\/\/roveyayinevi.com.tr\/index.php\/wp-json\/wp\/v2\/product\/749575","targetHints":{"allow":["GET"]}}],"collection":[{"href":"https:\/\/roveyayinevi.com.tr\/index.php\/wp-json\/wp\/v2\/product"}],"about":[{"href":"https:\/\/roveyayinevi.com.tr\/index.php\/wp-json\/wp\/v2\/types\/product"}],"wp:attachment":[{"href":"https:\/\/roveyayinevi.com.tr\/index.php\/wp-json\/wp\/v2\/media?parent=749575"}],"wp:term":[{"taxonomy":"product_brand","embeddable":true,"href":"https:\/\/roveyayinevi.com.tr\/index.php\/wp-json\/wp\/v2\/product_brand?post=749575"},{"taxonomy":"product_cat","embeddable":true,"href":"https:\/\/roveyayinevi.com.tr\/index.php\/wp-json\/wp\/v2\/product_cat?post=749575"},{"taxonomy":"product_tag","embeddable":true,"href":"https:\/\/roveyayinevi.com.tr\/index.php\/wp-json\/wp\/v2\/product_tag?post=749575"}],"curies":[{"name":"wp","href":"https:\/\/api.w.org\/{rel}","templated":true}]}}