{"id":749571,"date":"2025-08-28T03:59:16","date_gmt":"2025-08-28T00:59:16","guid":{"rendered":"https:\/\/roveyayinevi.com.tr\/index.php\/urun\/cercevesine-kusen-fotograf\/"},"modified":"2026-04-16T03:03:06","modified_gmt":"2026-04-16T00:03:06","slug":"cercevesine-kusen-fotograf","status":"publish","type":"product","link":"https:\/\/roveyayinevi.com.tr\/index.php\/urun\/cercevesine-kusen-fotograf\/","title":{"rendered":"\u00c7er\u00e7evesine K\u00fcsen Foto\u011fraf"},"content":{"rendered":"<p>Salonda oturdu\u011fum s\u00fcrede pikab\u0131ma koydu\u011fum herhangi bir plak, sessizli\u011fin huzurunu ka\u00e7\u0131r\u0131yor ve hatta bana daha da d\u00fc\u015fman olmas\u0131na sebep oluyor. Peki, bu benim umurumda m\u0131? Elbette de\u011fil lakin bir m\u00fcddet sonra yine kazanan yaln\u0131zl\u0131k ve onun kadim dostu sessizlik oluyor. Neyse ki bu zafer kutlamas\u0131na kadar ben pikab\u0131mda \u00e7alan m\u00fczi\u011fi dinliyorum ve biraz olsun m\u00fczikle kendime geliyorum zira biliyorum ki m\u00fczik de olmasa iyiden iyiye yaln\u0131zl\u0131\u011f\u0131n ve sessizli\u011fin ortas\u0131nda \u00e7\u0131ld\u0131raca\u011f\u0131m. Bu durum da \u00f6zetle, yaln\u0131zl\u0131\u011f\u0131n ve onun kadim dostu sessizli\u011fin ekme\u011fine ya\u011f s\u00fcrecek muhte\u015fem bir f\u0131rsat!<\/p>\n","protected":false},"excerpt":{"rendered":"<p>Salonda oturdu\u011fum s\u00fcrede pikab\u0131ma koydu\u011fum herhangi bir plak, sessizli\u011fin huzurunu ka\u00e7\u0131r\u0131yor ve hatta bana daha da d\u00fc\u015fman olmas\u0131na sebep oluyor. Peki, bu benim umurumda m\u0131? Elbette<span class=\"excerpt-hellip\"> [\u2026]<\/span><\/p>\n","protected":false},"featured_media":0,"template":"","meta":{"_monsterinsights_skip_tracking":false,"_monsterinsights_sitenote_active":false,"_monsterinsights_sitenote_note":"","_monsterinsights_sitenote_category":0},"product_brand":[],"product_cat":[12291,18202],"product_tag":[],"class_list":{"0":"post-749571","1":"product","2":"type-product","3":"status-publish","5":"product_cat-edebiyat","6":"product_cat-hikaye","7":"pa_cilt-ciltsiz","8":"pa_tur-kitap","9":"pa_yayinevi-luna-yayinlari","10":"pa_yazar-okyay-t-taskin","12":"first","13":"instock","14":"sale","15":"shipping-taxable","16":"purchasable","17":"product-type-simple"},"_links":{"self":[{"href":"https:\/\/roveyayinevi.com.tr\/index.php\/wp-json\/wp\/v2\/product\/749571","targetHints":{"allow":["GET"]}}],"collection":[{"href":"https:\/\/roveyayinevi.com.tr\/index.php\/wp-json\/wp\/v2\/product"}],"about":[{"href":"https:\/\/roveyayinevi.com.tr\/index.php\/wp-json\/wp\/v2\/types\/product"}],"wp:attachment":[{"href":"https:\/\/roveyayinevi.com.tr\/index.php\/wp-json\/wp\/v2\/media?parent=749571"}],"wp:term":[{"taxonomy":"product_brand","embeddable":true,"href":"https:\/\/roveyayinevi.com.tr\/index.php\/wp-json\/wp\/v2\/product_brand?post=749571"},{"taxonomy":"product_cat","embeddable":true,"href":"https:\/\/roveyayinevi.com.tr\/index.php\/wp-json\/wp\/v2\/product_cat?post=749571"},{"taxonomy":"product_tag","embeddable":true,"href":"https:\/\/roveyayinevi.com.tr\/index.php\/wp-json\/wp\/v2\/product_tag?post=749571"}],"curies":[{"name":"wp","href":"https:\/\/api.w.org\/{rel}","templated":true}]}}