{"id":749570,"date":"2025-08-28T03:59:14","date_gmt":"2025-08-28T00:59:14","guid":{"rendered":"https:\/\/roveyayinevi.com.tr\/index.php\/urun\/demir-dunyayi-kurtariyor\/"},"modified":"2026-04-16T03:03:06","modified_gmt":"2026-04-16T00:03:06","slug":"demir-dunyayi-kurtariyor","status":"publish","type":"product","link":"https:\/\/roveyayinevi.com.tr\/index.php\/urun\/demir-dunyayi-kurtariyor\/","title":{"rendered":"Demir D\u00fcnya\u2019y\u0131 Kurtar\u0131yor"},"content":{"rendered":"<p>Demir\u2019in uzay ve g\u00f6kcisimlerine olan merak\u0131 k\u00fc\u00e7\u00fck ya\u015flar\u0131nda ona bir arkada\u015f kazand\u0131rm\u0131\u015ft\u0131: Sirius&#8230; Kimsenin inanmad\u0131\u011f\u0131 bu arkada\u015f\u0131, y\u0131llar sonra \u00f6nemli bir g\u00f6rev i\u00e7in geri d\u00f6nd\u00fc.   \u015eimdi Demir, herkesi bu \u00f6nemli g\u00f6reve inand\u0131rmal\u0131 ve D\u00fcnya\u2019y\u0131 kurtarmal\u0131d\u0131r. Peki sab\u0131rs\u0131zl\u0131\u011f\u0131n\u0131 yenip bu g\u00f6revi ba\u015farabilecek mi?   Demir ile gezegenler aras\u0131 b\u00fcy\u00fcleyici bir maceraya haz\u0131r olun!   Ay\u015fe Top\u00e7u Hopal\u2019\u0131n kaleminden, k\u00fcresel \u0131s\u0131nmaya dikkat \u00e7eken ve bunu \u00f6nlemek i\u00e7in neler yapabilece\u011fimizi anlatan harika bir hik\u00e2ye.<\/p>\n","protected":false},"excerpt":{"rendered":"<p>Demir\u2019in uzay ve g\u00f6kcisimlerine olan merak\u0131 k\u00fc\u00e7\u00fck ya\u015flar\u0131nda ona bir arkada\u015f kazand\u0131rm\u0131\u015ft\u0131: Sirius&#8230; Kimsenin inanmad\u0131\u011f\u0131 bu arkada\u015f\u0131, y\u0131llar sonra \u00f6nemli bir g\u00f6rev i\u00e7in geri d\u00f6nd\u00fc. \u015eimdi<span class=\"excerpt-hellip\"> [\u2026]<\/span><\/p>\n","protected":false},"featured_media":0,"template":"","meta":{"_monsterinsights_skip_tracking":false,"_monsterinsights_sitenote_active":false,"_monsterinsights_sitenote_note":"","_monsterinsights_sitenote_category":0},"product_brand":[],"product_cat":[12274,12284],"product_tag":[],"class_list":{"0":"post-749570","1":"product","2":"type-product","3":"status-publish","5":"product_cat-cocuk-ve-genclik-kitaplari","6":"product_cat-hikayeler","7":"pa_cilt-ciltsiz","8":"pa_tur-kitap","9":"pa_yayinevi-luna-cocuk-yayinlari","10":"pa_yazar-ayse-topcu-hopal","12":"first","13":"instock","14":"sale","15":"shipping-taxable","16":"purchasable","17":"product-type-simple"},"_links":{"self":[{"href":"https:\/\/roveyayinevi.com.tr\/index.php\/wp-json\/wp\/v2\/product\/749570","targetHints":{"allow":["GET"]}}],"collection":[{"href":"https:\/\/roveyayinevi.com.tr\/index.php\/wp-json\/wp\/v2\/product"}],"about":[{"href":"https:\/\/roveyayinevi.com.tr\/index.php\/wp-json\/wp\/v2\/types\/product"}],"wp:attachment":[{"href":"https:\/\/roveyayinevi.com.tr\/index.php\/wp-json\/wp\/v2\/media?parent=749570"}],"wp:term":[{"taxonomy":"product_brand","embeddable":true,"href":"https:\/\/roveyayinevi.com.tr\/index.php\/wp-json\/wp\/v2\/product_brand?post=749570"},{"taxonomy":"product_cat","embeddable":true,"href":"https:\/\/roveyayinevi.com.tr\/index.php\/wp-json\/wp\/v2\/product_cat?post=749570"},{"taxonomy":"product_tag","embeddable":true,"href":"https:\/\/roveyayinevi.com.tr\/index.php\/wp-json\/wp\/v2\/product_tag?post=749570"}],"curies":[{"name":"wp","href":"https:\/\/api.w.org\/{rel}","templated":true}]}}