{"id":749567,"date":"2025-08-28T03:59:10","date_gmt":"2025-08-28T00:59:10","guid":{"rendered":"https:\/\/roveyayinevi.com.tr\/index.php\/urun\/gagan-cok-yakismis\/"},"modified":"2026-04-16T03:03:06","modified_gmt":"2026-04-16T00:03:06","slug":"gagan-cok-yakismis","status":"publish","type":"product","link":"https:\/\/roveyayinevi.com.tr\/index.php\/urun\/gagan-cok-yakismis\/","title":{"rendered":"Gagan \u00c7ok Yak\u0131\u015fm\u0131\u015f"},"content":{"rendered":"<p>Bir ahtapot karn\u0131n\u0131, bir bal\u0131k ayaklar\u0131n\u0131, bir denizat\u0131 kollar\u0131n\u0131 kaybetmi\u015f&#8230; Olabilir mi? Onlara g\u00f6re \u201cEvet!\u201d Kaybettiklerini bulmak i\u00e7in yola d\u00fc\u015fen Potpot, L\u0131kl\u0131k ve Denden,Yapyaman ile kar\u015f\u0131la\u015f\u0131nca anl\u0131yor ger\u00e7ekleri. Birbirimizden farkl\u0131 olman\u0131n eksiklik olmad\u0131\u011f\u0131n\u0131, aksine b\u00fct\u00fcn\u00fcn par\u00e7as\u0131 olman\u0131n mucizevi g\u00fcc\u00fcn\u00fc g\u00f6zler \u00f6n\u00fcne seriyor bu kitap! Ve farkl\u0131l\u0131klar\u0131m\u0131z\u0131n bizi biz yapan as\u0131l \u015fey oldu\u011fu ger\u00e7e\u011fini&#8230; Hem de e\u011flenceli bir hik\u00e2ye ile&#8230;   \u201cHem, hepimizin her \u015feyi olsayd\u0131 ayn\u0131 olmaz m\u0131yd\u0131k?\u201d.<\/p>\n","protected":false},"excerpt":{"rendered":"<p>Bir ahtapot karn\u0131n\u0131, bir bal\u0131k ayaklar\u0131n\u0131, bir denizat\u0131 kollar\u0131n\u0131 kaybetmi\u015f&#8230; Olabilir mi? Onlara g\u00f6re \u201cEvet!\u201d Kaybettiklerini bulmak i\u00e7in yola d\u00fc\u015fen Potpot, L\u0131kl\u0131k ve Denden,Yapyaman ile kar\u015f\u0131la\u015f\u0131nca<span class=\"excerpt-hellip\"> [\u2026]<\/span><\/p>\n","protected":false},"featured_media":0,"template":"","meta":{"_monsterinsights_skip_tracking":false,"_monsterinsights_sitenote_active":false,"_monsterinsights_sitenote_note":"","_monsterinsights_sitenote_category":0},"product_brand":[],"product_cat":[12274,12284],"product_tag":[],"class_list":{"0":"post-749567","1":"product","2":"type-product","3":"status-publish","5":"product_cat-cocuk-ve-genclik-kitaplari","6":"product_cat-hikayeler","7":"pa_cilt-ciltsiz","8":"pa_tur-kitap","9":"pa_yayinevi-luna-cocuk-yayinlari","10":"pa_yazar-deniz-esen-orhan","12":"first","13":"instock","14":"sale","15":"shipping-taxable","16":"purchasable","17":"product-type-simple"},"_links":{"self":[{"href":"https:\/\/roveyayinevi.com.tr\/index.php\/wp-json\/wp\/v2\/product\/749567","targetHints":{"allow":["GET"]}}],"collection":[{"href":"https:\/\/roveyayinevi.com.tr\/index.php\/wp-json\/wp\/v2\/product"}],"about":[{"href":"https:\/\/roveyayinevi.com.tr\/index.php\/wp-json\/wp\/v2\/types\/product"}],"wp:attachment":[{"href":"https:\/\/roveyayinevi.com.tr\/index.php\/wp-json\/wp\/v2\/media?parent=749567"}],"wp:term":[{"taxonomy":"product_brand","embeddable":true,"href":"https:\/\/roveyayinevi.com.tr\/index.php\/wp-json\/wp\/v2\/product_brand?post=749567"},{"taxonomy":"product_cat","embeddable":true,"href":"https:\/\/roveyayinevi.com.tr\/index.php\/wp-json\/wp\/v2\/product_cat?post=749567"},{"taxonomy":"product_tag","embeddable":true,"href":"https:\/\/roveyayinevi.com.tr\/index.php\/wp-json\/wp\/v2\/product_tag?post=749567"}],"curies":[{"name":"wp","href":"https:\/\/api.w.org\/{rel}","templated":true}]}}