{"id":749564,"date":"2025-08-28T03:59:05","date_gmt":"2025-08-28T00:59:05","guid":{"rendered":"https:\/\/roveyayinevi.com.tr\/index.php\/urun\/hikaye-kitapligim-40-kitap\/"},"modified":"2026-04-16T03:03:06","modified_gmt":"2026-04-16T00:03:06","slug":"hikaye-kitapligim-40-kitap","status":"publish","type":"product","link":"https:\/\/roveyayinevi.com.tr\/index.php\/urun\/hikaye-kitapligim-40-kitap\/","title":{"rendered":"Hikaye Kitapl\u0131\u011f\u0131m (40 Kitap)"},"content":{"rendered":"<p>Birbirinden g\u00fczel 40 tane klasikle\u015fmi\u015f,olmazsa olmaz, ba\u015fucu kitaplar\u0131&#8230;Her biri d\u00f6neminin en kuvvetli kalemince yaz\u0131lm\u0131\u015f ve her biri insanl\u0131k tarihinin en net aynas\u0131&#8230;&#8221; H\u0130K\u00c2YE K\u0130TAPLI\u011eIM&#8221;DA YER ALAN K\u0130TAPLAR ROBIN HOOD ANDERSEN MASALLARI 101 DALMA\u00c7YALI ALAADD\u0130N&#8217;\u0130N S\u0130H\u0130RL\u0130 LAMBASI \u00c7ALINAN TA\u00c7 \u00c7OCUK KALB\u0130 DEN\u0130Z YILANI K\u00dc\u00c7\u00dcK DEDEKT\u0130F \u0130K\u0130 YIL OKUL TAT\u0130L\u0130 ORMAN \u00c7OCU\u011eU POLLYANNA SOKAK \u00c7ALGICISI EZOP MASALLARI DON K\u0130\u015eOT K\u0130MSES\u0130Z \u00c7OCUK MERCAN ADASI TOM AMCA&#8217;NIN KUL\u00dcBES\u0130 \u00dc\u00c7 \u015eANSLI \u00c7OCUK YEN\u0130 ATLANT\u0130S S\u0130NBAD&#8217;IN MACERALARI SEF\u0130LLER A\u015eIK ASLAN AL\u0130CE HAR\u0130KALAR D\u0130YARINDA BEYAZ D\u0130\u015e KIRMIZI BA\u015eLIKLI KIZ K\u00dc\u00c7\u00dcK KAR KIZ K\u00dc\u00c7\u00dcK KEMANCI DEN\u0130ZLER ALTINDA Y\u0130RM\u0130 B\u0130N FERSAH LA FONTAINE MASALLARI TOM SAWYER G\u00dcM\u00dc\u015e PATENLER MOBBY D\u0130CK MONTE KRISTO KONTU GULLIVER&#8217;\u0130N SEYAHATLER\u0130 HANSEL \u0130LE GRATEL HUCKLEBERRY FINN KAPTAN GRANT&#8217;IN \u00c7OCUKLARI P\u0130NOKYO GRIMM MASALLARI K\u00dc\u00c7\u00dcK ASKER <\/p>\n","protected":false},"excerpt":{"rendered":"<p>Birbirinden g\u00fczel 40 tane klasikle\u015fmi\u015f,olmazsa olmaz, ba\u015fucu kitaplar\u0131&#8230;Her biri d\u00f6neminin en kuvvetli kalemince yaz\u0131lm\u0131\u015f ve her biri insanl\u0131k tarihinin en net aynas\u0131&#8230;&#8221; H\u0130K\u00c2YE K\u0130TAPLI\u011eIM&#8221;DA YER ALAN<span class=\"excerpt-hellip\"> [\u2026]<\/span><\/p>\n","protected":false},"featured_media":0,"template":"","meta":{"_monsterinsights_skip_tracking":false,"_monsterinsights_sitenote_active":false,"_monsterinsights_sitenote_note":"","_monsterinsights_sitenote_category":0},"product_brand":[],"product_cat":[12274,12467],"product_tag":[],"class_list":{"0":"post-749564","1":"product","2":"type-product","3":"status-publish","5":"product_cat-cocuk-ve-genclik-kitaplari","6":"product_cat-dunya-klasikleri","7":"pa_cilt-ciltsiz","8":"pa_tur-kitap","9":"pa_yayinevi-bicirik-yayinlari","10":"pa_yazar-kolektif","12":"first","13":"instock","14":"sale","15":"shipping-taxable","16":"purchasable","17":"product-type-simple"},"_links":{"self":[{"href":"https:\/\/roveyayinevi.com.tr\/index.php\/wp-json\/wp\/v2\/product\/749564","targetHints":{"allow":["GET"]}}],"collection":[{"href":"https:\/\/roveyayinevi.com.tr\/index.php\/wp-json\/wp\/v2\/product"}],"about":[{"href":"https:\/\/roveyayinevi.com.tr\/index.php\/wp-json\/wp\/v2\/types\/product"}],"wp:attachment":[{"href":"https:\/\/roveyayinevi.com.tr\/index.php\/wp-json\/wp\/v2\/media?parent=749564"}],"wp:term":[{"taxonomy":"product_brand","embeddable":true,"href":"https:\/\/roveyayinevi.com.tr\/index.php\/wp-json\/wp\/v2\/product_brand?post=749564"},{"taxonomy":"product_cat","embeddable":true,"href":"https:\/\/roveyayinevi.com.tr\/index.php\/wp-json\/wp\/v2\/product_cat?post=749564"},{"taxonomy":"product_tag","embeddable":true,"href":"https:\/\/roveyayinevi.com.tr\/index.php\/wp-json\/wp\/v2\/product_tag?post=749564"}],"curies":[{"name":"wp","href":"https:\/\/api.w.org\/{rel}","templated":true}]}}