{"id":749562,"date":"2025-08-28T03:59:02","date_gmt":"2025-08-28T00:59:02","guid":{"rendered":"https:\/\/roveyayinevi.com.tr\/index.php\/urun\/edebiyatta-kadin-ve-baskaldiri\/"},"modified":"2026-04-16T03:03:06","modified_gmt":"2026-04-16T00:03:06","slug":"edebiyatta-kadin-ve-baskaldiri","status":"publish","type":"product","link":"https:\/\/roveyayinevi.com.tr\/index.php\/urun\/edebiyatta-kadin-ve-baskaldiri\/","title":{"rendered":"Edebiyatta Kad\u0131n Ve Ba\u015fkald\u0131r\u0131"},"content":{"rendered":"<p>Devrim,ezilmi\u015flerin bayram\u0131d\u0131r.Tiranlara kar\u015f\u0131 ba\u015fkald\u0131r\u0131 Tanr\u0131\u2019ya itaattir.Adeletsizlik kanun olunca,direni\u015f ve ba\u015fkald\u0131r\u0131 g\u00f6rev olur.Ba\u015fkald\u0131r\u0131dan daha k\u00f6t\u00fc olan bir \u015fey varsa o da ba\u015fkald\u0131r\u0131ya sebeb olan \u015feydir.Ba\u015fkald\u0131r\u0131 haklar\u0131n\u0131n bilincine varm\u0131\u015f bilin\u00e7li ki\u015finin i\u015fidir.Hakikat olmadan ba\u015fkald\u0131r\u0131 \u00e7orak ve kurak bir \u00e7\u00f6ldeki ilkbahara benzer.Ba\u015fkald\u0131r\u0131lanlar,g\u00f6r\u00fcnmeyen i\u00e7in g\u00f6r\u00fcneni reddedenlendir.Ba\u015fkald\u0131r\u0131n\u0131n k\u00f6kleri y\u00f6netenlerinin duyarsazl\u0131\u011f\u0131 ve beceriksizli\u011fizinde yatar.Ba\u015fkald\u0131ranlar ve sisteme uymayanlar \u00e7o\u011funlukla de\u011fi\u015fimin tasarlay\u0131c\u0131lar\u0131 ve \u00f6nc\u00fcleridir.Ba\u015fkald\u0131r\u0131 ve isyan,sesi duymanlar\u0131n dilidir.<\/p>\n","protected":false},"excerpt":{"rendered":"<p>Devrim,ezilmi\u015flerin bayram\u0131d\u0131r.Tiranlara kar\u015f\u0131 ba\u015fkald\u0131r\u0131 Tanr\u0131\u2019ya itaattir.Adeletsizlik kanun olunca,direni\u015f ve ba\u015fkald\u0131r\u0131 g\u00f6rev olur.Ba\u015fkald\u0131r\u0131dan daha k\u00f6t\u00fc olan bir \u015fey varsa o da ba\u015fkald\u0131r\u0131ya sebeb olan \u015feydir.Ba\u015fkald\u0131r\u0131 haklar\u0131n\u0131n bilincine<span class=\"excerpt-hellip\"> [\u2026]<\/span><\/p>\n","protected":false},"featured_media":0,"template":"","meta":{"_monsterinsights_skip_tracking":false,"_monsterinsights_sitenote_active":false,"_monsterinsights_sitenote_note":"","_monsterinsights_sitenote_category":0},"product_brand":[],"product_cat":[13072,12291],"product_tag":[],"class_list":{"0":"post-749562","1":"product","2":"type-product","3":"status-publish","5":"product_cat-arastirma-inceleme-referans","6":"product_cat-edebiyat","7":"pa_cilt-ciltsiz","8":"pa_tur-kitap","9":"pa_yayinevi-bilgin-kultur-sanat","10":"pa_yazar-ayten-er-yavuz-celik","12":"first","13":"instock","14":"sale","15":"shipping-taxable","16":"purchasable","17":"product-type-simple"},"_links":{"self":[{"href":"https:\/\/roveyayinevi.com.tr\/index.php\/wp-json\/wp\/v2\/product\/749562","targetHints":{"allow":["GET"]}}],"collection":[{"href":"https:\/\/roveyayinevi.com.tr\/index.php\/wp-json\/wp\/v2\/product"}],"about":[{"href":"https:\/\/roveyayinevi.com.tr\/index.php\/wp-json\/wp\/v2\/types\/product"}],"wp:attachment":[{"href":"https:\/\/roveyayinevi.com.tr\/index.php\/wp-json\/wp\/v2\/media?parent=749562"}],"wp:term":[{"taxonomy":"product_brand","embeddable":true,"href":"https:\/\/roveyayinevi.com.tr\/index.php\/wp-json\/wp\/v2\/product_brand?post=749562"},{"taxonomy":"product_cat","embeddable":true,"href":"https:\/\/roveyayinevi.com.tr\/index.php\/wp-json\/wp\/v2\/product_cat?post=749562"},{"taxonomy":"product_tag","embeddable":true,"href":"https:\/\/roveyayinevi.com.tr\/index.php\/wp-json\/wp\/v2\/product_tag?post=749562"}],"curies":[{"name":"wp","href":"https:\/\/api.w.org\/{rel}","templated":true}]}}