{"id":749558,"date":"2025-08-28T03:58:56","date_gmt":"2025-08-28T00:58:56","guid":{"rendered":"https:\/\/roveyayinevi.com.tr\/index.php\/urun\/dante-alighieri-her-karanlik-safagin-tohumlarini-icinde-tasir\/"},"modified":"2026-04-16T03:03:06","modified_gmt":"2026-04-16T00:03:06","slug":"dante-alighieri-her-karanlik-safagin-tohumlarini-icinde-tasir","status":"publish","type":"product","link":"https:\/\/roveyayinevi.com.tr\/index.php\/urun\/dante-alighieri-her-karanlik-safagin-tohumlarini-icinde-tasir\/","title":{"rendered":"Dante Alighieri \/ Her Karanl\u0131k, \u015eafa\u011f\u0131n Tohumlar\u0131n\u0131 \u0130\u00e7inde Ta\u015f\u0131r"},"content":{"rendered":"<p>Cennet, insan\u0131n mutlulu\u011fu buldu\u011fu yerdir.   Dante Alighieri, d\u00fcnya edebiyat\u0131n\u0131n en b\u00fcy\u00fck eserlerinden biri olan \u0130LAH\u0130 KOMEDYA\u2019y\u0131 kaleme alarak ad\u0131 Bat\u0131 edebiyat\u0131n\u0131n \u00fc\u00e7 b\u00fcy\u00fck ustas\u0131ndan biri olarak tarihe kaz\u0131nan usta bir yazar, \u00f6l\u00fcms\u00fcz bir \u015fair de\u011fildir sadece. O bir edebiyat kuramc\u0131s\u0131, ahlak felsefecisi ve siyaset d\u00fc\u015f\u00fcn\u00fcr\u00fcd\u00fcr ayn\u0131 zamanda. Dante\u2019nin insanlar\u0131 ya\u015fad\u0131klar\u0131 sefaletten kurtar\u0131p mutlulu\u011fa ula\u015ft\u0131rmay\u0131 ama\u00e7layan s\u0131ra d\u0131\u015f\u0131 yolculu\u011fu \u0130LAH\u0130 KOMEDYA, artan ac\u0131lara, sava\u015flara, do\u011fru ve yanl\u0131\u015f\u0131n birbirine kar\u0131\u015ft\u0131\u011f\u0131 zamanlara y\u00fczy\u0131llar \u00f6ncesinden bir ele\u015ftiri; yolunu kaybetmi\u015f, ya\u015fam\u0131 boyunca ne i\u00e7in ya\u015fad\u0131\u011f\u0131n\u0131 unutmu\u015f, hedefini \u015fa\u015f\u0131rm\u0131\u015f insanl\u0131k i\u00e7inse \u00f6l\u00fcms\u00fcz bir rehber; do\u011fru yolu g\u00f6steren, neyin iyi neyin k\u00f6t\u00fc oldu\u011funa karar vermede bireyin \u00f6n\u00fcn\u00fc ayd\u0131nlatan bir \u0131\u015f\u0131kt\u0131r. <\/p>\n","protected":false},"excerpt":{"rendered":"<p>Cennet, insan\u0131n mutlulu\u011fu buldu\u011fu yerdir. Dante Alighieri, d\u00fcnya edebiyat\u0131n\u0131n en b\u00fcy\u00fck eserlerinden biri olan \u0130LAH\u0130 KOMEDYA\u2019y\u0131 kaleme alarak ad\u0131 Bat\u0131 edebiyat\u0131n\u0131n \u00fc\u00e7 b\u00fcy\u00fck ustas\u0131ndan biri olarak<span class=\"excerpt-hellip\"> [\u2026]<\/span><\/p>\n","protected":false},"featured_media":0,"template":"","meta":{"_monsterinsights_skip_tracking":false,"_monsterinsights_sitenote_active":false,"_monsterinsights_sitenote_note":"","_monsterinsights_sitenote_category":0},"product_brand":[],"product_cat":[12388,13555],"product_tag":[],"class_list":{"0":"post-749558","1":"product","2":"type-product","3":"status-publish","5":"product_cat-felsefe","6":"product_cat-genel-felsefe","7":"pa_cilt-ciltsiz","8":"pa_tur-kitap","9":"pa_yayinevi-destek-yayinlari","10":"pa_yazar-seda-eroglu","12":"first","13":"instock","14":"sale","15":"shipping-taxable","16":"purchasable","17":"product-type-simple"},"_links":{"self":[{"href":"https:\/\/roveyayinevi.com.tr\/index.php\/wp-json\/wp\/v2\/product\/749558","targetHints":{"allow":["GET"]}}],"collection":[{"href":"https:\/\/roveyayinevi.com.tr\/index.php\/wp-json\/wp\/v2\/product"}],"about":[{"href":"https:\/\/roveyayinevi.com.tr\/index.php\/wp-json\/wp\/v2\/types\/product"}],"wp:attachment":[{"href":"https:\/\/roveyayinevi.com.tr\/index.php\/wp-json\/wp\/v2\/media?parent=749558"}],"wp:term":[{"taxonomy":"product_brand","embeddable":true,"href":"https:\/\/roveyayinevi.com.tr\/index.php\/wp-json\/wp\/v2\/product_brand?post=749558"},{"taxonomy":"product_cat","embeddable":true,"href":"https:\/\/roveyayinevi.com.tr\/index.php\/wp-json\/wp\/v2\/product_cat?post=749558"},{"taxonomy":"product_tag","embeddable":true,"href":"https:\/\/roveyayinevi.com.tr\/index.php\/wp-json\/wp\/v2\/product_tag?post=749558"}],"curies":[{"name":"wp","href":"https:\/\/api.w.org\/{rel}","templated":true}]}}