{"id":749553,"date":"2025-08-28T03:58:50","date_gmt":"2025-08-28T00:58:50","guid":{"rendered":"https:\/\/roveyayinevi.com.tr\/index.php\/urun\/el-mutegayyirat-fil-hitabil-kurani-dirase-fil-uslub\/"},"modified":"2026-04-16T03:03:05","modified_gmt":"2026-04-16T00:03:05","slug":"el-mutegayyirat-fil-hitabil-kurani-dirase-fil-uslub","status":"publish","type":"product","link":"https:\/\/roveyayinevi.com.tr\/index.php\/urun\/el-mutegayyirat-fil-hitabil-kurani-dirase-fil-uslub\/","title":{"rendered":"El-Mute\u011fayyirat Fi&#8217;l-Hitabi&#8217;l-Kur&#8217;an\u0131 Dirase Fi&#8217;l-Uslub"},"content":{"rendered":"<p>Kur\u2019an\u2019\u0131n \u00dcslubundaki Ifade De\u011fi\u015fiklikleri El-MUTE\u011eAYY\u0130R\u00c2T F\u0130\u2019L-H\u0130T\u00c2B\u0130\u2019L-KUR\u2019\u00c2N\u00ce D\u0130RASE F\u0130\u2019L-USL\u00dbB <\/p>\n","protected":false},"excerpt":{"rendered":"<p>Kur\u2019an\u2019\u0131n \u00dcslubundaki Ifade De\u011fi\u015fiklikleri El-MUTE\u011eAYY\u0130R\u00c2T F\u0130\u2019L-H\u0130T\u00c2B\u0130\u2019L-KUR\u2019\u00c2N\u00ce D\u0130RASE F\u0130\u2019L-USL\u00dbB<\/p>\n","protected":false},"featured_media":0,"template":"","meta":{"_monsterinsights_skip_tracking":false,"_monsterinsights_sitenote_active":false,"_monsterinsights_sitenote_note":"","_monsterinsights_sitenote_category":0},"product_brand":[],"product_cat":[12573,12566],"product_tag":[],"class_list":{"0":"post-749553","1":"product","2":"type-product","3":"status-publish","5":"product_cat-akademik-kitaplar","6":"product_cat-egitim","7":"pa_cilt-ciltsiz","8":"pa_tur-kitap","9":"pa_yayinevi-soncag-akademik-kitaplar","10":"pa_yazar-mucahit-elhut","12":"first","13":"instock","14":"sale","15":"shipping-taxable","16":"purchasable","17":"product-type-simple"},"_links":{"self":[{"href":"https:\/\/roveyayinevi.com.tr\/index.php\/wp-json\/wp\/v2\/product\/749553","targetHints":{"allow":["GET"]}}],"collection":[{"href":"https:\/\/roveyayinevi.com.tr\/index.php\/wp-json\/wp\/v2\/product"}],"about":[{"href":"https:\/\/roveyayinevi.com.tr\/index.php\/wp-json\/wp\/v2\/types\/product"}],"wp:attachment":[{"href":"https:\/\/roveyayinevi.com.tr\/index.php\/wp-json\/wp\/v2\/media?parent=749553"}],"wp:term":[{"taxonomy":"product_brand","embeddable":true,"href":"https:\/\/roveyayinevi.com.tr\/index.php\/wp-json\/wp\/v2\/product_brand?post=749553"},{"taxonomy":"product_cat","embeddable":true,"href":"https:\/\/roveyayinevi.com.tr\/index.php\/wp-json\/wp\/v2\/product_cat?post=749553"},{"taxonomy":"product_tag","embeddable":true,"href":"https:\/\/roveyayinevi.com.tr\/index.php\/wp-json\/wp\/v2\/product_tag?post=749553"}],"curies":[{"name":"wp","href":"https:\/\/api.w.org\/{rel}","templated":true}]}}