{"id":749551,"date":"2025-08-28T03:58:48","date_gmt":"2025-08-28T00:58:48","guid":{"rendered":"https:\/\/roveyayinevi.com.tr\/index.php\/urun\/ayasli-ile-kiracilari-9\/"},"modified":"2026-04-16T03:03:05","modified_gmt":"2026-04-16T00:03:05","slug":"ayasli-ile-kiracilari-9","status":"publish","type":"product","link":"https:\/\/roveyayinevi.com.tr\/index.php\/urun\/ayasli-ile-kiracilari-9\/","title":{"rendered":"Aya\u015fl\u0131 ile Kirac\u0131lar\u0131"},"content":{"rendered":"<p>Benim \u201cAya\u015fl\u0131\u201d ise bug\u00fcnk\u00fc cemiyetimizin \u015fiddetli bir tenkididir. Ah! Ne olurdu, \u015funu daha bir y\u0131l yazsayd\u0131m.  Memduh \u015eevket Esendal   Aya\u015fl\u0131 ile Kirac\u0131lar\u0131 roman\u0131, dokuz odal\u0131 bir apartman kat\u0131ndan s\u0131zan insanl\u0131k h\u00e2llerine odaklan\u0131yor. Memduh \u015eevket\u2019in 1934\u2019te Vakit gazetesinde tefrika edilen bu roman\u0131, farkl\u0131 meslek gruplar\u0131 ve k\u00fclt\u00fcrlerden gelen insanlar\u0131n, sadece insanlar\u0131n de\u011fil, ge\u00e7mi\u015f ya\u015fant\u0131lar\u0131n, d\u00f6n\u00fc\u015fen hayatlar\u0131n da kar\u015f\u0131la\u015fmas\u0131na imk\u00e2n veriyor. Dokuz odal\u0131 bu b\u00fcy\u00fck \u201cev\u201d, bir araya gelmesi m\u00fcmk\u00fcn olmayan insanlar\u0131n ve deneyimlerin kar\u015f\u0131la\u015fma mek\u00e2n\u0131 olarak anlam kazan\u0131rken insanl\u0131k h\u00e2llerinin \u00e7e\u015fitli cephelerini resmederek ayn\u0131 zamanda erken Cumhuriyet d\u00f6neminin toplumsal bir panoramas\u0131n\u0131 da \u00e7iziyor. Odalar\u0131n ve bireylerin hik\u00e2yesi Osmanl\u0131\u2019dan Cumhuriyet\u2019e uzanan d\u00f6n\u00fc\u015f\u00fcmlerin de izlekleriyle zenginle\u015ftiriliyor. Memduh \u015eevket, evden ziyade tekinsiz ve ge\u00e7ici bir mek\u00e2n olarak \u00e7izilen apartmandaki insanlar\u0131n hik\u00e2yelerini anlat\u0131rken ger\u00e7eklikle olan ba\u011f\u0131n\u0131 hi\u00e7 yitirmiyor. <\/p>\n","protected":false},"excerpt":{"rendered":"<p>Benim \u201cAya\u015fl\u0131\u201d ise bug\u00fcnk\u00fc cemiyetimizin \u015fiddetli bir tenkididir. Ah! Ne olurdu, \u015funu daha bir y\u0131l yazsayd\u0131m. Memduh \u015eevket Esendal Aya\u015fl\u0131 ile Kirac\u0131lar\u0131 roman\u0131, dokuz odal\u0131 bir<span class=\"excerpt-hellip\"> [\u2026]<\/span><\/p>\n","protected":false},"featured_media":0,"template":"","meta":{"_monsterinsights_skip_tracking":false,"_monsterinsights_sitenote_active":false,"_monsterinsights_sitenote_note":"","_monsterinsights_sitenote_category":0},"product_brand":[],"product_cat":[12291,12711],"product_tag":[],"class_list":{"0":"post-749551","1":"product","2":"type-product","3":"status-publish","5":"product_cat-edebiyat","6":"product_cat-roman-oyku","7":"pa_cilt-ciltsiz","8":"pa_tur-kitap","9":"pa_yayinevi-vakifbank-kultur-yayinlari","10":"pa_yazar-memduh-sevket-esendal","12":"first","13":"instock","14":"sale","15":"shipping-taxable","16":"purchasable","17":"product-type-simple"},"_links":{"self":[{"href":"https:\/\/roveyayinevi.com.tr\/index.php\/wp-json\/wp\/v2\/product\/749551","targetHints":{"allow":["GET"]}}],"collection":[{"href":"https:\/\/roveyayinevi.com.tr\/index.php\/wp-json\/wp\/v2\/product"}],"about":[{"href":"https:\/\/roveyayinevi.com.tr\/index.php\/wp-json\/wp\/v2\/types\/product"}],"wp:attachment":[{"href":"https:\/\/roveyayinevi.com.tr\/index.php\/wp-json\/wp\/v2\/media?parent=749551"}],"wp:term":[{"taxonomy":"product_brand","embeddable":true,"href":"https:\/\/roveyayinevi.com.tr\/index.php\/wp-json\/wp\/v2\/product_brand?post=749551"},{"taxonomy":"product_cat","embeddable":true,"href":"https:\/\/roveyayinevi.com.tr\/index.php\/wp-json\/wp\/v2\/product_cat?post=749551"},{"taxonomy":"product_tag","embeddable":true,"href":"https:\/\/roveyayinevi.com.tr\/index.php\/wp-json\/wp\/v2\/product_tag?post=749551"}],"curies":[{"name":"wp","href":"https:\/\/api.w.org\/{rel}","templated":true}]}}