{"id":749550,"date":"2025-08-28T03:58:46","date_gmt":"2025-08-28T00:58:46","guid":{"rendered":"https:\/\/roveyayinevi.com.tr\/index.php\/urun\/harry-potter-filmlerinden-resmi-boyama-kitabi-hufflepuff-ozel-baskisi\/"},"modified":"2026-04-13T03:08:39","modified_gmt":"2026-04-13T00:08:39","slug":"harry-potter-filmlerinden-resmi-boyama-kitabi-hufflepuff-ozel-baskisi","status":"publish","type":"product","link":"https:\/\/roveyayinevi.com.tr\/index.php\/urun\/harry-potter-filmlerinden-resmi-boyama-kitabi-hufflepuff-ozel-baskisi\/","title":{"rendered":"Harry Potter Filmlerinden Resmi Boyama Kitab\u0131 \u2013 Hufflepuff \u00d6zel Bask\u0131s\u0131"},"content":{"rendered":"<p>Reng\u00e2renk kalemlerinizi haz\u0131rlay\u0131n, b\u00fcy\u00fcc\u00fcler d\u00fcnyas\u0131n\u0131 boyama zaman\u0131 geldi! Harry Potter filmlerinden \u201cHufflepuff\u201d binas\u0131 temal\u0131 sihirli yerler, \u00e7ok \u00f6zel nesneler ve karakterlerin ayr\u0131nt\u0131l\u0131 ill\u00fcstrasyonlar\u0131n\u0131 boyayarak binan\u0131zla nas\u0131l gurur duydu\u011funuzu g\u00f6sterin. Se\u00e7me T\u00f6reni, Quidditch ma\u00e7lar\u0131, Noel Balosu, s\u0131n\u0131flar gibi \u201cHufflepuff\u201d binas\u0131na ili\u015fkin daha pek \u00e7ok \u00f6nemli \u00e2n\u0131 i\u00e7eren bu boyama kitab\u0131 ku\u015fkusuz her sad\u0131k Hufflepuff\u2019\u0131n sevece\u011fi \u00f6zel tasar\u0131mlar ve filmlerden sahnelerle dolup ta\u015f\u0131yor. <\/p>\n","protected":false},"excerpt":{"rendered":"<p>Reng\u00e2renk kalemlerinizi haz\u0131rlay\u0131n, b\u00fcy\u00fcc\u00fcler d\u00fcnyas\u0131n\u0131 boyama zaman\u0131 geldi! Harry Potter filmlerinden \u201cHufflepuff\u201d binas\u0131 temal\u0131 sihirli yerler, \u00e7ok \u00f6zel nesneler ve karakterlerin ayr\u0131nt\u0131l\u0131 ill\u00fcstrasyonlar\u0131n\u0131 boyayarak binan\u0131zla nas\u0131l<span class=\"excerpt-hellip\"> [\u2026]<\/span><\/p>\n","protected":false},"featured_media":0,"template":"","meta":{"_monsterinsights_skip_tracking":false,"_monsterinsights_sitenote_active":false,"_monsterinsights_sitenote_note":"","_monsterinsights_sitenote_category":0},"product_brand":[],"product_cat":[12644,12274],"product_tag":[],"class_list":{"0":"post-749550","1":"product","2":"type-product","3":"status-publish","5":"product_cat-boyama-kitaplari","6":"product_cat-cocuk-ve-genclik-kitaplari","7":"pa_cilt-ciltsiz","8":"pa_tur-kitap","9":"pa_yayinevi-yapi-kredi-yayinlari-ozel-basim","10":"pa_yazar-kolektif","12":"first","13":"instock","14":"sale","15":"shipping-taxable","16":"purchasable","17":"product-type-simple"},"_links":{"self":[{"href":"https:\/\/roveyayinevi.com.tr\/index.php\/wp-json\/wp\/v2\/product\/749550","targetHints":{"allow":["GET"]}}],"collection":[{"href":"https:\/\/roveyayinevi.com.tr\/index.php\/wp-json\/wp\/v2\/product"}],"about":[{"href":"https:\/\/roveyayinevi.com.tr\/index.php\/wp-json\/wp\/v2\/types\/product"}],"wp:attachment":[{"href":"https:\/\/roveyayinevi.com.tr\/index.php\/wp-json\/wp\/v2\/media?parent=749550"}],"wp:term":[{"taxonomy":"product_brand","embeddable":true,"href":"https:\/\/roveyayinevi.com.tr\/index.php\/wp-json\/wp\/v2\/product_brand?post=749550"},{"taxonomy":"product_cat","embeddable":true,"href":"https:\/\/roveyayinevi.com.tr\/index.php\/wp-json\/wp\/v2\/product_cat?post=749550"},{"taxonomy":"product_tag","embeddable":true,"href":"https:\/\/roveyayinevi.com.tr\/index.php\/wp-json\/wp\/v2\/product_tag?post=749550"}],"curies":[{"name":"wp","href":"https:\/\/api.w.org\/{rel}","templated":true}]}}